{"id":93,"date":"2014-10-10T13:49:37","date_gmt":"2014-10-10T12:49:37","guid":{"rendered":"http:\/\/anoverdetajo.es\/seguridadciudadana\/?page_id=93"},"modified":"2015-12-31T08:45:31","modified_gmt":"2015-12-31T07:45:31","slug":"educacion-y-seguridad-vial","status":"publish","type":"page","link":"http:\/\/anoverdetajo.es\/seguridadciudadana\/educacion-y-seguridad-vial\/","title":{"rendered":"Educaci\u00f3n y Seguridad Vial"},"content":{"rendered":"<p style=\"text-align: justify;\">Desde la Polic\u00eda de A\u00f1over de Tajo sabedores de la importancia que supone la Educaci\u00f3n en materia de Seguridad vial, se viene impartiendo desde el a\u00f1o 2009 en los centros escolares de A\u00f1over de Tajo, talleres y actividades relacionadas con la educaci\u00f3n vial, fomentando la adquisici\u00f3n de actitudes, valores y comportamientos viales que garanticen la seguridad de nuestros menores.<\/p>\n<p style=\"text-align: justify;\"><span style=\"color: #ffffff;\">|<\/span><\/p>\n<p style=\"text-align: justify;\"><img loading=\"lazy\" class=\"aligncenter wp-image-94 size-full\" src=\"http:\/\/anoverdetajo.es\/seguridadciudadana\/wp-content\/uploads\/2014\/10\/seguridad1.jpg\" alt=\"\" width=\"562\" height=\"205\" srcset=\"http:\/\/anoverdetajo.es\/seguridadciudadana\/wp-content\/uploads\/2014\/10\/seguridad1.jpg 562w, http:\/\/anoverdetajo.es\/seguridadciudadana\/wp-content\/uploads\/2014\/10\/seguridad1-300x109.jpg 300w\" sizes=\"(max-width: 562px) 100vw, 562px\" \/><\/p>\n<p style=\"text-align: justify;\"><span style=\"color: #ffffff;\">|<\/span><\/p>\n<p style=\"text-align: justify;\">Dentro de esta Polic\u00eda nos hemos marcado como objetivo hacer llegar a nuestros menores, una ense\u00f1anza \u00fatil y de calidad en los talleres de Educaci\u00f3n Vial, sabedores de la importancia sobre la comprensi\u00f3n de las normas y se\u00f1ales viarias de nuestro municipio, as\u00ed como, la identificaci\u00f3n de los principales problemas y peligros que nos podemos encontrar como peatones o conductores y que debemos hacer ante estos.<\/p>\n<p style=\"text-align: justify;\"><span style=\"color: #ffffff;\">|<\/span><\/p>\n<p style=\"text-align: justify;\"><img loading=\"lazy\" class=\"aligncenter wp-image-95 size-full\" src=\"http:\/\/anoverdetajo.es\/seguridadciudadana\/wp-content\/uploads\/2014\/10\/seguridad2.jpg\" alt=\"seguridad2\" width=\"580\" height=\"218\" srcset=\"http:\/\/anoverdetajo.es\/seguridadciudadana\/wp-content\/uploads\/2014\/10\/seguridad2.jpg 580w, http:\/\/anoverdetajo.es\/seguridadciudadana\/wp-content\/uploads\/2014\/10\/seguridad2-300x112.jpg 300w\" sizes=\"(max-width: 580px) 100vw, 580px\" \/><\/p>\n<h3 style=\"text-align: left;\"><span style=\"color: #ffffff;\">\u00a0|<\/span><\/h3>\n<h3 style=\"text-align: left;\"><span style=\"text-decoration: underline;\"><em><strong>Recursos empleados sobre Educaci\u00f3n Vial<\/strong><\/em><\/span><\/h3>\n<p style=\"text-align: center;\"><a href=\"http:\/\/anoverdetajo.es\/seguridadciudadana\/wp-content\/uploads\/2014\/10\/imagenpowerpoint.jpg\"><img loading=\"lazy\" class=\"wp-image-144 size-full alignleft\" src=\"http:\/\/anoverdetajo.es\/seguridadciudadana\/wp-content\/uploads\/2014\/10\/imagenpowerpoint.jpg\" alt=\"\" width=\"561\" height=\"203\" srcset=\"http:\/\/anoverdetajo.es\/seguridadciudadana\/wp-content\/uploads\/2014\/10\/imagenpowerpoint.jpg 561w, http:\/\/anoverdetajo.es\/seguridadciudadana\/wp-content\/uploads\/2014\/10\/imagenpowerpoint-300x108.jpg 300w\" sizes=\"(max-width: 561px) 100vw, 561px\" \/><\/a><\/p>\n<p>&nbsp;<\/p>\n<h3 style=\"text-align: left;\">\u00a0<span style=\"color: #ffffff;\">|<\/span><\/h3>\n<h3 style=\"text-align: left;\"><\/h3>\n<h3 style=\"text-align: left;\"><\/h3>\n<h3 style=\"text-align: left;\"><\/h3>\n<h3 style=\"text-align: left;\"><\/h3>\n<h3 style=\"text-align: left;\"><\/h3>\n<p>&nbsp;<\/p>\n<h3 style=\"text-align: left;\"><span style=\"text-decoration: underline;\"><em><strong>Recursos did\u00e1cticos sobre Educaci\u00f3n Vial<\/strong><\/em><\/span><\/h3>\n<p style=\"text-align: center;\"><a href=\"http:\/\/www.dgt.es\/es\/seguridad-vial\/educacion-vial\/recursos-didacticos\/infancia\/la-aventura-de-katia.shtml\" target=\"_blank\"><img loading=\"lazy\" class=\"alignleft wp-image-133\" title=\"Leer m\u00e1s\" src=\"http:\/\/anoverdetajo.es\/seguridadciudadana\/wp-content\/uploads\/2014\/10\/katia-300x211.jpg\" alt=\"\" width=\"203\" height=\"143\" srcset=\"http:\/\/anoverdetajo.es\/seguridadciudadana\/wp-content\/uploads\/2014\/10\/katia-300x211.jpg 300w, http:\/\/anoverdetajo.es\/seguridadciudadana\/wp-content\/uploads\/2014\/10\/katia.jpg 842w\" sizes=\"(max-width: 203px) 100vw, 203px\" \/><\/a><\/p>\n<p style=\"text-align: center;\"><a href=\"http:\/\/www.aprendeeducacionvial.es\/\" target=\"_blank\"><img loading=\"lazy\" class=\"alignleft wp-image-134\" title=\"Leer m\u00e1s\" src=\"http:\/\/anoverdetajo.es\/seguridadciudadana\/wp-content\/uploads\/2014\/10\/didacticos-300x211.jpg\" alt=\"\" width=\"203\" height=\"143\" srcset=\"http:\/\/anoverdetajo.es\/seguridadciudadana\/wp-content\/uploads\/2014\/10\/didacticos-300x211.jpg 300w, http:\/\/anoverdetajo.es\/seguridadciudadana\/wp-content\/uploads\/2014\/10\/didacticos.jpg 842w\" sizes=\"(max-width: 203px) 100vw, 203px\" \/><\/a><\/p>\n<p style=\"text-align: center;\"><a href=\"http:\/\/www.dgt.es\/Galerias\/seguridad-vial\/educacion-vial\/recursos-didacticos\/infancia\/2015\/Sistemas-de-Retencion-Infantil-DGT.pdf\" target=\"_blank\"><img loading=\"lazy\" class=\"alignleft wp-image-135\" title=\"Leer m\u00e1s\" src=\"http:\/\/anoverdetajo.es\/seguridadciudadana\/wp-content\/uploads\/2014\/10\/retencion-300x211.jpg\" alt=\"\" width=\"203\" height=\"143\" srcset=\"http:\/\/anoverdetajo.es\/seguridadciudadana\/wp-content\/uploads\/2014\/10\/retencion-300x211.jpg 300w, http:\/\/anoverdetajo.es\/seguridadciudadana\/wp-content\/uploads\/2014\/10\/retencion.jpg 842w\" sizes=\"(max-width: 203px) 100vw, 203px\" \/><\/a><\/p>\n<p style=\"text-align: center;\"><a href=\"http:\/\/www.dgt.es\/es\/seguridad-vial\/educacion-vial\/recursos-didacticos\/infancia\/consejos-para-padres.shtml\" target=\"_blank\"><img loading=\"lazy\" class=\"alignleft wp-image-136\" title=\"Leer m\u00e1s\" src=\"http:\/\/anoverdetajo.es\/seguridadciudadana\/wp-content\/uploads\/2014\/10\/consejos_padres-300x211.jpg\" alt=\"\" width=\"203\" height=\"143\" srcset=\"http:\/\/anoverdetajo.es\/seguridadciudadana\/wp-content\/uploads\/2014\/10\/consejos_padres-300x211.jpg 300w, http:\/\/anoverdetajo.es\/seguridadciudadana\/wp-content\/uploads\/2014\/10\/consejos_padres.jpg 842w\" sizes=\"(max-width: 203px) 100vw, 203px\" \/><\/a><\/p>\n<p style=\"text-align: center;\"><a href=\"http:\/\/www.dgt.es\/es\/seguridad-vial\/educacion-vial\/recursos-didacticos\/infancia\/actividades-interactivas-de-e-vial-para-los-mas-pequenos.shtml\" target=\"_blank\"><img loading=\"lazy\" class=\"alignleft wp-image-137\" title=\"Leer m\u00e1s\" src=\"http:\/\/anoverdetajo.es\/seguridadciudadana\/wp-content\/uploads\/2014\/10\/educacionvial-300x211.jpg\" alt=\"\" width=\"203\" height=\"143\" srcset=\"http:\/\/anoverdetajo.es\/seguridadciudadana\/wp-content\/uploads\/2014\/10\/educacionvial-300x211.jpg 300w, http:\/\/anoverdetajo.es\/seguridadciudadana\/wp-content\/uploads\/2014\/10\/educacionvial.jpg 842w\" sizes=\"(max-width: 203px) 100vw, 203px\" \/><\/a><\/p>\n","protected":false},"excerpt":{"rendered":"<p>Desde la Polic\u00eda de A\u00f1over de Tajo sabedores de la importancia que supone la Educaci\u00f3n en materia de Seguridad vial, se viene impartiendo desde el a\u00f1o 2009 en los centros escolares de A\u00f1over de Tajo, talleres y actividades relacionadas con la educaci\u00f3n vial, fomentando la adquisici\u00f3n de actitudes, valores y comportamientos viales que garanticen la<\/p>\n","protected":false},"author":1,"featured_media":0,"parent":0,"menu_order":0,"comment_status":"closed","ping_status":"closed","template":"","meta":[],"_links":{"self":[{"href":"http:\/\/anoverdetajo.es\/seguridadciudadana\/wp-json\/wp\/v2\/pages\/93"}],"collection":[{"href":"http:\/\/anoverdetajo.es\/seguridadciudadana\/wp-json\/wp\/v2\/pages"}],"about":[{"href":"http:\/\/anoverdetajo.es\/seguridadciudadana\/wp-json\/wp\/v2\/types\/page"}],"author":[{"embeddable":true,"href":"http:\/\/anoverdetajo.es\/seguridadciudadana\/wp-json\/wp\/v2\/users\/1"}],"replies":[{"embeddable":true,"href":"http:\/\/anoverdetajo.es\/seguridadciudadana\/wp-json\/wp\/v2\/comments?post=93"}],"version-history":[{"count":1,"href":"http:\/\/anoverdetajo.es\/seguridadciudadana\/wp-json\/wp\/v2\/pages\/93\/revisions"}],"predecessor-version":[{"id":319,"href":"http:\/\/anoverdetajo.es\/seguridadciudadana\/wp-json\/wp\/v2\/pages\/93\/revisions\/319"}],"wp:attachment":[{"href":"http:\/\/anoverdetajo.es\/seguridadciudadana\/wp-json\/wp\/v2\/media?parent=93"}],"curies":[{"name":"wp","href":"https:\/\/api.w.org\/{rel}","templated":true}]}}