{"id":89,"date":"2014-10-10T13:01:30","date_gmt":"2014-10-10T12:01:30","guid":{"rendered":"http:\/\/anoverdetajo.es\/seguridadciudadana\/?page_id=89"},"modified":"2015-12-03T19:41:16","modified_gmt":"2015-12-03T18:41:16","slug":"obtencion-licencia-armas-4a-categoria","status":"publish","type":"page","link":"http:\/\/anoverdetajo.es\/seguridadciudadana\/obtencion-licencia-armas-4a-categoria\/","title":{"rendered":"Obtenci\u00f3n Licencia Armas 4\u00aa Categor\u00eda"},"content":{"rendered":"<p><strong>\u00bfQui\u00e9n lo puede solicitar?<\/strong><\/p>\n<p>Persona f\u00edsica.<\/p>\n<p><strong>Documentaci\u00f3n a aportar<\/strong><\/p>\n<ul>\n<li>Solicitud de Licencia de Armas de 4\u00aa categor\u00eda.\n<ul>\n<li>Impreso de solicitud.<\/li>\n<li>Por correo electr\u00f3nico: impreso de la solicitud escaneado a seguridadciudadana@anoverdetajo.es<\/li>\n<\/ul>\n<\/li>\n<li>Fotocopia compulsada del DNI del solicitante.<\/li>\n<li>Certificado de aptitudes psicof\u00edsicas.<\/li>\n<li>Certificado de antecedentes penales.<\/li>\n<\/ul>\n<p><strong>Menores<\/strong>. Mayores de 14 a\u00f1os. Validez hasta los 18 a\u00f1os.<\/p>\n<ul>\n<li>Autorizaci\u00f3n de quien ostente la patria potestad o tutela.<\/li>\n<li>Fotocopia del DNI, pasaporte o Tarjeta de Residencia.<\/li>\n<li>Certificado de antecedentes penales, de quien tenga la patria potestad o tutela.<\/li>\n<li>Fotocopia compulsada del documento que acredite la adquisici\u00f3n del arma (factura, contrato de compraventa, donaci\u00f3n, etc.)<\/li>\n<li>Fotocopia del DNI del vendedor o anterior propietario en caso de venta, donaci\u00f3n, etc.<\/li>\n<li>Fotograf\u00edas del arma en las cuales figuren las caracter\u00edsticas particlares de esta (n\u00ba de identificaci\u00f3n, marca, modelo, etc.)<\/li>\n<\/ul>\n<p><strong>Personal en activo de las Fuerzas y Cuerpos de Seguridad<\/strong><\/p>\n<ul>\n<li>Quedar\u00e1n exentos de presentar los Certificados de antecedentes penales y actitudes psicof\u00edsicas, el personal perteneciente a los Cuerpos y Fuerzas de Seguridad, siempre y cuando se aporte certificaci\u00f3n de la autoridad competente en el cuerpo correspondiente en el que se preste servicio, donde conste que el interesado se encuentra en situaci\u00f3n activa y sin ning\u00fan tipo de restricci\u00f3n o limitaci\u00f3n en cuanto a la tenencia y uso de armas.<\/li>\n<\/ul>\n<p><strong>Documentaci\u00f3n exigida en otras fases del procedimiento<\/strong><\/p>\n<ul>\n<li><strong>Renovaci\u00f3n<\/strong>:\n<ul>\n<li>Fotocopia del DNI, Pasaporte o Tarjeta de Residencia.<\/li>\n<li>Certificado de aptitudes psicof\u00edsicas.<\/li>\n<li>Certificado de antecedentes penales.<\/li>\n<li>Fotocopia de la tarjeta anterior.<\/li>\n<\/ul>\n<\/li>\n<li><strong>Baja:<\/strong>\n<ul>\n<li>El interesado ha de devolver la autorizaci\u00f3n.<\/li>\n<\/ul>\n<\/li>\n<\/ul>\n<p><strong>\u00bfD\u00f3nde solicitarlo?<\/strong><\/p>\n<p>Secci\u00f3n Administraci\u00f3n de Polic\u00eda Local de A\u00f1over de Tajo.<\/p>\n<p>Plaza de Espa\u00f1a, 12 (Jefatura de Polic\u00eda Local)<\/p>\n<p>Edificio de la Polic\u00eda Local<\/p>\n<p>Tel.: 629 932 444 &#8211; Fax 925 50 62 79<\/p>\n<p>Correo electr\u00f3nico: seguridadciudadana@anoverdetajo.es<\/p>\n<p><strong>Plazo de tramitaci\u00f3n<\/strong><\/p>\n<p>El plazo de tramitaci\u00f3n es de tres meses.<\/p>\n<p><strong>Normativa<\/strong><\/p>\n<ul>\n<li>RD 137\/93, de 29 de enero, por el cual se aprueba el Reglamento de armas (Art. 3 y 105). Ley 30\/92 de r\u00e9gimen jur\u00eddico de las administraciones p\u00fablicas y del procedimiento administrativo com\u00fan (Art. 42.2 y 43.3)<\/li>\n<\/ul>\n<p><strong>Forma de iniciaci\u00f3n<\/strong><\/p>\n<p>A petici\u00f3n del interesado.<\/p>\n<p><strong>Requisitos<\/strong><\/p>\n<p>Encontrarse empadronado en A\u00f1over de Tajo.<\/p>\n<p><strong>Observaciones<\/strong><\/p>\n<p><strong>\u00bfD\u00f3nde se ha de solicitar? <\/strong>En Secci\u00f3n Administraci\u00f3n de Polic\u00eda Local de A\u00f1over de Tajo.<\/p>\n<p><strong>\u00bfPara cu\u00e1ntas armas puedo tener licencia y por qu\u00e9 periodo? <\/strong>Para armas de la categor\u00eda 4\u00aa.1\u00aa (semiautom\u00e1ticas y de repetici\u00f3n) se pueden otorgar hasta 6 armas por un periodo de 5 a\u00f1os y para la de tipo 4\u00aa.2\u00aa (de un solo tiro) se pueden autorizar un n\u00famero ilimitado por un periodo de 5 a\u00f1os. Cuando el n\u00famero de armas en propiedad exceda de seis armas de la categor\u00eda 4\u00aa.2\u00aa, el interesado podr\u00e1 ser titular de m\u00e1s de una tarjeta tipo B.<\/p>\n<p><strong>\u00bfD\u00f3nde se ha de retirar la licencia?<\/strong> En la Secci\u00f3n Administraci\u00f3n de Polic\u00eda Local de A\u00f1over de Tajo.<\/p>\n<p><span style=\"text-decoration: underline;\"><strong><em>Descarga de documentos:<\/em><\/strong><\/span><\/p>\n<ul>\n<li><a title=\"Iniciar descarga\" href=\"http:\/\/anoverdetajo.es\/seguridadciudadana\/wp-content\/uploads\/downloads\/2014\/11\/SOLICITUD-LICENCIA-DE-ARMAS-DE-4%C2%AA-CATEGORIA.pdf\" target=\"_blank\">Solicitud de Licencia de Armas de 4\u00aa categor\u00eda<\/a><\/li>\n<\/ul>\n<p>&nbsp;<\/p>\n","protected":false},"excerpt":{"rendered":"<p>\u00bfQui\u00e9n lo puede solicitar? Persona f\u00edsica. Documentaci\u00f3n a aportar Solicitud de Licencia de Armas de 4\u00aa categor\u00eda. Impreso de solicitud. Por correo electr\u00f3nico: impreso de la solicitud escaneado a seguridadciudadana@anoverdetajo.es Fotocopia compulsada del DNI del solicitante. Certificado de aptitudes psicof\u00edsicas. Certificado de antecedentes penales. Menores. Mayores de 14 a\u00f1os. Validez hasta los 18 a\u00f1os. Autorizaci\u00f3n<\/p>\n","protected":false},"author":1,"featured_media":0,"parent":0,"menu_order":0,"comment_status":"closed","ping_status":"closed","template":"","meta":[],"_links":{"self":[{"href":"http:\/\/anoverdetajo.es\/seguridadciudadana\/wp-json\/wp\/v2\/pages\/89"}],"collection":[{"href":"http:\/\/anoverdetajo.es\/seguridadciudadana\/wp-json\/wp\/v2\/pages"}],"about":[{"href":"http:\/\/anoverdetajo.es\/seguridadciudadana\/wp-json\/wp\/v2\/types\/page"}],"author":[{"embeddable":true,"href":"http:\/\/anoverdetajo.es\/seguridadciudadana\/wp-json\/wp\/v2\/users\/1"}],"replies":[{"embeddable":true,"href":"http:\/\/anoverdetajo.es\/seguridadciudadana\/wp-json\/wp\/v2\/comments?post=89"}],"version-history":[{"count":0,"href":"http:\/\/anoverdetajo.es\/seguridadciudadana\/wp-json\/wp\/v2\/pages\/89\/revisions"}],"wp:attachment":[{"href":"http:\/\/anoverdetajo.es\/seguridadciudadana\/wp-json\/wp\/v2\/media?parent=89"}],"curies":[{"name":"wp","href":"https:\/\/api.w.org\/{rel}","templated":true}]}}