{"id":85,"date":"2014-10-10T12:33:53","date_gmt":"2014-10-10T11:33:53","guid":{"rendered":"http:\/\/anoverdetajo.es\/seguridadciudadana\/?page_id=85"},"modified":"2016-01-07T12:36:29","modified_gmt":"2016-01-07T11:36:29","slug":"licencia-de-venta-ambulante","status":"publish","type":"page","link":"http:\/\/anoverdetajo.es\/seguridadciudadana\/licencia-de-venta-ambulante\/","title":{"rendered":"Licencia de Venta Ambulante"},"content":{"rendered":"<p><strong>\u00bfQui\u00e9n lo puede solicitar?<\/strong><\/p>\n<ul>\n<li>Personas f\u00edsicas o jur\u00eddicas.<\/li>\n<\/ul>\n<p><strong>Documentaci\u00f3n a aportar<\/strong><\/p>\n<ul>\n<li>DNI, NIF, NIE, pasaporte, permiso de residencia.<\/li>\n<li>Justificante de Pago.<\/li>\n<li>Recibo y p\u00f3liza del seguro de responsabilidad civil.<\/li>\n<li>Declaraci\u00f3n censal del alta censal IAE (Modelo 36)<\/li>\n<li>Trabajadores\/as extranjeros\/as aportar permisos de residencia y trabajo que en cada caso sean exigidos.<\/li>\n<li>Haber satisfecho las exacciones fiscales que resulten exigibles por la concesi\u00f3n de la licencia y el ejercicio de la actividad.<\/li>\n<li>En su caso relaci\u00f3n de parentesco del familiar que colaboran en el desarrollo de la venta con el titular de la licencia.<\/li>\n<li>Fotocopia del carnet de manipulador de alimentos.<\/li>\n<\/ul>\n<p><strong>\u00bfD\u00f3nde solicitarlo?<\/strong><\/p>\n<p>Secci\u00f3n Administraci\u00f3n de Polic\u00eda Local de A\u00f1over de Tajo.<\/p>\n<p>Plaza de Espa\u00f1a, 12 (Jefatura de la Polic\u00eda Local)<\/p>\n<p>Edificio de la Polic\u00eda Local<\/p>\n<p>Tel.: 629 932 444 &#8211; Fax: 925 50 62 79<\/p>\n<p>Correo electr\u00f3nico: seguridadciudadana@anoverdetajo.es<\/p>\n<p><strong>Forma de iniciaci\u00f3n<\/strong><\/p>\n<p>A petici\u00f3n del interesado.<\/p>\n<p><strong>Plazo<\/strong><\/p>\n<p>Siendo el <strong>plazo m\u00e1ximo<\/strong> legal para su <strong>contestaci\u00f3n de 3 (tres) meses<\/strong>.<\/p>\n<p><strong>Importe<\/strong><\/p>\n<p>El Servicio de Gesti\u00f3n Tributaria del Ayuntamiento de A\u00f1over de Tajo, proceder\u00e1 al cobro de la tasa por el ejercicio de venta sobre las modalidades de venta fuera de un establecimiento comercial permanente.<\/p>\n<p><strong>Normativa<\/strong><\/p>\n<ul>\n<li>Ordenana Reguladora de las modalidades de venta fuera de un establecimiento comercial permanente aprobada el d\u00eda 25 de Febrero de 1994.<\/li>\n<\/ul>\n<p><strong>Observaciones<\/strong><\/p>\n<p>Los requisitos para que la licencia sea concedida son los siguientes:<\/p>\n<ul>\n<li>Rellenar la declaraci\u00f3n de responsable sobre instalaci\u00f3n de puestos en el mercadillo, donde se deber\u00e1 cumplimentar todos los campos, al ser obligatorios, que se detallan en la misma, en la que deber\u00e1 constar lo siguiente.\n<ul>\n<li>Productos que se comercializar\u00e1n en el puesto.<\/li>\n<li>N\u00famero de cuenta bancaria, para que los pagos sean domiciliados, de lo contrario el Excmo. Ayuntamiento se guarda el derecho a no prorrogar el permiso de instalaci\u00f3n del puesto.<\/li>\n<li>Metros solicitados para el puesto correspondiente.<\/li>\n<li>2 fotograf\u00edas tama\u00f1o carnet de la persona titular (solamente nueva concesi\u00f3n).<\/li>\n<li>Fotocopia del DNI<\/li>\n<\/ul>\n<\/li>\n<li>Junto con la instacia anteriormente citada, de acuerdo con la Ley 2\/2010, de Comercio de Castilla-La Mancha, se deber\u00e1 adjuntar la siguiente documentaci\u00f3n:\n<ul>\n<li>Justificante de estar al corriente de pago en la Seguridad Social.<\/li>\n<li>Copia del carnet de manipulador de alimentos, en caso necesario.<\/li>\n<li>Seguro obligatorio de responsabilidad civil.<\/li>\n<li>Disponer de permiso de residencia y trabajo, en el caso de extranjeros, conforme a la legislaci\u00f3n vigente.<\/li>\n<li>Estar dando de alta en el ep\u00edgrafe correspondiente del Impuesto de Actividades Econ\u00f3mica y encontrarse al corriente de pago de las correspondientes tarifas.<\/li>\n<\/ul>\n<\/li>\n<li>Para cualquier duda o consulta no dude en llamar a los tel\u00e9fonos 925 506 955 &#8211; 629 932 444, ser\u00e1 de nuestro agrado informarle en lo que UD., tenga a bien.<\/li>\n<\/ul>\n<p style=\"text-align: center;\"><span style=\"text-decoration: underline;\"><strong>Ejercicio de la actividad comercial<\/strong><\/span><\/p>\n<ul>\n<li style=\"text-align: left;\">Las personas f\u00edsicas o jur\u00eddicas titulares de la autorizaci\u00f3n municipal, en el ejercicio de su actividad comercial, deber\u00e1n cumplir los siguientes requisitos:\n<ul>\n<li style=\"text-align: left;\"><strong>a)<\/strong> Cumplir con la condiciones exigidas en la normativa reguladora de los productos objeto de comercio, en especial de aqu\u00e9llos destinados a alimentaci\u00f3n.<\/li>\n<li style=\"text-align: left;\"><strong>b)<\/strong> Tener expuesto al p\u00fablico, en lugar visible, la placa identificativa, el cartel publicitario de la disponibilidad de las hojas de reclamaciones y los precios de venta de las mercanc\u00edas.<\/li>\n<li style=\"text-align: left;\"><strong>c)<\/strong> Tener disponible al p\u00fablico hojas de reclamaciones.<\/li>\n<li style=\"text-align: left;\"><strong>d)<\/strong> Tener a disposici\u00f3n de la autoridad competente las facturas y comprobantes de compra de los productos objeto de comercio.<\/li>\n<\/ul>\n<\/li>\n<li>No se podr\u00e1n vender alimentos por quien carezca de carn\u00e9 de manipulador de alimentos.<\/li>\n<li>La delimitaci\u00f3n de los per\u00edmetros de los mercadillos se realizar\u00e1 por este Ayuntamiento. No obstante, no podr\u00e1 autoriarse la venta ambulante en instalaciones fijas no desmontables, ni en calles peatonales comerciales, ni en aquellos lugares en que cause perjucio al comercio establecido, en particular, no podr\u00e1 autorizarse la venta ambulante en el acceso a los establecimientos comerciales, junto a sus escaparates, o en acceso a edificios p\u00fablicos.<\/li>\n<li>Para el ejercicio de la venta ambulante ser\u00e1 necesario el uso de instalaciones desmontables, transportables o m\u00f3viles o en camiones o furgonetas debidamente acondicionadas. Queda prohibida la exposici\u00f3n de la mercanc\u00eda, directamente sobre el suelo.<\/li>\n<\/ul>\n<p style=\"padding-left: 30px;\">Estas instalaciones o veh\u00edculos no podr\u00e1n situarse en acceso a edificios de uso p\u00fablico, establecimientos comerciales o industriales, ni delante de sus escaparates y exposiciones, ni en lugares que dificulte tales accesos y la circulaci\u00f3n peatonal.<\/p>\n<ul>\n<li>Queda terminantemente prohibido el uso de aparatos de megafon\u00eda para anunciar la venta de productos en el mercadillo.<\/li>\n<li>En todos los art\u00edculos que se expongan al p\u00fablico para su venta se informar\u00e1 de manera clara y visible su precio de venta al p\u00fablico (PVP). El precio se referir\u00e1 a la unidad del producto vendido (bolsa, caja, lata, etc&#8230;).<\/li>\n<\/ul>\n<p style=\"padding-left: 30px;\">En la venta a granel se referir\u00e1 al kilo, litro o metro.<\/p>\n<p style=\"padding-left: 30px;\">Los vendedores que expendan art\u00edculos de peso a medida deber\u00e1n de disponer de cuantos instrumentos sean necesarios para pesar o medir los productos.<\/p>\n<ul>\n<li>La pr\u00e1ctica de la venta ambulante en el t\u00e9rmino municipal de A\u00f1over de Tajo, requerir\u00e1 la autorizaci\u00f3n expresa del Ayuntamiento, Licencia Municipal, para lo cual el comerciante o vendedor deber\u00e1 cumplir los siguientes requisitos:\n<ul>\n<li>Estar dado de alta en el ep\u00edgrafe correspondiente del Impuesto de Actividades Econ\u00f3micas y encontrarse al corriente de pago de las correspondientes tarifas.<\/li>\n<li>Estar al corriente de pago de las cotizaciones a la Seguridad Social.<\/li>\n<li>Estar en posesi\u00f3n del carnet manipulador de alimentos en su caso.<\/li>\n<li>Reunir las condiciones y requisitos exigidos por la normativa concreta del producto o productos objeto de suministro.<\/li>\n<li>Satisfacer las tasas y tributos fijados en la Ordenanza Fiscal correspondiente.<\/li>\n<li>De la documentaci\u00f3n correspondiente deber\u00e1 presentarse original y fotocopia, as\u00ed como fotocopia del Documento Nacional de Identidad.<\/li>\n<li>Las autorizaciones tendr\u00e1n car\u00e1cter discrecional y en consecuencia podr\u00e1n ser revocadas por el Ayuntamiento cuando lo considere conveniente, en atenci\u00f3n a la desaparici\u00f3n de las circunstancias que la motivaron o cuando lo exija el inter\u00e9s p\u00fablico.<\/li>\n<li>Tambi\u00e9n ser\u00e1n revocadas cuando en relaci\u00f3n con el cumplimiento de la Ley 2\/2010, de Comercio de Castilla-La Mancha, se cometan infracciones graves o muy graves, tipificadas en la misma y en el Real Decreto 1945\/83, de 22 de junio, sobre infracciones y sanciones en materia de defensa del consumidor y de la producci\u00f3n agroalimentaria, no dando derecho en ning\u00fan caso a indemnizaciones ni a compensaci\u00f3n alguna.<\/li>\n<\/ul>\n<\/li>\n<li>No se conceder\u00e1 m\u00e1s de una licencia a nombre de una misma persona f\u00edsica o jur\u00eddica. En caso de cooperativas de venta la licencia se conceder\u00e1 a la persona f\u00edsica asociada a la misma (vendedor titular).<\/li>\n<li>Las licencias o autorizaciones ser\u00e1n personales e intransferibles.<\/li>\n<\/ul>\n<p style=\"padding-left: 30px;\">Esta autorizaci\u00f3n deber\u00e1 tenerla en su poder el titular, siempre que efect\u00fae la venta en la localidad, a disposici\u00f3n de cualquier inspecci\u00f3n municipal que la requiera.<\/p>\n<p style=\"padding-left: 30px;\">Las licencias ser\u00e1n personales e intransferibles pero podr\u00e1 desarrollarse la venta por los familiares directos del titular de la misma o por dependientes dados de alta en el r\u00e9gimen correspondiente de la Seguridad Social.<\/p>\n<p style=\"padding-left: 30px;\">En las dependencias de la Polic\u00eda Local habr\u00e1 un archivo registro que recoger\u00e1 las fichas de los titulares de las licencias municipales de vendedores ambulantes.<\/p>\n<ul>\n<li>Las autorizaciones tendr\u00e1n un per\u00edodo de vigencia no superior al a\u00f1o. Todas las licencias municipales caducar\u00e1n el 31 de diciembre.<\/li>\n<\/ul>\n<p style=\"padding-left: 30px;\">La licencia caducar\u00e1 autom\u00e1ticamente por falta de pago.<\/p>\n<ul>\n<li>Ante la ausencia de renovaci\u00f3n de cualquier tipo de autorizaci\u00f3n, se entender\u00e1 que renuncia a la misma.<\/li>\n<\/ul>\n<p style=\"text-align: center;\"><span style=\"text-decoration: underline;\"><strong>Venta en mercadillo<\/strong><\/span><\/p>\n<p style=\"text-align: left;\">1.- El d\u00eda se\u00f1alado para la realizaci\u00f3n del mercado ser\u00e1 el jueves no festivo de cada semana, ni coincidentes con Ferias y Fiestas.<\/p>\n<p style=\"text-align: left; padding-left: 30px;\"><span style=\"text-decoration: underline;\"><strong>El horario de venta al p\u00fablico ser\u00e1 de 9:00 a 14:00 horas.<\/strong><\/span><\/p>\n<p style=\"text-align: left;\">2.- Los vendedores deber\u00e1n dejar libre el recinto del mercado antes de las 15:00 horas, debiendo dejar la <strong>basura producida<\/strong>, <strong>debidamente embolsada o recogida<\/strong>.<\/p>\n<p style=\"text-align: left;\">3.- El Ayuntamiento se\u00f1alar\u00e1 parcelas o m\u00f3dulos, debiendo respetar el vendedor los metros concedidos, no sobrepasando los mismos.<\/p>\n<p style=\"text-align: left;\">4.- El titular del puesto deber\u00e1 ocupar la parcela que tiene designada. Solamente en casos excepcionales y previa comunicaci\u00f3n al funcionario encargado y aceptaci\u00f3n de \u00e9ste, podr\u00e1 cambiar de sitio.<\/p>\n<p style=\"text-align: left;\">5.- Para la renovaci\u00f3n anual y nueva adjudicaci\u00f3n de puestos en el Mercado, se tendr\u00e1 en cuenta las siguientes circunstancias con car\u00e1cter de preferencia:<\/p>\n<p style=\"text-align: left; padding-left: 30px;\">1\u00ba Tener licencia del a\u00f1o anterior.<\/p>\n<p style=\"text-align: left; padding-left: 30px;\">2\u00ba Antig\u00fcedad de la solicitud.<\/p>\n<p style=\"text-align: left;\">6.- Si un puesto permanece durante seis semanas no consecutivas o cuatro consecutivas sin ser ocupado por el titular sin causa justificada, autom\u00e1ticamente \u00e9ste perder\u00e1 la concesi\u00f3n, sin que tenga por ello derecho a indemnizaci\u00f3n de tipo alguno, pasando dicho puesto a adjudicarse a nuevo titular, si hubiese peticiones.<\/p>\n<p style=\"text-align: left;\"><strong><span style=\"text-decoration: underline;\"><em>Descarga de documentos:<\/em><\/span><\/strong><\/p>\n<ul>\n<li style=\"text-align: left;\"><a title=\"Descarga de solicitud\" href=\"http:\/\/anoverdetajo.es\/seguridadciudadana\/wp-content\/uploads\/downloads\/2014\/11\/DECLARACI%C3%93N-RESPONSABLE-PUESTOS-MERCADILLO.pdf\" target=\"_blank\">Solicitud venta ambulante en mercadillo municipal<\/a><\/li>\n<\/ul>\n<p>&nbsp;<\/p>\n","protected":false},"excerpt":{"rendered":"<p>\u00bfQui\u00e9n lo puede solicitar? Personas f\u00edsicas o jur\u00eddicas. Documentaci\u00f3n a aportar DNI, NIF, NIE, pasaporte, permiso de residencia. Justificante de Pago. Recibo y p\u00f3liza del seguro de responsabilidad civil. Declaraci\u00f3n censal del alta censal IAE (Modelo 36) Trabajadores\/as extranjeros\/as aportar permisos de residencia y trabajo que en cada caso sean exigidos. Haber satisfecho las exacciones<\/p>\n","protected":false},"author":1,"featured_media":0,"parent":0,"menu_order":0,"comment_status":"closed","ping_status":"closed","template":"","meta":[],"_links":{"self":[{"href":"http:\/\/anoverdetajo.es\/seguridadciudadana\/wp-json\/wp\/v2\/pages\/85"}],"collection":[{"href":"http:\/\/anoverdetajo.es\/seguridadciudadana\/wp-json\/wp\/v2\/pages"}],"about":[{"href":"http:\/\/anoverdetajo.es\/seguridadciudadana\/wp-json\/wp\/v2\/types\/page"}],"author":[{"embeddable":true,"href":"http:\/\/anoverdetajo.es\/seguridadciudadana\/wp-json\/wp\/v2\/users\/1"}],"replies":[{"embeddable":true,"href":"http:\/\/anoverdetajo.es\/seguridadciudadana\/wp-json\/wp\/v2\/comments?post=85"}],"version-history":[{"count":1,"href":"http:\/\/anoverdetajo.es\/seguridadciudadana\/wp-json\/wp\/v2\/pages\/85\/revisions"}],"predecessor-version":[{"id":332,"href":"http:\/\/anoverdetajo.es\/seguridadciudadana\/wp-json\/wp\/v2\/pages\/85\/revisions\/332"}],"wp:attachment":[{"href":"http:\/\/anoverdetajo.es\/seguridadciudadana\/wp-json\/wp\/v2\/media?parent=85"}],"curies":[{"name":"wp","href":"https:\/\/api.w.org\/{rel}","templated":true}]}}