{"id":82,"date":"2014-10-10T11:21:55","date_gmt":"2014-10-10T10:21:55","guid":{"rendered":"http:\/\/anoverdetajo.es\/seguridadciudadana\/?page_id=82"},"modified":"2015-12-03T19:16:54","modified_gmt":"2015-12-03T18:16:54","slug":"licencia-de-ocupacion-de-via-publica","status":"publish","type":"page","link":"http:\/\/anoverdetajo.es\/seguridadciudadana\/licencia-de-ocupacion-de-via-publica\/","title":{"rendered":"Licencia de Ocupaci\u00f3n de V\u00eda P\u00fablica"},"content":{"rendered":"<p><strong>\u00bfQui\u00e9n lo puede solicitar?<\/strong><\/p>\n<ul>\n<li>Toda persona natural o jur\u00eddica que ocupe el viario municipal con veh\u00edculos y\/o maquinaria destinados a la realizaci\u00f3n de trabajos o actividades en v\u00eda p\u00fablica.<\/li>\n<\/ul>\n<p><strong>Documento a aportar<\/strong><\/p>\n<ul>\n<li>Solicitud de ocupaci\u00f3n de v\u00eda p\u00fablica.<\/li>\n<li>Resguardo justificativo del pago de la tasa por expedici\u00f3n de licencia.<\/li>\n<li>Plano o croquis de la ubicaci\u00f3n de la ocupaci\u00f3n (especificando n\u00famero o edificio)<\/li>\n<li>Fotocopia de las licencias necesarias que amaperen la actividad que genera la ocupaci\u00f3n.<\/li>\n<li>Fotocopia del DNI del titular o del documento acreditativo an\u00e1logo expedido al prestador del servicio en el Estado miembro de la UE o del permiso de trabajo y residencia en vigor a la fecha de la solicitud.<\/li>\n<\/ul>\n<p><strong>\u00bfD\u00f3nde solicitarlo?<\/strong><\/p>\n<p>Secci\u00f3n Administraci\u00f3n de Polic\u00eda Local de A\u00f1over de Tajo.<\/p>\n<p>Plaza de Espa\u00f1a, 12 (Jefatura de Polic\u00eda Local)<\/p>\n<p>Edificio de la Polic\u00eda Local<\/p>\n<p>Tel. 629 932 444 &#8211; Fax: 925 50 62 79<\/p>\n<p>Correo electr\u00f3nico: seguridadciudadana@anoverdetajo.es<\/p>\n<p><strong>Forma de iniciaci\u00f3n<\/strong><\/p>\n<p>A petici\u00f3n del interesado.<\/p>\n<p><strong>Plazo<\/strong><\/p>\n<p>Se establece como plazo para la comunicaci\u00f3n <strong>20 (veinte) d\u00edas naturales<\/strong> de antelaci\u00f3n a la fecha solicitada para la prestaci\u00f3n del servicio, siendo el plazo m\u00e1ximo legal para su <strong>contestaci\u00f3n de 3 (tres) meses<\/strong>.<\/p>\n<p><strong>Importe<\/strong><\/p>\n<p>El Servicio de Gesti\u00f3n Tributaria del Ayuntamiento de A\u00f1over de Tajo, proceder\u00e1 al cobro de la tasa por ocupaci\u00f3n de terrenos de uso p\u00fablico local con mercanc\u00edas, materiales de construcci\u00f3n, escombros, vallas, puntales, asnillas, andamios y otras instalaciones an\u00e1logas (ordenanza aprobada el 16\/12\/1998).<\/p>\n<p><strong>Normativa<\/strong><\/p>\n<ul>\n<li>Ordenanza Municipal de Tasa por ocupaci\u00f3n de terrenos de uso p\u00fablico local con mercanc\u00edas, materiales de construcci\u00f3n, escomobros, vallas, puntales, asnillas, andamios y otras instalaciones an\u00e1logas (ordenanza aprobada el 16\/12\/1998).<\/li>\n<li>Ordenanza Municipal de Tasa por ocupaci\u00f3n de subsuelo, suelo y vuelo de terrenos de uso p\u00fablico local.<\/li>\n<li>Real Decreto Legislativo 339\/90, 2 marzo, que aprueba el texto articulado de la Ley sobre Tr\u00e1fico, Circulaci\u00f3n de Veh\u00edculos a Motor y Seguridad Vial.<\/li>\n<li>Ordenanza Municipal reguladora de tr\u00e1fico, circulaci\u00f3n en el casco urbano y seguridad vial del municipio de A\u00f1over de Tajo.<\/li>\n<\/ul>\n<p><strong>Observaciones<\/strong><\/p>\n<ul>\n<li>La autorizacion podr\u00e1 dejarse sin efecto, cuando concurran circunstancias de inter\u00e9s p\u00fablico que impidan la efectiva utilizaci\u00f3n del suelo para el destino autorizado. Asimismo en cualquier momento, motivadamente y por razones del inter\u00e9s p\u00fablico, la licencia podr\u00e1 ser revocada sin derecho a indemnizaci\u00f3n, cuando resulten incompatibles con la normativa de aplicaci\u00f3n, aun cuando \u00e9sta se haya aprobado con posterioridad a la autorizaci\u00f3n, produzcan da\u00f1o en el dominio p\u00fablico, impidan su utilizaci\u00f3n para actividades de mayor inter\u00e9s p\u00fablico o menoscaben el uso general.<\/li>\n<li>El documento de licencia, o copia, y el plano de detalle deber\u00e1n encontrarse en un lugar del establecimiento visible desde el exterior y a disposici\u00f3n del servicio de Inspecci\u00f3n Municipal.<\/li>\n<li>El incumplimiento de las condiciones de la licencia dar\u00e1 lugar a la aplicaci\u00f3n del r\u00e9gimen sancionador establecido en las disposiciones legales vigentes.<\/li>\n<li>Cuando se detecte la instalaci\u00f3n de con mercanc\u00edas, materiales de construcci\u00f3n, escombros, vallas, puntales, asnillas, andamios y otras instalaciones an\u00e1logas sin el amparo de la licencia, o sin el respeto a las condiciones de la otorgada se requerir\u00e1 a la persona titular o a quien se encuentre a cargo para que proceda a la inmediata retirada o adecuaci\u00f3n de aqu\u00e9llas. De no ser atendido el requerimiento, el servicio de Inspecci\u00f3n Municipal recabar\u00e1 la asistencia necesaria para su inmediata retirada.<\/li>\n<li>La autorizaci\u00f3n se otorgar\u00e1 para el periodo que se solicite, salvo circunstacias de inter\u00e9s p\u00fablico, modificaciones en las condiciones de la licencia.<\/li>\n<\/ul>\n<p><span style=\"text-decoration: underline;\"><em><strong>Descarga de documentos<\/strong><\/em><\/span><\/p>\n<ul>\n<li><a title=\"Descarga de solicitud\" href=\"http:\/\/anoverdetajo.es\/seguridadciudadana\/wp-content\/uploads\/downloads\/2014\/10\/SOLICITUD-DE-OCUPACION-DE-VIA-PUBLICA.pdf\" target=\"_blank\">Solicitud Ocupaci\u00f3n de V\u00eda P\u00fablica<\/a><\/li>\n<\/ul>\n<p>&nbsp;<\/p>\n<p>&nbsp;<\/p>\n","protected":false},"excerpt":{"rendered":"<p>\u00bfQui\u00e9n lo puede solicitar? Toda persona natural o jur\u00eddica que ocupe el viario municipal con veh\u00edculos y\/o maquinaria destinados a la realizaci\u00f3n de trabajos o actividades en v\u00eda p\u00fablica. Documento a aportar Solicitud de ocupaci\u00f3n de v\u00eda p\u00fablica. Resguardo justificativo del pago de la tasa por expedici\u00f3n de licencia. Plano o croquis de la ubicaci\u00f3n<\/p>\n","protected":false},"author":1,"featured_media":0,"parent":0,"menu_order":0,"comment_status":"closed","ping_status":"closed","template":"","meta":[],"_links":{"self":[{"href":"http:\/\/anoverdetajo.es\/seguridadciudadana\/wp-json\/wp\/v2\/pages\/82"}],"collection":[{"href":"http:\/\/anoverdetajo.es\/seguridadciudadana\/wp-json\/wp\/v2\/pages"}],"about":[{"href":"http:\/\/anoverdetajo.es\/seguridadciudadana\/wp-json\/wp\/v2\/types\/page"}],"author":[{"embeddable":true,"href":"http:\/\/anoverdetajo.es\/seguridadciudadana\/wp-json\/wp\/v2\/users\/1"}],"replies":[{"embeddable":true,"href":"http:\/\/anoverdetajo.es\/seguridadciudadana\/wp-json\/wp\/v2\/comments?post=82"}],"version-history":[{"count":0,"href":"http:\/\/anoverdetajo.es\/seguridadciudadana\/wp-json\/wp\/v2\/pages\/82\/revisions"}],"wp:attachment":[{"href":"http:\/\/anoverdetajo.es\/seguridadciudadana\/wp-json\/wp\/v2\/media?parent=82"}],"curies":[{"name":"wp","href":"https:\/\/api.w.org\/{rel}","templated":true}]}}