{"id":78,"date":"2014-09-24T13:48:42","date_gmt":"2014-09-24T12:48:42","guid":{"rendered":"http:\/\/anoverdetajo.es\/seguridadciudadana\/?page_id=78"},"modified":"2015-12-03T19:15:35","modified_gmt":"2015-12-03T18:15:35","slug":"licencia-de-terrazas","status":"publish","type":"page","link":"http:\/\/anoverdetajo.es\/seguridadciudadana\/licencia-de-terrazas\/","title":{"rendered":"Licencia de Terrazas"},"content":{"rendered":"<p><strong>\u00bfQui\u00e9n lo puede solicitar?<\/strong><\/p>\n<ul>\n<li>Podr\u00e1n solicitar la autorizaci\u00f3n los titulares de establecimientos siempre que la actividad se desarrolle de conformidad con las normas urban\u00edsticas y sectoriales que regulen la misma.<\/li>\n<li>A efectos de lo dispuesto en el apartado anterior, se tendr\u00e1 en consideraci\u00f3n la titularidad y la actividad que conste en la licencia de apertura o equivalente.<\/li>\n<\/ul>\n<p><strong>Documentaci\u00f3n a aportar:<\/strong><\/p>\n<ul>\n<li><em><span style=\"text-decoration: underline;\">Solicitud de instalaci\u00f3n de terrazas con o sin cerramientos<\/span><\/em><\/li>\n<\/ul>\n<p style=\"padding-left: 60px;\">&#8211; Fotocopia del DNI del titular o del documento acreditativo an\u00e1logo expedido al prestador del servicio en el Estado miembro de la UE o del permiso de trabajo y residencia en vigor a la fecha de la solicitud.<\/p>\n<p style=\"padding-left: 60px;\">&#8211; Si se act\u00faa mediante representante, copia del DNI o documentaci\u00f3n equivalente del representante, as\u00ed como al acreditaci\u00f3n del poder de representaci\u00f3n con que act\u00faa (poder notarial, documento privado con firma notarialmente legitimada o representaci\u00f3n \u00abapud acta\u00bb mediante comparecencia del representante y representado). En el caso de sociedades mercantiles y fundaciones, escritura de constituci\u00f3n de la sociedad o fundaci\u00f3n, y en el de sociedades civiles y comunidades de bienes de escritura o contrato de constituci\u00f3n de las mismas.<\/p>\n<p style=\"padding-left: 60px;\">&#8211; Si el espacio a ocupar es de propiedad privada, autorizaci\u00f3n de la comunidad vecinal.<\/p>\n<p style=\"padding-left: 60px;\">&#8211; Garant\u00eda en cualquiera de las formas establecidas por la normativa de contrataci\u00f3n, por el importe de la tasa correspondiente a un a\u00f1o.<\/p>\n<ul>\n<li style=\"padding-left: 30px;\"><strong><span style=\"text-decoration: underline;\">Documentaci\u00f3n espec\u00edfica para la instalaci\u00f3n de terrazas:<\/span><\/strong><\/li>\n<\/ul>\n<p style=\"padding-left: 90px;\">&#8211; Indicaci\u00f3n en plano de emplazamiento y detalle acotado de la superficie a ocupar por todos los elementos objeto de instalaci\u00f3n y disposici\u00f3n.<\/p>\n<p style=\"padding-left: 90px;\">&#8211; Documentaci\u00f3n que acredite estar al corriente de pago de la prima del seguro de responsabilidad civil y de incendios.<\/p>\n<p style=\"padding-left: 90px;\">&#8211; En su caso, autorizaci\u00f3n expresa de las personas titulares de los establecimientos adyacentes, en los supuestos de ocupaci\u00f3n superior a la fachada de la actividad.<\/p>\n<ul>\n<li style=\"padding-left: 30px;\"><strong><span style=\"text-decoration: underline;\">Documentaci\u00f3n espec\u00edfica para la colocaci\u00f3n de estufas:<\/span><\/strong><\/li>\n<\/ul>\n<p style=\"padding-left: 90px;\">&#8211; Caracter\u00edsticas f\u00edsicas, t\u00e9cnicas, est\u00e9ticas.<\/p>\n<p style=\"padding-left: 90px;\">&#8211; Plano de terraza indicando la ubicaci\u00f3n de las estufas.<\/p>\n<p style=\"padding-left: 90px;\">&#8211; Garant\u00eda de calidad y certificado de homologaci\u00f3n CEE.<\/p>\n<p style=\"padding-left: 90px;\">&#8211; Contrato de seguro en el que se contemple la instalaci\u00f3n de estufas en terraza.<\/p>\n<p style=\"padding-left: 90px;\">&#8211; Contrato de suministro acordado con empresa suministradora de gas envasado.<\/p>\n<p><strong>\u00bfD\u00f3nde solicitarlo?<\/strong><\/p>\n<p>Secci\u00f3n Administraci\u00f3n de Polic\u00eda Local de A\u00f1over de Tajo.<\/p>\n<p>Plaza de Espa\u00f1a, n\u00ba 12 (Jefatura de Polic\u00eda Local)<\/p>\n<p>Edificio de la Polic\u00eda Local<\/p>\n<p>Tel. 629 932 444 &#8211; Fax: 925 50 62 79<\/p>\n<p>Correo electr\u00f3nico:\u00a0 seguridadciudadana@anoverdetajo.es<\/p>\n<p><strong>Forma de iniciaci\u00f3n.<\/strong><\/p>\n<p>A petici\u00f3n del interesado.<\/p>\n<p><strong>Plazo.<\/strong><\/p>\n<p>Se establece como plazo anual de presentaci\u00f3n de solicitudes y, en su caso, de renovaci\u00f3n de las autorizaciones y de las que requieran modificaciones desde el 1 de octubre hasta el 30 de noviembre de cada a\u00f1o anterior. Podr\u00e1n presentarse solicitudes transcurrido el plazo establecido cuando se trate de cambios de titularidad o establecimientos con licencia de apertura posteriores.<\/p>\n<p><strong>Importe.<\/strong><\/p>\n<p>El Servicio de Gesti\u00f3n Tributaria del Ayuntamiento de A\u00f1over de Tajo, proceder\u00e1 al cobro de la tasa por ocupaci\u00f3n de terrenos de uso p\u00fablico con mesas, sillas, tribunas, tablaos y otros elementos an\u00e1logos con finalidad lucrativa (ordenanza aprobada el 16\/11\/1998 y modificada el 26\/11\/2001).<\/p>\n<p><strong>Normativa.<\/strong><\/p>\n<ul>\n<li>Ordenanza Municipal sobre Tasa por ocupaci\u00f3n de terrenos de uso p\u00fablico con mesas, sillas, tribunas, tablaos y otros elementos an\u00e1logos con finalidad lucrativa (ordenanza aprobada el 16\/11\/1998 y modificada el 26\/11\/2001).<\/li>\n<\/ul>\n<p><strong>Observaciones.<\/strong><\/p>\n<ul>\n<li>La autorizaci\u00f3n tendr\u00e1 car\u00e1cter discrecional y de precario, pudiendo dejarse sin efecto, cuando concurran circunstancias de inter\u00e9s p\u00fablico que impidan la efectiva utilizaci\u00f3n del suelo para el destino autorizado. Asimismo en cualquier momento, motivadamente y por razones de inter\u00e9s p\u00fablico, la licencia podr\u00e1 ser revocada sin derecho a indemnizaci\u00f3n, cuando resulten incompatibles con la normativa de aplicaci\u00f3n, aun cuando \u00e9sta se haya aprobado con posterioridad a su autorizaci\u00f3n, produzca da\u00f1o al dominio p\u00fablico, impidan su utilizaci\u00f3n para actividades de mayor inter\u00e9s p\u00fablico o menoscaben el uso general.<\/li>\n<li>El documento o licencia, o copia, y el plano de detalle deber\u00e1n encontrarse en un lugar del establecimiento <strong>visible <\/strong>desde el exterior y a disposici\u00f3n del servicio de Inspecci\u00f3n Municipal.<\/li>\n<li>El incumplimiento de las condiciones de la licencia dar\u00e1 lugar a la aplicaci\u00f3n del r\u00e9gimen sancionador establecido en las disposiciones legales vigentes.<\/li>\n<li>Cuando se detecte la instalaci\u00f3n de terrazas sin el amparo de la licencia, o sin el respeto a las condiciones de la otorgada se requerir\u00e1 a la persona titular o a quien se encuentre a cargo del establecimiento para que proceda a la inmediata retirada o adecuaci\u00f3n a aqu\u00e9llas. De no ser atendido el requerimiento, el servicio de Inspecci\u00f3n Municipal recabar\u00e1 la asistencia necesaria para su inmediata retirada.<\/li>\n<li>La autorizaci\u00f3n se otorgar\u00e1 para el a\u00f1o que se solicite, salvo circunstancias de inter\u00e9s p\u00fablico, modificaciones en las condiciones de licencia.<\/li>\n<li>Las terrazas deber\u00e1n colocarse de conformidad con la ubicaci\u00f3n autorizada en la licencia municipal.<\/li>\n<li>El desalojo de las instalaciones deber\u00e1 realizarse en el tiempo de 30 minutos desde la terminaci\u00f3n del horario de funcionamiento de las terrazas. La duraci\u00f3n de los trabajos de retirada y limpieza no exceder\u00e1 de 3o minutos a partir de la terminaci\u00f3n del tiempo de desalojo y se realizar\u00e1 de modo que no genere ruidos y molestias.<\/li>\n<li>El titular estar\u00e1 obligado a la retirada de todos los elementos del mobiliario en los espacios p\u00fablicos de uso p\u00fablico, a excepci\u00f3n de toldo. Se guardar\u00e1n en local privado y cerrado al efecto al final de la jornada, debiendo dejar el espacio ocupado en perfectas condiciones de limpieza. Durante el horario de funcionamiento y hasta el cierre se permite su almacenamiento en el espacio de uso p\u00fablico.<\/li>\n<li>El titular del establecimiento deber\u00e1 mantener en todo momento el espacio ocupado, as\u00ed como sus instalaciones y mobiliario, en perfectas condiciones de limpieza, seguridad y ornato, de cuyo cumplimiento responde la garant\u00eda constituida.<\/li>\n<li>La Polic\u00eda Local proceder\u00e1 a inspeccionar y controlar los establecimientos a los efectos del cumplimiento de las disposiciones legales vigentes.<\/li>\n<\/ul>\n<p><span style=\"text-decoration: underline;\"><strong>Descarga de documentos:<\/strong><\/span><\/p>\n<ul>\n<li><a title=\"Iniciar descarga\" href=\"http:\/\/anoverdetajo.es\/seguridadciudadana\/wp-content\/uploads\/downloads\/2014\/09\/SOLICITUD-DE-INSTALACION-DE-TERRAZAS-EN-VIA-PUBLICA.pdf\" target=\"_blank\">Solicitud de instalaci\u00f3n de terraza<\/a><\/li>\n<\/ul>\n<p>&nbsp;<\/p>\n","protected":false},"excerpt":{"rendered":"<p>\u00bfQui\u00e9n lo puede solicitar? Podr\u00e1n solicitar la autorizaci\u00f3n los titulares de establecimientos siempre que la actividad se desarrolle de conformidad con las normas urban\u00edsticas y sectoriales que regulen la misma. A efectos de lo dispuesto en el apartado anterior, se tendr\u00e1 en consideraci\u00f3n la titularidad y la actividad que conste en la licencia de apertura<\/p>\n","protected":false},"author":1,"featured_media":0,"parent":0,"menu_order":0,"comment_status":"closed","ping_status":"closed","template":"","meta":[],"_links":{"self":[{"href":"http:\/\/anoverdetajo.es\/seguridadciudadana\/wp-json\/wp\/v2\/pages\/78"}],"collection":[{"href":"http:\/\/anoverdetajo.es\/seguridadciudadana\/wp-json\/wp\/v2\/pages"}],"about":[{"href":"http:\/\/anoverdetajo.es\/seguridadciudadana\/wp-json\/wp\/v2\/types\/page"}],"author":[{"embeddable":true,"href":"http:\/\/anoverdetajo.es\/seguridadciudadana\/wp-json\/wp\/v2\/users\/1"}],"replies":[{"embeddable":true,"href":"http:\/\/anoverdetajo.es\/seguridadciudadana\/wp-json\/wp\/v2\/comments?post=78"}],"version-history":[{"count":0,"href":"http:\/\/anoverdetajo.es\/seguridadciudadana\/wp-json\/wp\/v2\/pages\/78\/revisions"}],"wp:attachment":[{"href":"http:\/\/anoverdetajo.es\/seguridadciudadana\/wp-json\/wp\/v2\/media?parent=78"}],"curies":[{"name":"wp","href":"https:\/\/api.w.org\/{rel}","templated":true}]}}