{"id":75,"date":"2014-09-24T13:15:14","date_gmt":"2014-09-24T12:15:14","guid":{"rendered":"http:\/\/anoverdetajo.es\/seguridadciudadana\/?page_id=75"},"modified":"2014-09-24T13:15:14","modified_gmt":"2014-09-24T12:15:14","slug":"licencia-de-vados","status":"publish","type":"page","link":"http:\/\/anoverdetajo.es\/seguridadciudadana\/licencia-de-vados\/","title":{"rendered":"Licencia de Vados"},"content":{"rendered":"<p><strong>\u00bfQui\u00e9n lo puede solicitar?<\/strong><\/p>\n<p>La persona f\u00edsica o jur\u00eddica interesadas en obtener la licencia de vado.<\/p>\n<p><strong>Se deber\u00e1n reunir los siguientes requisitos:<\/strong><\/p>\n<ul>\n<li>Ser propietario del local para el que se solicita el vado.<\/li>\n<li>Que la finca a l que se pretende acceder tenga entrada para veh\u00edculos.<\/li>\n<li>En la solicitud de vado, adem\u00e1s de la documentaci\u00f3n necesaria, deber\u00e1 constar si la calle tiene acera y si el rebaje est\u00e1 realizado o no, as\u00ed como el n\u00famero de metros de la puerta de entrada y la capacidad de veh\u00edculos al recinto.<\/li>\n<\/ul>\n<p><strong>Lo que se debe saber&#8230;<\/strong><\/p>\n<ul>\n<li>La placa deber\u00e1 ser expuesta en lugar visible en la ubicaci\u00f3n autorizada para la licencia concedida.<\/li>\n<li>Las autorizaciones concedidas se extinguir\u00e1n cuando cambie la actividad, destino del local o titular de la misma,\u00a0 debiendo solicitarse la baja del vado y nueva autorizaci\u00f3n.<\/li>\n<li>En caso de baja, la placa de vado deber\u00e1 ser devuelta al Ayuntamiento.<\/li>\n<\/ul>\n<p><strong>Documentaci\u00f3n a aportar.<\/strong><\/p>\n<p>Para la tramitaci\u00f3n del expediente, es necesario acompa\u00f1ar junto al impreso de solicitud, la siguiente documentaci\u00f3n:<\/p>\n<p style=\"padding-left: 30px;\"><span style=\"text-decoration: underline;\"><strong>Documentos generales<\/strong><\/span><\/p>\n<ul>\n<li style=\"padding-left: 30px;\">Fotocopia del DNI del solicitante.<\/li>\n<li style=\"padding-left: 30px;\">Fotocopia del DNI del propietario del local.<\/li>\n<\/ul>\n<p style=\"padding-left: 30px;\"><span style=\"text-decoration: underline;\"><strong>Documentos particulares<\/strong><\/span><\/p>\n<ul>\n<li style=\"padding-left: 30px;\">En garaje particular: Fotocopia de la licencia de actividad para garaje para un m\u00ednimo de cuatro veh\u00edculos.<\/li>\n<li style=\"padding-left: 30px;\">En garaje comunitario: Fotocopia de licencia de primera ocupaci\u00f3n.<\/li>\n<li style=\"padding-left: 30px;\">En local: Fotocopia de licencia de actividad en la que se contemple la guarda del veh\u00edculo, o en su caso declaraci\u00f3n responsable en la que se contemple la guarda de veh\u00edculo.<\/li>\n<li style=\"padding-left: 30px;\">En vivienda unifamiliar: Fotocopia de licencia de primera ocupaci\u00f3n.<\/li>\n<li style=\"padding-left: 30px;\">Justificante de pago de tasas.<\/li>\n<\/ul>\n<p><strong>Importe.<\/strong><\/p>\n<p>El Servicio de Gesti\u00f3n Tributaria del Ayuntamiento de A\u00f1over de Tajo, proceder\u00e1 al cobro de la tasa en funci\u00f3n de la Ordenanza Municipal sobre Tasa por entrada de veh\u00edculos a trav\u00e9s de las aceras y reservas de v\u00eda p\u00fablica para aparcamiento exclusivo, parada de veh\u00edculos, carga y descarga de mercanc\u00edas de cualquier clase. Publicada en el BOP de Toledo n\u00fam. 291 de 21.12.1998.<\/p>\n<p><strong>Normativa.<\/strong><\/p>\n<ul>\n<li>Ordenanza Municipal sobre Tasa por entrada de veh\u00edculos a trav\u00e9s de las aceras y reservas de v\u00eda p\u00fablica para aparcamiento exclusivo, parada de veh\u00edculos, carga y descarga de mercanc\u00edas de cualquier clase. Publicada en el BOP de Toledo n\u00fam. 291 de 21.12.1998.<\/li>\n<\/ul>\n<p><span style=\"text-decoration: underline;\"><em><strong>Descarga de documentos:<\/strong><\/em><\/span><\/p>\n<ul>\n<li><a title=\"Iniciar descarga\" href=\"http:\/\/anoverdetajo.es\/seguridadciudadana\/wp-content\/uploads\/downloads\/2014\/09\/S.C.B.VAD_.pdf\" target=\"_blank\">Solicitud de concesi\u00f3n\/baja de vado<\/a><\/li>\n<\/ul>\n<p><\/br><br \/>\n<\/br><\/p>\n","protected":false},"excerpt":{"rendered":"<p>\u00bfQui\u00e9n lo puede solicitar? La persona f\u00edsica o jur\u00eddica interesadas en obtener la licencia de vado. Se deber\u00e1n reunir los siguientes requisitos: Ser propietario del local para el que se solicita el vado. Que la finca a l que se pretende acceder tenga entrada para veh\u00edculos. En la solicitud de vado, adem\u00e1s de la documentaci\u00f3n<\/p>\n","protected":false},"author":1,"featured_media":0,"parent":0,"menu_order":0,"comment_status":"closed","ping_status":"open","template":"","meta":[],"_links":{"self":[{"href":"http:\/\/anoverdetajo.es\/seguridadciudadana\/wp-json\/wp\/v2\/pages\/75"}],"collection":[{"href":"http:\/\/anoverdetajo.es\/seguridadciudadana\/wp-json\/wp\/v2\/pages"}],"about":[{"href":"http:\/\/anoverdetajo.es\/seguridadciudadana\/wp-json\/wp\/v2\/types\/page"}],"author":[{"embeddable":true,"href":"http:\/\/anoverdetajo.es\/seguridadciudadana\/wp-json\/wp\/v2\/users\/1"}],"replies":[{"embeddable":true,"href":"http:\/\/anoverdetajo.es\/seguridadciudadana\/wp-json\/wp\/v2\/comments?post=75"}],"version-history":[{"count":0,"href":"http:\/\/anoverdetajo.es\/seguridadciudadana\/wp-json\/wp\/v2\/pages\/75\/revisions"}],"wp:attachment":[{"href":"http:\/\/anoverdetajo.es\/seguridadciudadana\/wp-json\/wp\/v2\/media?parent=75"}],"curies":[{"name":"wp","href":"https:\/\/api.w.org\/{rel}","templated":true}]}}