{"id":67,"date":"2014-09-23T13:32:02","date_gmt":"2014-09-23T12:32:02","guid":{"rendered":"http:\/\/anoverdetajo.es\/seguridadciudadana\/?page_id=67"},"modified":"2015-12-30T20:18:59","modified_gmt":"2015-12-30T19:18:59","slug":"vehiculos","status":"publish","type":"page","link":"http:\/\/anoverdetajo.es\/seguridadciudadana\/vehiculos\/","title":{"rendered":"Veh\u00edculos"},"content":{"rendered":"<h2><span style=\"text-decoration: underline;\"><span style=\"color: #000080; text-decoration: underline;\"><strong>VEH\u00cdCULOS ABANDONADOS<\/strong><\/span><\/span><\/h2>\n<p><strong>\u00bfQui\u00e9n lo puede solicitar?<\/strong><\/p>\n<p>Cualquier persona (incluso de forma an\u00f3nima).<\/p>\n<p><strong>Documentaci\u00f3n a aportar<\/strong><\/p>\n<p>Petici\u00f3n verbal o escrita.<\/p>\n<ul>\n<li>En caso de petici\u00f3n escrita:<\/li>\n<\/ul>\n<p style=\"padding-left: 60px;\">&#8211; Impreso de solicitud.<\/p>\n<p style=\"padding-left: 60px;\">&#8211; Por correo electr\u00f3nico: impreso de la solicitud escaneado a seguridadciudadana@anoverdetajo.es<\/p>\n<p><strong>\u00bfD\u00f3nde solicitarlo?<\/strong><\/p>\n<p>Secci\u00f3n Administraci\u00f3n de Polic\u00eda Local de A\u00f1over de Tajo<\/p>\n<p>Plaza de Espa\u00f1a, 12 (Jefatura de Polic\u00eda Local)<\/p>\n<p>Edificio de la Polic\u00eda Local<\/p>\n<p>Tel. 629 932 444 &#8211; Fax: 925 50 62 79<\/p>\n<p>Correo electr\u00f3nico: seguridadciudadana@anoverdetajo.es<\/p>\n<p><strong>Normativa:<\/strong><\/p>\n<ul>\n<li>Ordenanza Municipal reguladora de Tr\u00e1fico, Circulaci\u00f3n en el Casco Urbano y Seguridad Vial, publicada en el BOP de Toledo n\u00fam. 68 de 22.03.12.<\/li>\n<li>Real Decreto Legislativo 339\/90, 2 marzo, que aprueba el texto art\u00edculado de la Ley sobre Tr\u00e1fico, Circulaci\u00f3n de Veh\u00edculos de Motor y Seguridad Vial.<\/li>\n<li>Ley 22\/2o11, 28 de julio, de residuos y suelos contaminados.<\/li>\n<li>Real Decreto 1383\/20o2, de 20 de diciembre, sobre gesti\u00f3n de veh\u00edculos al final de su vida \u00fatil.<\/li>\n<\/ul>\n<p><strong>Forma de iniciaci\u00f3n<\/strong><\/p>\n<p>A petici\u00f3n del interesado o de oficio.<\/p>\n<p><span style=\"text-decoration: underline;\"><em><strong>Descarga de documentos:<\/strong><\/em><\/span><\/p>\n<ul>\n<li><a title=\"Iniciar descarga\" href=\"http:\/\/anoverdetajo.es\/seguridadciudadana\/wp-content\/uploads\/downloads\/2014\/09\/SOLICITUD-DE-RETIRADA-DE-VEHICULO-ABANDONADO.pdf\" target=\"_blank\">Solicitud de retirada de veh\u00edculo abandonado<\/a><\/li>\n<\/ul>\n<hr \/>\n<h2><span style=\"color: #000080;\"><strong>RENUNCIA DEL VEH\u00cdCULO A FAVOR DEL AYUNTAMIENTO DE A\u00d1OVER DE TAJO<\/strong><\/span><\/h2>\n<p><strong>\u00bfQui\u00e9n lo puede solicitar?<\/strong><\/p>\n<p>La persona titular del veh\u00edculo.<\/p>\n<p><strong>\u00bfC\u00f3mo se hace el tr\u00e1mite?<\/strong><\/p>\n<p>Puede hacerse de tres formas:<\/p>\n<p style=\"padding-left: 90px;\">&#8211; Entregar el veh\u00edculo en el dep\u00f3sito municipal de A\u00f1over de Tajo con la documentaci\u00f3n requerida.<\/p>\n<p style=\"padding-left: 90px;\">&#8211; Ir a la Jefatura de Polic\u00eda Local de A\u00f1over de Tajo y solicitar retirada del veh\u00edculo del lugar donde se encuentra estacionado, en la calle, mediante el Acta de Cesi\u00f3n Voluntaria del veh\u00edculo y entregar la documentaci\u00f3n requerida.<\/p>\n<p style=\"padding-left: 60px;\"><strong>Despu\u00e9s<\/strong><\/p>\n<p style=\"padding-left: 60px;\">Se proceder\u00e1 a la destrucci\u00f3n del veh\u00edculo y a la tramitaci\u00f3n de la baja de este ante la Jefatura Provincial de Tr\u00e1fico, si procede.<\/p>\n<p><strong>Documentaci\u00f3n a aportar<\/strong><\/p>\n<ul>\n<li>Permiso de circulaci\u00f3n del veh\u00edculo.<\/li>\n<li>Ficha T\u00e9cnica del veh\u00edculo.<\/li>\n<li>DNI original del propietario.<\/li>\n<\/ul>\n<p><span style=\"text-decoration: underline;\">Baja del veh\u00edculo<\/span>, con anterioridad en la Jefatura Provincial de Tr\u00e1fico, la documentaci\u00f3n del veh\u00edculo ser\u00e1 sustituida por el documento de baja.<\/p>\n<p><span style=\"text-decoration: underline;\">No disponer de la documentaci\u00f3n<\/span> del veh\u00edculo deber\u00e1 ir al a Jefatura de Polic\u00eda Local de A\u00f1over de Tajo y presentar denuncia por p\u00e9rdida o robo. Esta denuncia sustituir\u00e1 a la documentaci\u00f3n del veh\u00edculo.<\/p>\n<p><span style=\"text-decoration: underline;\">Persona autorizada<\/span>: Autorizaci\u00f3n del propietario con reconocimiento bancario de la firma, fotocopia del DNI del propietario y DNI de la persona autorizada.<\/p>\n<p><span style=\"text-decoration: underline;\">Titular sea una persona jur\u00eddica<\/span> podr\u00e1 hacerlo su representante legal y deber\u00e1 presentar los poderes y su DNI.<\/p>\n<p><span style=\"text-decoration: underline;\">Si el titular es una persona difunta<\/span> o de <span style=\"text-decoration: underline;\">veh\u00edculos con matr\u00edcula extranjera<\/span> deber\u00e1 llamar a la Secci\u00f3n administrativa de Polic\u00eda Local de A\u00f1over de Tajo d\u00f3nde le indicar\u00e1n la documentaci\u00f3n que deber\u00e1 a aportar.<\/p>\n<p><strong>\u00bfD\u00f3nde solicitarlo?<\/strong><\/p>\n<p>Secci\u00f3n Administraci\u00f3n de Polic\u00eda Local de A\u00f1over de Tajo.<\/p>\n<p>Plaza de Espa\u00f1a, 12 (Jefatura de Polic\u00eda Local)<\/p>\n<p>Edificio de la Polic\u00eda Local<\/p>\n<p>Tel. 629 932 444 &#8211; Fax: 925 50 562 79<\/p>\n<p>Correo electr\u00f3nico: seguridadciudadana@anoverdetajo.es<\/p>\n<p><strong>Normativa<\/strong><\/p>\n<ul>\n<li>Ley 22\/2011, de 28 de julio, de residuos y suelos contaminados.<\/li>\n<li>Real Decreto 1383\/2002, de 20 de diciembre, sobre gesti\u00f3n de veh\u00edculos al final de su vida \u00fatil.<\/li>\n<\/ul>\n<p><strong>Forma de iniciaci\u00f3n<\/strong><\/p>\n<p>A petici\u00f3n del interesado o de oficio.<\/p>\n<p><em><span style=\"text-decoration: underline;\"><strong>Descarga de documentos:<\/strong><\/span><\/em><\/p>\n<ul>\n<li><a href=\"http:\/\/anoverdetajo.es\/seguridadciudadana\/wp-content\/plugins\/download-monitor\/download.php?id=8\" target=\"_blank\">Solicitud de renuncia de veh\u00edculo a favor del Ayuntamiento de A\u00f1over de Tajo<\/a><\/li>\n<\/ul>\n<p>&nbsp;<\/p>\n<p>&nbsp;<\/p>\n","protected":false},"excerpt":{"rendered":"<p>VEH\u00cdCULOS ABANDONADOS \u00bfQui\u00e9n lo puede solicitar? Cualquier persona (incluso de forma an\u00f3nima). Documentaci\u00f3n a aportar Petici\u00f3n verbal o escrita. En caso de petici\u00f3n escrita: &#8211; Impreso de solicitud. &#8211; Por correo electr\u00f3nico: impreso de la solicitud escaneado a seguridadciudadana@anoverdetajo.es \u00bfD\u00f3nde solicitarlo? Secci\u00f3n Administraci\u00f3n de Polic\u00eda Local de A\u00f1over de Tajo Plaza de Espa\u00f1a, 12 (Jefatura<\/p>\n","protected":false},"author":1,"featured_media":0,"parent":0,"menu_order":0,"comment_status":"closed","ping_status":"closed","template":"","meta":[],"_links":{"self":[{"href":"http:\/\/anoverdetajo.es\/seguridadciudadana\/wp-json\/wp\/v2\/pages\/67"}],"collection":[{"href":"http:\/\/anoverdetajo.es\/seguridadciudadana\/wp-json\/wp\/v2\/pages"}],"about":[{"href":"http:\/\/anoverdetajo.es\/seguridadciudadana\/wp-json\/wp\/v2\/types\/page"}],"author":[{"embeddable":true,"href":"http:\/\/anoverdetajo.es\/seguridadciudadana\/wp-json\/wp\/v2\/users\/1"}],"replies":[{"embeddable":true,"href":"http:\/\/anoverdetajo.es\/seguridadciudadana\/wp-json\/wp\/v2\/comments?post=67"}],"version-history":[{"count":1,"href":"http:\/\/anoverdetajo.es\/seguridadciudadana\/wp-json\/wp\/v2\/pages\/67\/revisions"}],"predecessor-version":[{"id":300,"href":"http:\/\/anoverdetajo.es\/seguridadciudadana\/wp-json\/wp\/v2\/pages\/67\/revisions\/300"}],"wp:attachment":[{"href":"http:\/\/anoverdetajo.es\/seguridadciudadana\/wp-json\/wp\/v2\/media?parent=67"}],"curies":[{"name":"wp","href":"https:\/\/api.w.org\/{rel}","templated":true}]}}