{"id":45,"date":"2014-09-23T12:57:46","date_gmt":"2014-09-23T11:57:46","guid":{"rendered":"http:\/\/anoverdetajo.es\/seguridadciudadana\/?page_id=45"},"modified":"2015-12-31T08:15:48","modified_gmt":"2015-12-31T07:15:48","slug":"servicios-y-tramites","status":"publish","type":"page","link":"http:\/\/anoverdetajo.es\/seguridadciudadana\/servicios-y-tramites\/","title":{"rendered":"Servicios y Tr\u00e1mites"},"content":{"rendered":"<p style=\"text-align: left;\"><a href=\"http:\/\/anoverdetajo.es\/seguridadciudadana\/informes-sobre-accidentes-de-trafico\/\"><img loading=\"lazy\" class=\"alignnone wp-image-46 size-full\" title=\"Acceso a\" src=\"http:\/\/anoverdetajo.es\/seguridadciudadana\/wp-content\/uploads\/2014\/09\/banner_informe_sobre_accidentes.jpg\" alt=\"\" width=\"150\" height=\"40\" \/><\/a><a href=\"http:\/\/anoverdetajo.es\/seguridadciudadana\/vehiculos\/\"><img loading=\"lazy\" class=\"alignnone wp-image-47 size-full\" title=\"Acceso a\" src=\"http:\/\/anoverdetajo.es\/seguridadciudadana\/wp-content\/uploads\/2014\/09\/banner_vehiculos.jpg\" alt=\"banner_vehiculos\" width=\"150\" height=\"40\" \/><\/a><a href=\"http:\/\/anoverdetajo.es\/seguridadciudadana\/cambio-de-domicilio-en-permiso-de-conducir-y-de-circulacion-dgt\/\"><img loading=\"lazy\" class=\"alignnone wp-image-50 size-full\" src=\"http:\/\/anoverdetajo.es\/seguridadciudadana\/wp-content\/uploads\/2014\/09\/banner_tramitacion_documentacion_dgt.jpg\" alt=\"banner_tramitacion_documentacion_dgt\" width=\"150\" height=\"40\" \/><\/a><a href=\"http:\/\/anoverdetajo.es\/seguridadciudadana\/licencia-de-vados\/\"><img loading=\"lazy\" class=\"alignnone wp-image-54 size-full\" title=\"Acceso a \" src=\"http:\/\/anoverdetajo.es\/seguridadciudadana\/wp-content\/uploads\/2014\/09\/banner_licencia_vados.jpg\" alt=\"banner_licencia_vados\" width=\"150\" height=\"40\" \/><\/a><a href=\"http:\/\/anoverdetajo.es\/seguridadciudadana\/licencia-de-terrazas\/\"><img loading=\"lazy\" class=\"alignnone wp-image-56 size-full\" title=\"Acceso a\" src=\"http:\/\/anoverdetajo.es\/seguridadciudadana\/wp-content\/uploads\/2014\/09\/banner_licencia_terrazas_veladores.jpg\" alt=\"banner_licencia_terrazas_veladores\" width=\"150\" height=\"40\" \/><\/a><a href=\"http:\/\/anoverdetajo.es\/seguridadciudadana\/licencia-de-ocupacion-de-via-publica\/\"><img loading=\"lazy\" class=\"alignnone wp-image-57 size-full\" title=\"Acceso a\" src=\"http:\/\/anoverdetajo.es\/seguridadciudadana\/wp-content\/uploads\/2014\/09\/banner_licencia_ocupacion_via.jpg\" alt=\"banner_licencia_ocupacion_via\" width=\"150\" height=\"40\" \/><\/a><a href=\"http:\/\/anoverdetajo.es\/seguridadciudadana\/licencia-de-venta-ambulante\/\"><img loading=\"lazy\" class=\"alignnone wp-image-59 size-full\" title=\"Acceso a\" src=\"http:\/\/anoverdetajo.es\/seguridadciudadana\/wp-content\/uploads\/2014\/09\/banner_licencia_venta_ambulante.jpg\" alt=\"banner_licencia_venta_ambulante\" width=\"150\" height=\"40\" \/><\/a><a href=\"http:\/\/anoverdetajo.es\/seguridadciudadana\/licencia-y-registro-de-animales-domesticos\/\"><img loading=\"lazy\" class=\"alignnone wp-image-60 size-full\" src=\"http:\/\/anoverdetajo.es\/seguridadciudadana\/wp-content\/uploads\/2014\/09\/banner_licencia_animales_domesticos.jpg\" alt=\"banner_licencia_animales_domesticos\" width=\"150\" height=\"40\" \/><\/a><a href=\"http:\/\/anoverdetajo.es\/seguridadciudadana\/obtencion-licencia-armas-4a-categoria\/\"><img loading=\"lazy\" class=\"alignnone wp-image-61 size-full\" title=\"Acceso a\" src=\"http:\/\/anoverdetajo.es\/seguridadciudadana\/wp-content\/uploads\/2014\/09\/banner_licencia_armas_4_categoria.jpg\" alt=\"banner_licencia_armas_4_categoria\" width=\"150\" height=\"40\" \/><\/a><\/p>\n<p style=\"text-align: justify;\">La secci\u00f3n de Servicios y Tr\u00e1mites, atiende las demandas de los ciudadanos, con el fin de poder facilitar las necesidades vecinales en el \u00e1mbito que circunscribe esta secci\u00f3n, se pone a disposici\u00f3n de nuestros vecinos todos aquellos tr\u00e1mites administrativos que pueden gestionarse en la secci\u00f3n administrativa de la Polic\u00eda Local de A\u00f1over de Tajo.<\/p>\n<p>&nbsp;<\/p>\n<p>&nbsp;<\/p>\n<p>&nbsp;<\/p>\n<p>&nbsp;<\/p>\n<p>&nbsp;<\/p>\n","protected":false},"excerpt":{"rendered":"<p>La secci\u00f3n de Servicios y Tr\u00e1mites, atiende las demandas de los ciudadanos, con el fin de poder facilitar las necesidades vecinales en el \u00e1mbito que circunscribe esta secci\u00f3n, se pone a disposici\u00f3n de nuestros vecinos todos aquellos tr\u00e1mites administrativos que pueden gestionarse en la secci\u00f3n administrativa de la Polic\u00eda Local de A\u00f1over de Tajo. &nbsp;<\/p>\n","protected":false},"author":1,"featured_media":0,"parent":0,"menu_order":0,"comment_status":"closed","ping_status":"closed","template":"","meta":[],"_links":{"self":[{"href":"http:\/\/anoverdetajo.es\/seguridadciudadana\/wp-json\/wp\/v2\/pages\/45"}],"collection":[{"href":"http:\/\/anoverdetajo.es\/seguridadciudadana\/wp-json\/wp\/v2\/pages"}],"about":[{"href":"http:\/\/anoverdetajo.es\/seguridadciudadana\/wp-json\/wp\/v2\/types\/page"}],"author":[{"embeddable":true,"href":"http:\/\/anoverdetajo.es\/seguridadciudadana\/wp-json\/wp\/v2\/users\/1"}],"replies":[{"embeddable":true,"href":"http:\/\/anoverdetajo.es\/seguridadciudadana\/wp-json\/wp\/v2\/comments?post=45"}],"version-history":[{"count":1,"href":"http:\/\/anoverdetajo.es\/seguridadciudadana\/wp-json\/wp\/v2\/pages\/45\/revisions"}],"predecessor-version":[{"id":305,"href":"http:\/\/anoverdetajo.es\/seguridadciudadana\/wp-json\/wp\/v2\/pages\/45\/revisions\/305"}],"wp:attachment":[{"href":"http:\/\/anoverdetajo.es\/seguridadciudadana\/wp-json\/wp\/v2\/media?parent=45"}],"curies":[{"name":"wp","href":"https:\/\/api.w.org\/{rel}","templated":true}]}}