{"id":376,"date":"2016-01-30T13:42:37","date_gmt":"2016-01-30T12:42:37","guid":{"rendered":"http:\/\/anoverdetajo.es\/seguridadciudadana\/?page_id=376"},"modified":"2016-01-30T13:57:49","modified_gmt":"2016-01-30T12:57:49","slug":"autorizaciones-para-acceder-a-la-zona-peatonal","status":"publish","type":"page","link":"http:\/\/anoverdetajo.es\/seguridadciudadana\/autorizaciones-para-acceder-a-la-zona-peatonal\/","title":{"rendered":"Autorizaciones para acceder a la zona peatonal"},"content":{"rendered":"<p><strong>Autorizaci\u00f3n para residente<\/strong><\/p>\n<p>Se conceder\u00e1 cuando la persona f\u00edsica que la solicite est\u00e9 empadronada en la zona peatonal.<\/p>\n<p>Para obtener esta autorizaci\u00f3n deber\u00e1 acompa\u00f1ar a la solicitud fotocopia del permiso de circulaci\u00f3n del veh\u00edculo para el que se pretende la autorizaci\u00f3n, cuyo titular deber\u00e1 ser el propio solicitante. El Ayuntamiento comprobar\u00e1 de oficio si \u00e9ste est\u00e1 empadronado en la zona peatonal.<\/p>\n<p>El distintivo que se expida con la autorizaci\u00f3n se identificar\u00e1 con la letra \u201cR\u201d.<\/p>\n<p>Esta autorizaci\u00f3n conferir\u00e1 derecho a:<\/p>\n<ol>\n<li>Circular en la zona peatonal con el veh\u00edculo autorizado.<\/li>\n<li>Acceder al garaje por el acceso establecido, sin ninguna limitaci\u00f3n de d\u00edas ni de horario, salvo casos extraordinarios.<\/li>\n<li>Los titulares que carezcan de garaje podr\u00e1n estacionar en los aparcamientos habilitados en v\u00eda p\u00fablica, encontr\u00e1ndose obligados a la retirada de los veh\u00edculos cuando la autoridad competente as\u00ed lo determine en virtud de las diferentes necesidades de uso de la v\u00eda peatonal.<\/li>\n<\/ol>\n<p>&nbsp;<\/p>\n<p><strong>Autorizaci\u00f3n para segunda vivienda<\/strong><\/p>\n<p>Se conceder\u00e1 cuando el\/la solicitante acredite que su domicilio habitual se encuentra situado fuera de la zona de regulaci\u00f3n de esta ordenanza y que es propietario\/a o arrendatario\/a de una vivienda situada en la zona peatonal.<\/p>\n<p>A la solicitud de la autorizaci\u00f3n deber\u00e1 acompa\u00f1ar los siguientes documentos:<\/p>\n<ol>\n<li>Fotocopia del D.N.I. del solicitante.<\/li>\n<li>Fotocopia del permiso de circulaci\u00f3n del veh\u00edculo para el que se pretende la autorizaci\u00f3n, cuyo titular deber\u00e1 ser el propietario\/a o arrendatario\/a.<\/li>\n<li>Documento acreditativo de la titularidad de la propiedad de la segunda vivienda (\u00faltimo recibo de I.B.I.) o del uso de la misma, cuando no fuere propietario.<\/li>\n<\/ol>\n<p>El distintivo que se expida con la autorizaci\u00f3n se identificar\u00e1 con la letra \u201cT\u201d.<\/p>\n<p>Esta autorizaci\u00f3n conferir\u00e1 derecho a:<\/p>\n<ol>\n<li>Circular en la zona peatonal con el veh\u00edculo autorizado.<\/li>\n<li>Acceder al garaje por el acceso establecido, sin ninguna limitaci\u00f3n de d\u00edas ni de horario, salvo casos extraordinarios.<\/li>\n<li>Los titulares que carezcan de garaje podr\u00e1n estacionar en los aparcamientos habilitados en v\u00eda p\u00fablica, encontr\u00e1ndose obligados a la retirada de los veh\u00edculos cuando la autoridad competente as\u00ed lo determine en virtud de las diferentes necesidades de uso de la v\u00eda peatonal.<\/li>\n<\/ol>\n<p>&nbsp;<\/p>\n<p><strong>Autorizaci\u00f3n para garaje <\/strong><\/p>\n<p>Se conceder\u00e1 cuando no siendo residente la persona f\u00edsica que la solicite sea usuaria, por cualquier t\u00edtulo, de un garaje en la zona peatonal.<\/p>\n<p>Para obtener esta autorizaci\u00f3n deber\u00e1 acompa\u00f1ar a la solicitud los siguientes documentos:<\/p>\n<ol>\n<li>Fotocopia del D.N.I. del solicitante.<\/li>\n<li>Fotocopia del permiso de circulaci\u00f3n del veh\u00edculo para el que se pretende la autorizaci\u00f3n, cuyo titular deber\u00e1 ser el propio solicitante.<\/li>\n<li>Documento acreditativo del pago actualizado del Impuesto sobre Bienes Inmuebles, cuando sea propietario del garaje, o del derecho al uso del mismo, cuando no lo sea.<\/li>\n<\/ol>\n<p>El distintivo que se expida con la autorizaci\u00f3n se identificar\u00e1 con la letra \u201cG\u201d.<\/p>\n<p>Esta autorizaci\u00f3n conferir\u00e1 derecho a acceder con el veh\u00edculo al garaje, sin limitaci\u00f3n de d\u00edas ni de horario, salvo casos extraordinarios. No le confiere derecho a estacionar fuera del garaje.<\/p>\n<p>En el caso de garajes compartidos, no podr\u00e1 acceder a la v\u00eda en la que se encuentre la plaza de garaje por un veh\u00edculo en tanto esta no se encuentre previamente desocupada.<\/p>\n<p>&nbsp;<\/p>\n<p><strong>Autorizaci\u00f3n establecimiento comercial<\/strong><\/p>\n<p>Se conceder\u00e1 cuando el\/la solicitante sea titular de un establecimiento comercial, autorizado, abierto al p\u00fablico y situado en la zona peatonal.<\/p>\n<p>Para obtener esta autorizaci\u00f3n deber\u00e1 acompa\u00f1ar a la solicitud fotocopia del permiso de circulaci\u00f3n del veh\u00edculo para el que se solicita la autorizaci\u00f3n, cuyo titular deber\u00e1 ser el propio solicitante. Se facilitar\u00e1n dos autorizaciones por establecimiento, que por razones excepcionales, debidamente justificadas, se podr\u00e1 extender a m\u00e1s veh\u00edculos. El Ayuntamiento comprobar\u00e1 de oficio si el establecimiento dispone de licencia de actividad y ejerce la actividad durante el periodo de peatonalizaci\u00f3n de las v\u00edas reguladas por la presente ordenanza.<\/p>\n<p>Esta autorizaci\u00f3n conferir\u00e1 derecho a:<\/p>\n<ol>\n<li>Circular en la zona peatonal con el veh\u00edculo autorizado.<\/li>\n<li>Acceder a una zona pr\u00f3xima a su establecimiento comercial.<\/li>\n<li>Realizar peque\u00f1as operaciones de carga y descarga, por el per\u00edodo de tiempo Imprescindible para ello (treinta minutos). El distintivo que se expida con la autorizaci\u00f3n Se identificar\u00e1 con la letra \u201cC\u201d.<\/li>\n<\/ol>\n<p>&nbsp;<\/p>\n<p><strong>Tasa por expedici\u00f3n de tarjetas y mandos de acceso<\/strong><\/p>\n<p>La primera entrega ser\u00e1 gratuita.<\/p>\n","protected":false},"excerpt":{"rendered":"<p>Autorizaci\u00f3n para residente Se conceder\u00e1 cuando la persona f\u00edsica que la solicite est\u00e9 empadronada en la zona peatonal. Para obtener esta autorizaci\u00f3n deber\u00e1 acompa\u00f1ar a la solicitud fotocopia del permiso de circulaci\u00f3n del veh\u00edculo para el que se pretende la autorizaci\u00f3n, cuyo titular deber\u00e1 ser el propio solicitante. El Ayuntamiento comprobar\u00e1 de oficio si \u00e9ste<\/p>\n","protected":false},"author":2,"featured_media":0,"parent":0,"menu_order":0,"comment_status":"closed","ping_status":"closed","template":"","meta":[],"_links":{"self":[{"href":"http:\/\/anoverdetajo.es\/seguridadciudadana\/wp-json\/wp\/v2\/pages\/376"}],"collection":[{"href":"http:\/\/anoverdetajo.es\/seguridadciudadana\/wp-json\/wp\/v2\/pages"}],"about":[{"href":"http:\/\/anoverdetajo.es\/seguridadciudadana\/wp-json\/wp\/v2\/types\/page"}],"author":[{"embeddable":true,"href":"http:\/\/anoverdetajo.es\/seguridadciudadana\/wp-json\/wp\/v2\/users\/2"}],"replies":[{"embeddable":true,"href":"http:\/\/anoverdetajo.es\/seguridadciudadana\/wp-json\/wp\/v2\/comments?post=376"}],"version-history":[{"count":5,"href":"http:\/\/anoverdetajo.es\/seguridadciudadana\/wp-json\/wp\/v2\/pages\/376\/revisions"}],"predecessor-version":[{"id":387,"href":"http:\/\/anoverdetajo.es\/seguridadciudadana\/wp-json\/wp\/v2\/pages\/376\/revisions\/387"}],"wp:attachment":[{"href":"http:\/\/anoverdetajo.es\/seguridadciudadana\/wp-json\/wp\/v2\/media?parent=376"}],"curies":[{"name":"wp","href":"https:\/\/api.w.org\/{rel}","templated":true}]}}