{"id":303,"date":"2015-12-31T08:14:14","date_gmt":"2015-12-31T07:14:14","guid":{"rendered":"http:\/\/anoverdetajo.es\/seguridadciudadana\/?page_id=303"},"modified":"2015-12-31T08:19:52","modified_gmt":"2015-12-31T07:19:52","slug":"cambio-de-domicilio-en-permiso-de-conducir-y-de-circulacion-dgt","status":"publish","type":"page","link":"http:\/\/anoverdetajo.es\/seguridadciudadana\/cambio-de-domicilio-en-permiso-de-conducir-y-de-circulacion-dgt\/","title":{"rendered":"Cambio de domicilio en permiso de conducir y de circulaci\u00f3n (DGT)"},"content":{"rendered":"<p>La comunicaci\u00f3n del cambio de domicilio a la Jefatura Provincial de Tr\u00e1fico de Toledo (JPT), puede realizarse,\u00a0<strong>presencialmente<\/strong>,\u00a0en la <strong>O.A.C<\/strong> (Oficina de Atenci\u00f3n Ciudadana) de la Jefatura de Polic\u00eda Local. Para la tramitaci\u00f3n del cambio es necesario que las personas solicitantes, figuren empadronadas en el domicilio que deseen comunicar a la JPT.<\/p>\n<p>En el caso de que act\u00fae por medio de representante, \u00e9ste deber\u00e1 presentar Documento de identidad del interesado y del representante; as\u00ed como la autorizaci\u00f3n para actuar en nombre y representaci\u00f3n del mismo.<\/p>\n<p>No se tramitar\u00e1n solicitudes de cambio de domicilio a:<br \/>\n\u2013\u00a0Personas no empadronadas en A\u00f1over de Tajo.<br \/>\n\u2013\u00a0Personas jur\u00eddicas.<br \/>\n\u2013\u00a0Permisos de circulaci\u00f3n que deban pasar la ITV en un periodo de 2 meses.<br \/>\n\u2013\u00a0Permisos de conducir, con documento de identidad distinto al que tenemos en la actualidad.<\/p>\n<p><strong>Documentaci\u00f3n que debes aportar para hacer un Cambio de domicilio en el Registro de Veh\u00edculos (Permiso de Circulaci\u00f3n)<\/strong><br \/>\n\u2013\u00a0Presentaci\u00f3n del documento de Identidad, en vigor.<br \/>\n\u2013\u00a0Ficha t\u00e9cnica en vigor de haber pasado la ITV<br \/>\n\u2013\u00a0Permiso de circulaci\u00f3n.<br \/>\n\u2013\u00a0En caso de existir cotitulares, \u00e9stos deben presentar su documento de identidad, en vigor.<\/p>\n<p><strong>Documentaci\u00f3n que debes aportar para hacer un Cambio de domicilio en el Registro de Conductores (Permiso de Conducir)<\/strong><br \/>\n\u2013\u00a0Presentaci\u00f3n del documento de Identidad, en vigor.<br \/>\n\u2013\u00a0Estar empadronado en el domicilio objeto del cambio.<br \/>\n\u2013\u00a0Permiso de conducir en vigor.<br \/>\nLos cambios de domicilio, en el Permiso de Conducir, no sustituyen en ning\u00fan caso a las renovaciones y por tanto no modifican la fecha de validez del documento original.<\/p>\n<p><em><strong>Descarga de documentos:<\/strong><\/em><\/p>\n<ul>\n<li><a href=\"http:\/\/anoverdetajo.es\/seguridadciudadana\/wp-content\/plugins\/download-monitor\/download.php?id=10\" target=\"_blank\">Solicitud de tramitaci\u00f3n de documentaci\u00f3n en DGT.<\/a><\/li>\n<\/ul>\n","protected":false},"excerpt":{"rendered":"<p>La comunicaci\u00f3n del cambio de domicilio a la Jefatura Provincial de Tr\u00e1fico de Toledo (JPT), puede realizarse,\u00a0presencialmente,\u00a0en la O.A.C (Oficina de Atenci\u00f3n Ciudadana) de la Jefatura de Polic\u00eda Local. Para la tramitaci\u00f3n del cambio es necesario que las personas solicitantes, figuren empadronadas en el domicilio que deseen comunicar a la JPT. En el caso de<\/p>\n","protected":false},"author":2,"featured_media":0,"parent":0,"menu_order":0,"comment_status":"closed","ping_status":"closed","template":"","meta":[],"_links":{"self":[{"href":"http:\/\/anoverdetajo.es\/seguridadciudadana\/wp-json\/wp\/v2\/pages\/303"}],"collection":[{"href":"http:\/\/anoverdetajo.es\/seguridadciudadana\/wp-json\/wp\/v2\/pages"}],"about":[{"href":"http:\/\/anoverdetajo.es\/seguridadciudadana\/wp-json\/wp\/v2\/types\/page"}],"author":[{"embeddable":true,"href":"http:\/\/anoverdetajo.es\/seguridadciudadana\/wp-json\/wp\/v2\/users\/2"}],"replies":[{"embeddable":true,"href":"http:\/\/anoverdetajo.es\/seguridadciudadana\/wp-json\/wp\/v2\/comments?post=303"}],"version-history":[{"count":2,"href":"http:\/\/anoverdetajo.es\/seguridadciudadana\/wp-json\/wp\/v2\/pages\/303\/revisions"}],"predecessor-version":[{"id":306,"href":"http:\/\/anoverdetajo.es\/seguridadciudadana\/wp-json\/wp\/v2\/pages\/303\/revisions\/306"}],"wp:attachment":[{"href":"http:\/\/anoverdetajo.es\/seguridadciudadana\/wp-json\/wp\/v2\/media?parent=303"}],"curies":[{"name":"wp","href":"https:\/\/api.w.org\/{rel}","templated":true}]}}