{"id":28,"date":"2014-08-06T11:19:32","date_gmt":"2014-08-06T10:19:32","guid":{"rendered":"http:\/\/anoverdetajo.es\/seguridadciudadana\/?page_id=28"},"modified":"2015-12-30T10:09:45","modified_gmt":"2015-12-30T09:09:45","slug":"denuncias","status":"publish","type":"page","link":"http:\/\/anoverdetajo.es\/seguridadciudadana\/denuncias\/","title":{"rendered":"Denuncias"},"content":{"rendered":"<p style=\"text-align: justify;\">Si como ciudadano ha sido v\u00edctima de un Delito y quiere ponerlo en conocimiento de la autoridad judicial, puede cursar su denuncia en la Polic\u00eda Local de A\u00f1over de Tajo de las siguientes formas:<\/p>\n<p style=\"text-align: justify;\"><strong><span style=\"text-decoration: underline;\">Presencial<\/span><\/strong><\/p>\n<p style=\"text-align: justify;\">Person\u00e1ndose en dependencia de la Polic\u00eda Local de A\u00f1over de Tajo y manifestando ante los agentes los hechos ocurridos, los cuales ser\u00e1n puestos en conocimiento de la autoridad judicial.<\/p>\n<p style=\"text-align: justify;\">Deber\u00e1 acreditar su identidad mediante su documento identificativo (DNI, NIE, Pasaporte) y as\u00ed como con los medios de prueba que puedan aportar.<\/p>\n<p style=\"text-align: justify;\"><span style=\"text-decoration: underline;\"><strong>Mediante formulario estandarizado<\/strong><\/span><\/p>\n<p style=\"text-align: justify;\">En esta p\u00e1gina web se pone a disposici\u00f3n de los ciudadanos unos formularios para presentar denuncia sobre los siguientes hechos:<\/p>\n<ul style=\"text-align: justify;\">\n<li>Perdida o extrav\u00edo de documentaci\u00f3n.<\/li>\n<li>Hallazgo de documentaci\u00f3n o efectos.<\/li>\n<li>Hurtos.<\/li>\n<li>Da\u00f1os.<\/li>\n<\/ul>\n<p style=\"text-align: justify;\"><em><span style=\"text-decoration: underline;\">Recuerde<\/span><\/em><\/p>\n<ul style=\"text-align: justify;\">\n<li>No se puede denunciar por sistema ning\u00fan hecho donde haya habido VIOLENCIA F\u00cdSICA EN LAS PERSONAS, donde la v\u00edctima haya visto a los AUTORES o pueda identificarlos.<\/li>\n<li>Deber\u00e1 presentar el impreso en Jefatura de Polic\u00eda Local en un plazo m\u00e1ximo de 72 horas desde\u00a0su\u00a0formalizaci\u00f3n, debidamente completado y firmado. Si por causas ajenas a su voluntad no pudiera personarse en Polic\u00eda Local en el plazo indicado, ponga en conocimiento este hecho a trav\u00e9s de v\u00eda telef\u00f3nica o correo electr\u00f3nico.<\/li>\n<li>A la entrega del formulario deber\u00e1 identificarse mediante la presentaci\u00f3n de su documento identificativo (DNI, NIE, Pasaporte) y aportar todos los medios de prueba que posea.<\/li>\n<\/ul>\n<p style=\"text-align: justify;\">\n<p style=\"text-align: justify;\"><span style=\"text-decoration: underline;\"><strong>AVISO LEGAL<\/strong><\/span><\/p>\n<p style=\"text-align: justify;\">El denunciante es informado de la obligaci\u00f3n legal que tiene de decir la verdad (Art.433 de L.E.Cr.) y de la posible responsabilidad penal en la que puede incurrir en caso de acusar o imputar falsamente a una persona una infracci\u00f3n penal o con temerario desprecio hacia la verdad (Art. 456 de C\u00f3digo Penal), simular ser responsable o v\u00edctima de una infracci\u00f3n penal (Art.457 de C\u00f3digo Penal), o faltar a la verdad en su testimonio (Art.458 de C\u00f3digo Penal).<\/p>\n<p style=\"text-align: justify;\"><em><span style=\"text-decoration: underline;\">Ley de Protecci\u00f3n de Datos<\/span><\/em><\/p>\n<p style=\"text-align: justify;\">La informaci\u00f3n personal (datos de filiaci\u00f3n) consignada al formular la denuncia por este procedimiento, solo podr\u00e1 ser utilizada para las finalidades propias de la administraci\u00f3n e investigaci\u00f3n policial. El fichero al que se incorpore, est\u00e1 sometido a lo establecido por la Ley Org\u00e1nica 15\/1999, de 13 de diciembre sobre Protecci\u00f3n de Datos de Car\u00e1cter Personal.<\/p>\n<p>&nbsp;<\/p>\n","protected":false},"excerpt":{"rendered":"<p>Si como ciudadano ha sido v\u00edctima de un Delito y quiere ponerlo en conocimiento de la autoridad judicial, puede cursar su denuncia en la Polic\u00eda Local de A\u00f1over de Tajo de las siguientes formas: Presencial Person\u00e1ndose en dependencia de la Polic\u00eda Local de A\u00f1over de Tajo y manifestando ante los agentes los hechos ocurridos, los<\/p>\n","protected":false},"author":1,"featured_media":0,"parent":0,"menu_order":0,"comment_status":"closed","ping_status":"closed","template":"","meta":[],"_links":{"self":[{"href":"http:\/\/anoverdetajo.es\/seguridadciudadana\/wp-json\/wp\/v2\/pages\/28"}],"collection":[{"href":"http:\/\/anoverdetajo.es\/seguridadciudadana\/wp-json\/wp\/v2\/pages"}],"about":[{"href":"http:\/\/anoverdetajo.es\/seguridadciudadana\/wp-json\/wp\/v2\/types\/page"}],"author":[{"embeddable":true,"href":"http:\/\/anoverdetajo.es\/seguridadciudadana\/wp-json\/wp\/v2\/users\/1"}],"replies":[{"embeddable":true,"href":"http:\/\/anoverdetajo.es\/seguridadciudadana\/wp-json\/wp\/v2\/comments?post=28"}],"version-history":[{"count":2,"href":"http:\/\/anoverdetajo.es\/seguridadciudadana\/wp-json\/wp\/v2\/pages\/28\/revisions"}],"predecessor-version":[{"id":299,"href":"http:\/\/anoverdetajo.es\/seguridadciudadana\/wp-json\/wp\/v2\/pages\/28\/revisions\/299"}],"wp:attachment":[{"href":"http:\/\/anoverdetajo.es\/seguridadciudadana\/wp-json\/wp\/v2\/media?parent=28"}],"curies":[{"name":"wp","href":"https:\/\/api.w.org\/{rel}","templated":true}]}}