{"id":25,"date":"2014-08-06T10:56:46","date_gmt":"2014-08-06T09:56:46","guid":{"rendered":"http:\/\/anoverdetajo.es\/seguridadciudadana\/?page_id=25"},"modified":"2015-12-31T08:29:04","modified_gmt":"2015-12-31T07:29:04","slug":"donde-estamos","status":"publish","type":"page","link":"http:\/\/anoverdetajo.es\/seguridadciudadana\/donde-estamos\/","title":{"rendered":"\u00bfD\u00f3nde estamos?"},"content":{"rendered":"<p>Plaza de Espa\u00f1a, 12. A\u00f1over de Tajo. Atenci\u00f3n al p\u00fablico: de 8\u00a0a\u00a015 horas.<\/p>\n<p>Tel\u00e9fono:\u00a0629 932 444. \u00a0Fax: 925 673 044. Correo electr\u00f3nico: <a href=\"mailto:seguridadciudadana@anoverdetajo.es\" target=\"_blank\">seguridadciudadana@anoverdetajo.es<\/a><\/p>\n<p><iframe src=\"https:\/\/www.google.es\/maps\/d\/embed?mid=zMzlcbs5FdnY.kzy7s-iCynf8\" width=\"610\" height=\"460\"><\/iframe><\/p>\n","protected":false},"excerpt":{"rendered":"<p>Plaza de Espa\u00f1a, 12. A\u00f1over de Tajo. Atenci\u00f3n al p\u00fablico: de 8\u00a0a\u00a015 horas. Tel\u00e9fono:\u00a0629 932 444. \u00a0Fax: 925 673 044. Correo electr\u00f3nico: seguridadciudadana@anoverdetajo.es<\/p>\n","protected":false},"author":1,"featured_media":0,"parent":0,"menu_order":0,"comment_status":"closed","ping_status":"closed","template":"","meta":[],"_links":{"self":[{"href":"http:\/\/anoverdetajo.es\/seguridadciudadana\/wp-json\/wp\/v2\/pages\/25"}],"collection":[{"href":"http:\/\/anoverdetajo.es\/seguridadciudadana\/wp-json\/wp\/v2\/pages"}],"about":[{"href":"http:\/\/anoverdetajo.es\/seguridadciudadana\/wp-json\/wp\/v2\/types\/page"}],"author":[{"embeddable":true,"href":"http:\/\/anoverdetajo.es\/seguridadciudadana\/wp-json\/wp\/v2\/users\/1"}],"replies":[{"embeddable":true,"href":"http:\/\/anoverdetajo.es\/seguridadciudadana\/wp-json\/wp\/v2\/comments?post=25"}],"version-history":[{"count":1,"href":"http:\/\/anoverdetajo.es\/seguridadciudadana\/wp-json\/wp\/v2\/pages\/25\/revisions"}],"predecessor-version":[{"id":311,"href":"http:\/\/anoverdetajo.es\/seguridadciudadana\/wp-json\/wp\/v2\/pages\/25\/revisions\/311"}],"wp:attachment":[{"href":"http:\/\/anoverdetajo.es\/seguridadciudadana\/wp-json\/wp\/v2\/media?parent=25"}],"curies":[{"name":"wp","href":"https:\/\/api.w.org\/{rel}","templated":true}]}}