{"id":211,"date":"2015-12-15T19:18:03","date_gmt":"2015-12-15T18:18:03","guid":{"rendered":"http:\/\/anoverdetajo.es\/seguridadciudadana\/?page_id=211"},"modified":"2015-12-28T17:20:34","modified_gmt":"2015-12-28T16:20:34","slug":"seguridad-en-internet","status":"publish","type":"page","link":"http:\/\/anoverdetajo.es\/seguridadciudadana\/seguridad-en-internet\/","title":{"rendered":"Seguridad en Internet"},"content":{"rendered":"<p style=\"text-align: justify;\"><strong>Fraudes en la red<\/strong><\/p>\n<p style=\"text-align: justify;\"><strong><em>Phishing<\/em><\/strong><\/p>\n<p style=\"text-align: justify;\">El \u00abphishing\u00bb es una modalidad de estafa con el objetivo de intentar obtener de un usuario sus datos, claves, cuentas bancarias, n\u00fameros de tarjeta de cr\u00e9dito, identidades, etc. Resumiendo \u00abtodos los datos posibles\u00bb para luego ser usados de forma fraudulenta.<\/p>\n<p style=\"text-align: justify;\">Se puede resumir de forma f\u00e1cil, enga\u00f1ando al posible estafado, \u00absuplantando la imagen de una empresa o entidad p\u00fablica\u00bb, de esta manera hacen \u00abcreer\u00bb a la posible v\u00edctima que realmente los datos solicitados proceden del sitio \u00abOficial\u00bb cuando en realidad no lo es.<\/p>\n<p style=\"text-align: justify;\">El phishing puede producirse de varias formas, desde un simple mensaje a su tel\u00e9fono m\u00f3vil, una llamada telef\u00f3nica, una web que simula una entidad, la m\u00e1s usada y conocida por los internautas, la recepci\u00f3n de un correo electr\u00f3nico.<\/p>\n<p style=\"text-align: justify;\"><em><strong>Web falsa de recargas<\/strong><\/em><\/p>\n<p style=\"text-align: justify;\">Es una variante del Phishing que solo busca un prop\u00f3sito, robar datos bancarios a los usuarios.<\/p>\n<p style=\"text-align: justify;\">Detr\u00e1s de llamativas ofertas prometiendo recargas m\u00e1s econ\u00f3micas se puede esconder una estafa, que lo \u00fanico que busca es hacerse con informaci\u00f3n del usuario.<\/p>\n<p style=\"text-align: justify;\">&#8211; Este tipo de fraude puede ser algunas veces m\u00e1s peligroso que el tradicional phishing, el ataque no es directo, se encuentra en los anuncios de los enlaces patrocinadores de buscadores de Internet.<\/p>\n<p style=\"text-align: justify;\"><em><strong>Oferta falsa de trabajo<\/strong><\/em><\/p>\n<p style=\"text-align: justify;\">El Scam es la captaci\u00f3n de personas por medio de correos electr\u00f3nicos, anuncios en web de trabajo, chats, etc\u2026, donde las empresas ficticias le ofrecen trabajar c\u00f3modamente desde casa y cobrando unos beneficios muy altos. Sin saberlo, la victima esta blanqueando dinero obtenido por medio del phishing (procedente de estafas bancarias).<\/p>\n<ul style=\"text-align: justify;\">\n<li><strong>Siempre le piden que tenga o abra una cuenta bancaria.<\/strong><\/li>\n<\/ul>\n<p style=\"text-align: justify;\">Su trabajo consiste en recibir transferencias bancarias a su cuenta bancaria, sacar este dinero posteriormente para enviarlo a pa\u00edses extranjeros por medio de empresas tipo Westem Union, Money Gram.<\/p>\n<p style=\"text-align: justify;\">Para hacer m\u00e1s cre\u00edble la oferta de trabajo nos enviaran un contrato de trabajo falso. Una vez obtenidos los datos de la v\u00edctima, si esta no colabora efectuaran amenazas sobre esta.<\/p>\n<p style=\"text-align: justify;\"><strong><em>Phishing-Car<\/em><\/strong><\/p>\n<p style=\"text-align: justify;\">Captaci\u00f3n de compradores de coches a un coste muy bajo, la venta nunca se efect\u00faa, esta persona realiza un pago como se\u00f1al, se queda sin dinero y sin coche.<\/p>\n<p style=\"text-align: justify;\">Se producen por medio de llamativas ofertas en veh\u00edculos lujosos, incluso tienen web trampas con nombre de dominios muy similares a empresas con mucho prestigio que se dedican a la venta de veh\u00edculos de ocasi\u00f3n, pero todos los fraudes tienen algo en com\u00fan:<\/p>\n<p style=\"text-align: justify;\">El pago se realiza por medio de empresas de envi\u00f3 de dinero a otros pa\u00edses (Tipo Western Union, Money Gram).<\/p>\n<p style=\"text-align: justify;\">El vendedor le oferta la entrega a domicilio.<\/p>\n<p style=\"text-align: justify;\">En un 90% el veh\u00edculo que venden esta fuera de su pa\u00eds, de esta manera usted solo puede verlo en fotos.<\/p>\n<p style=\"text-align: justify;\">Le piden primero el 30% o el 40% del precio ofertado como primera se\u00f1al.<\/p>\n<p style=\"text-align: justify;\">Captan a las v\u00edctimas por medio de anuncios en web de venta de coches o de segunda mano y por supuesto la recepci\u00f3n de correos electr\u00f3nicos.<\/p>\n<p style=\"text-align: justify;\"><em><strong>Pharming<\/strong><\/em><\/p>\n<p style=\"text-align: justify;\">Es una t\u00e9cnica para llevar a cabo estafas online, aunque en muchos medios comentan que no es necesario usar ingenier\u00eda social esta definici\u00f3n no es totalmente cierta ya que es necesario que nuestra maquina o la remota \u201csea manipulada\u201d. El pharming consiste en manipular las direcciones DNS que utiliza el usuario, con el objetivo de enga\u00f1arle y conseguir que las p\u00e1ginas que visite el usuario no sean realmente originales aunque su aspecto sea id\u00e9ntico.<strong><br \/>\n<\/strong><\/p>\n<p style=\"text-align: justify;\">Se desv\u00eda el tr\u00e1fico de Internet de un sitio Web hacia otro sitio de apariencia similar, con la finalidad de enga\u00f1ar a los usuarios para obtener sus nombres y contrase\u00f1as de acceso, que se registrar\u00e1n en la base de datos de un sitio falso que fue creando antes y donde simula a la web que suplantan.<\/p>\n","protected":false},"excerpt":{"rendered":"<p>Fraudes en la red Phishing El \u00abphishing\u00bb es una modalidad de estafa con el objetivo de intentar obtener de un usuario sus datos, claves, cuentas bancarias, n\u00fameros de tarjeta de cr\u00e9dito, identidades, etc. Resumiendo \u00abtodos los datos posibles\u00bb para luego ser usados de forma fraudulenta. Se puede resumir de forma f\u00e1cil, enga\u00f1ando al posible estafado,<\/p>\n","protected":false},"author":2,"featured_media":0,"parent":0,"menu_order":0,"comment_status":"closed","ping_status":"closed","template":"","meta":[],"_links":{"self":[{"href":"http:\/\/anoverdetajo.es\/seguridadciudadana\/wp-json\/wp\/v2\/pages\/211"}],"collection":[{"href":"http:\/\/anoverdetajo.es\/seguridadciudadana\/wp-json\/wp\/v2\/pages"}],"about":[{"href":"http:\/\/anoverdetajo.es\/seguridadciudadana\/wp-json\/wp\/v2\/types\/page"}],"author":[{"embeddable":true,"href":"http:\/\/anoverdetajo.es\/seguridadciudadana\/wp-json\/wp\/v2\/users\/2"}],"replies":[{"embeddable":true,"href":"http:\/\/anoverdetajo.es\/seguridadciudadana\/wp-json\/wp\/v2\/comments?post=211"}],"version-history":[{"count":0,"href":"http:\/\/anoverdetajo.es\/seguridadciudadana\/wp-json\/wp\/v2\/pages\/211\/revisions"}],"wp:attachment":[{"href":"http:\/\/anoverdetajo.es\/seguridadciudadana\/wp-json\/wp\/v2\/media?parent=211"}],"curies":[{"name":"wp","href":"https:\/\/api.w.org\/{rel}","templated":true}]}}