{"id":209,"date":"2015-12-15T19:19:22","date_gmt":"2015-12-15T18:19:22","guid":{"rendered":"http:\/\/anoverdetajo.es\/seguridadciudadana\/?page_id=209"},"modified":"2015-12-28T17:20:26","modified_gmt":"2015-12-28T16:20:26","slug":"seguridad-al-volante","status":"publish","type":"page","link":"http:\/\/anoverdetajo.es\/seguridadciudadana\/seguridad-al-volante\/","title":{"rendered":"Seguridad al volante"},"content":{"rendered":"<p><strong>Ante un accidente de tr\u00e1fico<\/strong><\/p>\n<p>En caso de accidente, no tiene que precipitarse en acudir en auxilio de los veh\u00edculos implicados en el accidente. Lo primero que tiene que hacer es se\u00f1alizar el lugar del accidente con los tri\u00e1ngulos de emergencia para evitar un nuevo accidente. Una vez hecho esto, llame al Centro de Coordinaci\u00f3n de Emergencias 112 y explique lo que ha sucedido.<\/p>\n<p>En caso de que existan heridos se procurar\u00e1 moverlos lo menos posible, evitando tirar de ellos y abrigarlos, a la espera de la llegada de los servicios correspondientes.<\/p>\n<p>A la llegada de los Agentes, se tomar\u00e1n las medidas preventivas de auxilio de heridos si los hubiera y ellos le facilitar\u00e1n la informaci\u00f3n que necesite para tramitar el correspondiente parte de accidentes.<\/p>\n<p>Si alg\u00fan veh\u00edculo involucrado en el accidente abandona el lugar, es importante que anote su matr\u00edcula y de cuenta de ello a las Fuerzas y Cuerpos de Seguridad.<\/p>\n<p>&nbsp;<\/p>\n<p><strong>Ante el uso del veh\u00edculo<\/strong><\/p>\n<p><strong><em>Mantenimiento del veh\u00edculo<\/em><\/strong><\/p>\n<ul>\n<li>Revisar el buen estado mec\u00e1nico y especialmente comprobar los frenos.<\/li>\n<li>Comprobar las escobillas y funcionamiento del limpiaparabrisas y luneta t\u00e9rmica.<\/li>\n<li>Comprobar el alumbrado del veh\u00edculo, antiniebla y sus reglajes.<\/li>\n<li>Niveles de l\u00edquido de frenos y aceite, l\u00edquido anticongelante y del limpiaparabrisas.<\/li>\n<li>Limpiar el veh\u00edculo, cristales, faros, antiniebla, pilotos, retrovisores y reflexivos para ver y ser vistos.<\/li>\n<li>Comprobar la presi\u00f3n, dibujo y ranuras (m\u00ednimo 1,6 mm) de los neum\u00e1ticos para asegurar una buena adherencia a la carretera y evitar el deslizamiento.<\/li>\n<\/ul>\n<p>&nbsp;<\/p>\n<p><em><strong>Antes de iniciar la marcha<\/strong><\/em><\/p>\n<ul>\n<li>Solicite informaci\u00f3n sobre el estado de la circulaci\u00f3n\u00a0de las\u00a0carreteras que tenga que utilizar, as\u00ed como de los datos de la situaci\u00f3n meteorol\u00f3gica prevista en la zona, posibles itinerarios alternativos en caso que\u00a0existan retenciones de tr\u00e1fico u otro tipo de informaci\u00f3n relacionada con el tr\u00e1fico.<\/li>\n<li>Programe con antelaci\u00f3n el plan de viaje, evitando, si es posible, \u00a0los d\u00edas de\u00a0desplazamiento masivo y las horas m\u00e1s desfavorables.<\/li>\n<li>Antes de iniciar la marcha todos los ocupantes deber\u00e1n llevar abrochado el cintur\u00f3n, los menores de edad deber\u00e1n utilizar el dispositivo de retenci\u00f3n infantil.<\/li>\n<li>Si dispone de tiempo necesario, elija su itinerario, teniendo en cuenta y comparando las condiciones de seguridad y las carreteras menos transitadas.<\/li>\n<li>Conducir preferentemente durante la ma\u00f1ana o la tarde, evitar la noche ya que la conducci\u00f3n nocturna produce fatiga y somnolencia.<\/li>\n<li>Si dispone del tiempo necesario, elija su itinerario, teniendo en cuenta y comparando las\u00a0 condiciones de seguridad y las carreteras menos transitadas.<\/li>\n<\/ul>\n<p>&nbsp;<\/p>\n<p><em><strong>Durante la conducci\u00f3n<\/strong><\/em><\/p>\n<ul>\n<li>Mantenga las distancias reglamentarias entre veh\u00edculos a fin de evitar colisiones por frenazos bruscos (frecuentes en los adelantamientos a los camiones cuando circulan muchos veh\u00edculos). Reduzca la velocidad e incremente la distancia entre veh\u00edculos en el caso de lluvia o pavimento mojado.<\/li>\n<li>No conduzca si le entra sue\u00f1o, pare de circular y descanse hasta que pueda continuar.<\/li>\n<li>Tenga extremo cuidado en informarse sobre efectos de las medicinas que est\u00e9 tomando. No conduzca tomando f\u00e1rmacos sobre las alergias y similares que le produzcan somnolencia.<\/li>\n<li>Tome las prevenciones necesarias para su veh\u00edculo (Chalecos, cadenas&#8230;); extreme la protecci\u00f3n en el caso de una ver\u00eda de su veh\u00edculo, la circulaci\u00f3n por la v\u00eda, etc.<\/li>\n<li>Al frenar, acelerar o al tomar curvas, evite movimientos abruptos y sacudidas especialmente en el caso de lluvia o pavimento mojado. Si su veh\u00edculo hidroplanea quite el pie del acelerador y no frene.<\/li>\n<li>Mantenga las luces de su veh\u00edculo encendidas si hay problemas de visibilidad. Har\u00e1 que los dem\u00e1s conductores perciban mejor su veh\u00edculo.<\/li>\n<li>No coja el veh\u00edculo si ha tomado bebidas alcoh\u00f3licas. El mejor alcohol\u00edmetro debe ser su sentido de la responsabilidad.<\/li>\n<li>No conduzca sin parar en largos trayectos. Intente ser autodisciplinado parando cada dos horas m\u00e1ximo.<\/li>\n<\/ul>\n<p>&nbsp;<\/p>\n<p><strong>Ante inclemencias del tiempo<\/strong><\/p>\n<p>Para una mayor seguridad en estas circunstancias seguiremos estos consejos:<\/p>\n<ul>\n<li>Conducir con precauci\u00f3n. Procure no circular al lado de arbolados, ni estacione su veh\u00edculo debajo los mismos, ni en las proximidades de muros, tapias o puertas.<\/li>\n<\/ul>\n","protected":false},"excerpt":{"rendered":"<p>Ante un accidente de tr\u00e1fico En caso de accidente, no tiene que precipitarse en acudir en auxilio de los veh\u00edculos implicados en el accidente. Lo primero que tiene que hacer es se\u00f1alizar el lugar del accidente con los tri\u00e1ngulos de emergencia para evitar un nuevo accidente. Una vez hecho esto, llame al Centro de Coordinaci\u00f3n<\/p>\n","protected":false},"author":2,"featured_media":0,"parent":0,"menu_order":0,"comment_status":"closed","ping_status":"closed","template":"","meta":[],"_links":{"self":[{"href":"http:\/\/anoverdetajo.es\/seguridadciudadana\/wp-json\/wp\/v2\/pages\/209"}],"collection":[{"href":"http:\/\/anoverdetajo.es\/seguridadciudadana\/wp-json\/wp\/v2\/pages"}],"about":[{"href":"http:\/\/anoverdetajo.es\/seguridadciudadana\/wp-json\/wp\/v2\/types\/page"}],"author":[{"embeddable":true,"href":"http:\/\/anoverdetajo.es\/seguridadciudadana\/wp-json\/wp\/v2\/users\/2"}],"replies":[{"embeddable":true,"href":"http:\/\/anoverdetajo.es\/seguridadciudadana\/wp-json\/wp\/v2\/comments?post=209"}],"version-history":[{"count":0,"href":"http:\/\/anoverdetajo.es\/seguridadciudadana\/wp-json\/wp\/v2\/pages\/209\/revisions"}],"wp:attachment":[{"href":"http:\/\/anoverdetajo.es\/seguridadciudadana\/wp-json\/wp\/v2\/media?parent=209"}],"curies":[{"name":"wp","href":"https:\/\/api.w.org\/{rel}","templated":true}]}}