{"id":206,"date":"2015-12-15T19:20:35","date_gmt":"2015-12-15T18:20:35","guid":{"rendered":"http:\/\/anoverdetajo.es\/seguridadciudadana\/?page_id=206"},"modified":"2016-01-07T12:38:03","modified_gmt":"2016-01-07T11:38:03","slug":"seguridad-en-la-vivienda","status":"publish","type":"page","link":"http:\/\/anoverdetajo.es\/seguridadciudadana\/seguridad-en-la-vivienda\/","title":{"rendered":"Seguridad en la vivienda"},"content":{"rendered":"<p style=\"text-align: justify;\">Debemos tener en cuenta unas pautas cuando estemos en nuestro domicilio o vayamos a ausentarnos:<\/p>\n<ul style=\"text-align: justify;\">\n<li>No abrir la puerta a personas desconocidas.<\/li>\n<li>Pida siempre la identificaci\u00f3n al personal del agua, la luz, el gas o el tel\u00e9fono y comprobar el servicio, llamando a la compa\u00f1\u00eda. Desconfiar del n\u00famero de tel\u00e9fono que les facilite el posible instalador.<\/li>\n<li>Recoger diariamente la correspondencia para evitar que personas ajenas utilicen sus datos personales.<\/li>\n<li>Cierre siempre con llave las puertas de acceso a la calle.<\/li>\n<li>Cierre bien la puerta de entrada del edificio y comprobar que ning\u00fan desconocido aprovecha para entrar.<\/li>\n<li>No dejar las llaves puestas en la cerradura exterior, ni bajo el felpudo, ni en el buz\u00f3n, ni en ning\u00fan otro escondite externo al domicilio.<\/li>\n<li>Si pierde las llaves, cambie las cerraduras.<\/li>\n<\/ul>\n<p style=\"text-align: justify;\"><em><strong>Puertas de acceso<\/strong><\/em><\/p>\n<ul style=\"text-align: justify;\">\n<li>Cierre bien todos los accesos a la hora de ir a dormir y tambi\u00e9n cuando est\u00e1n fuera de casa.<\/li>\n<li>Un pestillo interior en las puertas de acceso es muy \u00fatil.<\/li>\n<li>Prot\u00e9jase por medio de puertas blindadas, rejas en las ventanas, cerraduras de seguridad, etc.<\/li>\n<li>Si hacen obras en el exterior de vuestro edificio, aseg\u00farese que no pueden acceder a su piso por los andamios o las escaleras.<\/li>\n<\/ul>\n<p style=\"text-align: justify;\"><strong><em>Garajes o dep\u00f3sitos de veh\u00edculos<\/em><\/strong><\/p>\n<ul style=\"text-align: justify;\">\n<li>No deje las llaves en el interior del veh\u00edculo. Tampoco deje a la vista objetos como ropa, aparatos electr\u00f3nicos, etc.<\/li>\n<li>No deje al alcance ninguna herramienta que pueda facilitar el forzamiento de cerraduras y accesos.<\/li>\n<li>Conecte la alarma del veh\u00edculo.<\/li>\n<li>Compruebe que la puerta del garaje queda cerrada en la entrada y la salida de veh\u00edculos y que ning\u00fan extra\u00f1o aproveche para entrar.<\/li>\n<li>Es recomendable y \u00fatil disponer de sistemas de video-vigilancia.<\/li>\n<li>Si es propietario de una plaza de parking y la tiene alquilada, est\u00e9 atento a posibles p\u00e9rdidas o robos de llaves y mandos de vuestro arrendatario.<\/li>\n<\/ul>\n<p style=\"text-align: justify;\"><em><strong>Alarma<\/strong><\/em><\/p>\n<ul style=\"text-align: justify;\">\n<li>Conectarla siempre, mientras duerme\u00a0 y cuando est\u00e1 fuera de casa: contribuye a incrementar la seguridad.<\/li>\n<li>Debe estar conectada a una central de alarmas que avise a la polic\u00eda.<\/li>\n<li>Se ha de instalar y utilizar de acuerdo con las instrucciones del instalador y en un lugar donde sea dif\u00edcil acceder.<\/li>\n<li>Si guarda en casa objetos de valor, debe instalar medidas de protecci\u00f3n efectivas de acuerdo con sus necesidades. Compruebe que la empresa instaladora cumple todos los requisitos legales.<\/li>\n<li>Guarde los documentos de todos los electrodom\u00e9sticos para facilitar la identificaci\u00f3n de los aparatos en caso de robo.<\/li>\n<\/ul>\n<p style=\"text-align: justify;\"><strong>Ausencia por vacaciones<\/strong><\/p>\n<ul style=\"text-align: justify;\">\n<li>Deje los objetos\u00a0de valor\u00a0en lugares seguros.<\/li>\n<li>Cierre todos los accesos con llave y conecte la alarma.<\/li>\n<li>Es conveniente que tenga un inventario de objetos con el n\u00famero de serie, la marca y el modelo: facilita la identificaci\u00f3n de los objetos en caso de robo.<\/li>\n<li>Avise a personas de confianza de su ausencia.<\/li>\n<li>Evite explicar que se ausenta de casa, si habla con personas desconocidas.<\/li>\n<li>No deje se\u00f1ales visibles que hagan pensar que est\u00e1 fuera de casa.<\/li>\n<li>No exteriorice que la casa queda sin habitar.<\/li>\n<li>No deje en el contestador autom\u00e1tico ning\u00fan mensaje en el que se deduzca que est\u00e1 fuera. Puede activar el desv\u00edo de llamadas\u00a0 para poder responder siempre.<\/li>\n<li>P\u00eddale a alguien que le recoja la correspondencia.<\/li>\n<\/ul>\n<p style=\"text-align: justify;\"><strong>Ante inclemencias del tiempo<\/strong><\/p>\n<p style=\"padding-left: 30px; text-align: justify;\">Para una mayor seguridad en estas circunstancias seguiremos estos consejos:<\/p>\n<ul>\n<li style=\"text-align: justify;\">Asegurar las puertas exteriores y ventanas. Bajar y cerrar las persianas sobre los ra\u00edles.<\/li>\n<li style=\"text-align: justify;\">Retirar de balcones, terrazas y miradores todos los objetos que puedan llegar a\u00a0ser\u00a0arrastrados \u00a0por el viento, tales como, tiestos,\u00a0 muebles, sombrillas, ornamentos, etc., se convierten en elementos peligrosos f\u00e1ciles de caer a la v\u00eda p\u00fablica.<\/li>\n<li style=\"text-align: justify;\">Recoger y asegurar los toldos, as\u00ed como las persianas no incrustadas en gu\u00edas.<\/li>\n<li style=\"text-align: justify;\">Consolidar antenas de televisi\u00f3n y radiofon\u00eda, anuncios el\u00e9ctricos, andamios, gr\u00faas, y en general aquellos elementos de su casa y lugar de trabajo que puedan caer a la v\u00eda p\u00fablica.<\/li>\n<li style=\"text-align: justify;\">Revise el correcto funcionamiento del desag\u00fce y grupos de bombear de extracci\u00f3n de agua en garajes y s\u00f3tanos.<\/li>\n<\/ul>\n","protected":false},"excerpt":{"rendered":"<p>Debemos tener en cuenta unas pautas cuando estemos en nuestro domicilio o vayamos a ausentarnos: No abrir la puerta a personas desconocidas. Pida siempre la identificaci\u00f3n al personal del agua, la luz, el gas o el tel\u00e9fono y comprobar el servicio, llamando a la compa\u00f1\u00eda. Desconfiar del n\u00famero de tel\u00e9fono que les facilite el posible<\/p>\n","protected":false},"author":2,"featured_media":0,"parent":0,"menu_order":0,"comment_status":"closed","ping_status":"closed","template":"","meta":[],"_links":{"self":[{"href":"http:\/\/anoverdetajo.es\/seguridadciudadana\/wp-json\/wp\/v2\/pages\/206"}],"collection":[{"href":"http:\/\/anoverdetajo.es\/seguridadciudadana\/wp-json\/wp\/v2\/pages"}],"about":[{"href":"http:\/\/anoverdetajo.es\/seguridadciudadana\/wp-json\/wp\/v2\/types\/page"}],"author":[{"embeddable":true,"href":"http:\/\/anoverdetajo.es\/seguridadciudadana\/wp-json\/wp\/v2\/users\/2"}],"replies":[{"embeddable":true,"href":"http:\/\/anoverdetajo.es\/seguridadciudadana\/wp-json\/wp\/v2\/comments?post=206"}],"version-history":[{"count":1,"href":"http:\/\/anoverdetajo.es\/seguridadciudadana\/wp-json\/wp\/v2\/pages\/206\/revisions"}],"predecessor-version":[{"id":333,"href":"http:\/\/anoverdetajo.es\/seguridadciudadana\/wp-json\/wp\/v2\/pages\/206\/revisions\/333"}],"wp:attachment":[{"href":"http:\/\/anoverdetajo.es\/seguridadciudadana\/wp-json\/wp\/v2\/media?parent=206"}],"curies":[{"name":"wp","href":"https:\/\/api.w.org\/{rel}","templated":true}]}}