{"id":203,"date":"2015-12-15T19:00:42","date_gmt":"2015-12-15T18:00:42","guid":{"rendered":"http:\/\/anoverdetajo.es\/seguridadciudadana\/?page_id=203"},"modified":"2015-12-28T17:20:42","modified_gmt":"2015-12-28T16:20:42","slug":"seguridad-en-la-via-publica","status":"publish","type":"page","link":"http:\/\/anoverdetajo.es\/seguridadciudadana\/seguridad-en-la-via-publica\/","title":{"rendered":"Seguridad en la V\u00eda P\u00fablica"},"content":{"rendered":"<ul>\n<li>En la medida de lo posible, procure no transitar por lugares solitarios o poco alumbrados.<\/li>\n<li>Circule en sentido opuesto a la marcha de los veh\u00edculos, lo m\u00e1s alejado posible del bordillo, situando su bolso o cartera hacia el interior de la acera, de manera que pueda evitar los \u00abtirones\u00bb.<\/li>\n<li>Lleve s\u00f3lo el dinero necesario y distrib\u00fayalo en sus bolsillos. Evite llevar el dinero en el bolsillo trasero de su pantal\u00f3n.<\/li>\n<li>Cuando se disponga a utilizar los servicios de los cajeros autom\u00e1ticos, observe antes a su alrededor por si hubiese personas sospechosas que podr\u00edan apropiarse del dinero obtenido a la menor oportunidad. Si tiene dudas respecto de determinadas personas, no utilice el cajero en ese momento, o dir\u00edjase a otro que haya cerca.<\/li>\n<li>Preste una especial atenci\u00f3n a la entrada o salida de los transportes p\u00fablicos. Evite las aglomeraciones como mercadillos ferias y verbenas. Si alguien tropieza con usted compruebe si le han quitado la cartera.<\/li>\n<li>Cuando vaya de compras, no se distraiga. Observe con atenci\u00f3n a las personas pr\u00f3ximas a usted y no pierda el contacto con su bolso.<\/li>\n<li>Si se siente perseguido yendo en su coche, toque el claxon constantemente para llamar la atenci\u00f3n y dir\u00edjase a un Centro policial o lugar concurrido.<\/li>\n<li>Gritar, pedir socorro, puede intimidar al asaltante, as\u00ed como atraer la atenci\u00f3n de otras personas.<\/li>\n<li>Observe las caracter\u00edsticas esenciales de su agresor (edad, estatura, color de pelo, rasgos de su rostro, nacionalidad, acento al hablar, vestimenta, direcci\u00f3n de la huida, veh\u00edculo utilizado, etc\u00e9tera).<\/li>\n<li>Cuanto m\u00e1s precisa sea su informaci\u00f3n, mayores ser\u00e1n las posibilidades de localizar al delincuente y recuperar los objetos sustra\u00eddos.<\/li>\n<li>Si son varios los agresores, procure centrarse en uno de ellos, el que tenga m\u00e1s pr\u00f3ximo o el que m\u00e1s destaque. Esto servir\u00e1 para descubrir posteriormente al resto del grupo.<\/li>\n<\/ul>\n<p>&nbsp;<\/p>\n<p><strong>Ante inclemencias del tiempo<\/strong><\/p>\n<ul>\n<li>No se proteja del viento al lado de muros, tapias, puertas y \u00e1rboles, por el peligro de ca\u00edda total o parcial de los mismos.<\/li>\n<li>Circule con precauci\u00f3n por las calles, en especial en las v\u00edas estrechas con edificaciones antiguas o en construcci\u00f3n, por peligro de desprendimiento de cornisas, Tejas y otros elementos.<\/li>\n<li>Revise peri\u00f3dicamente la cubierta, terraza, canalones, bajantes y desag\u00fces de terraza, eliminando los elementos que obstruyan la circulaci\u00f3n y evacuaci\u00f3n del agua de lluvia, con esto se evitar\u00e1n inundaciones y sobrecarga en las mismas.<\/li>\n<li>No toque farolas, cables ni postes de la l\u00ednea el\u00e9ctrica. Desconecte los aparatos el\u00e9ctricos y antenas de televisi\u00f3n, durante grandes tempestades.<\/li>\n<li>Ante\u00a0cualquier situaci\u00f3n de riesgo inminente llame a la Polic\u00eda o a los Bomberos.<\/li>\n<\/ul>\n","protected":false},"excerpt":{"rendered":"<p>En la medida de lo posible, procure no transitar por lugares solitarios o poco alumbrados. Circule en sentido opuesto a la marcha de los veh\u00edculos, lo m\u00e1s alejado posible del bordillo, situando su bolso o cartera hacia el interior de la acera, de manera que pueda evitar los \u00abtirones\u00bb. Lleve s\u00f3lo el dinero necesario y<\/p>\n","protected":false},"author":2,"featured_media":0,"parent":0,"menu_order":0,"comment_status":"closed","ping_status":"closed","template":"","meta":[],"_links":{"self":[{"href":"http:\/\/anoverdetajo.es\/seguridadciudadana\/wp-json\/wp\/v2\/pages\/203"}],"collection":[{"href":"http:\/\/anoverdetajo.es\/seguridadciudadana\/wp-json\/wp\/v2\/pages"}],"about":[{"href":"http:\/\/anoverdetajo.es\/seguridadciudadana\/wp-json\/wp\/v2\/types\/page"}],"author":[{"embeddable":true,"href":"http:\/\/anoverdetajo.es\/seguridadciudadana\/wp-json\/wp\/v2\/users\/2"}],"replies":[{"embeddable":true,"href":"http:\/\/anoverdetajo.es\/seguridadciudadana\/wp-json\/wp\/v2\/comments?post=203"}],"version-history":[{"count":0,"href":"http:\/\/anoverdetajo.es\/seguridadciudadana\/wp-json\/wp\/v2\/pages\/203\/revisions"}],"wp:attachment":[{"href":"http:\/\/anoverdetajo.es\/seguridadciudadana\/wp-json\/wp\/v2\/media?parent=203"}],"curies":[{"name":"wp","href":"https:\/\/api.w.org\/{rel}","templated":true}]}}