{"id":64,"date":"2013-11-20T08:23:54","date_gmt":"2013-11-20T07:23:54","guid":{"rendered":"http:\/\/anoverdetajo.es\/infancia\/?page_id=64"},"modified":"2013-11-20T09:38:41","modified_gmt":"2013-11-20T08:38:41","slug":"taller-de-manualidades","status":"publish","type":"page","link":"http:\/\/anoverdetajo.es\/infancia\/taller-de-manualidades\/","title":{"rendered":"Taller de Manualidades"},"content":{"rendered":"<p style=\"text-align: justify;\">Es una de las actividades m\u00e1s beneficiosas para los ni\u00f1os\/as, porque a trav\u00e9s del juego con ellas aprenden a la vez. Adem\u00e1s de desarrollar sus habilidades psicomotrices y creativas.<\/p>\n<p style=\"text-align: justify;\">El objetivo de este taller es permitir que los ni\u00f1os tengan un medio para plasmar emociones, potenciar su iniciativa, imaginaci\u00f3n y dotes.<\/p>\n<p style=\"text-align: justify;\">\u00abLa imaginaci\u00f3n lleva a la abstracci\u00f3n, la abstracci\u00f3n a la creatividad, la creatividad al arte y el arte a la imaginaci\u00f3n\u00bb<\/p>\n<p style=\"text-align: justify;\"><em><strong>D\u00eda: Martes y Mi\u00e9rcoles<\/strong><\/em><\/p>\n<p style=\"text-align: justify;\"><em><strong>Horario: de 16:00 h. a 17:00 h.<\/strong><\/em><\/p>\n<p style=\"text-align: justify;\"><em><strong>Lugar: Ludoteca<\/strong><\/em><\/p>\n<p style=\"text-align: justify;\"><em><strong>Coste: 4 \u20ac socios \/ 8 \u20ac no socios.<\/strong><\/em><\/p>\n<p style=\"text-align: justify;\"><a class=\"download-link filetype-icon filetype-pdf\"\n   title=\"\" href=\"http:\/\/anoverdetajo.es\/infancia\/download\/94\/\" rel=\"nofollow\">\n\tHoja-de-Inscripcion-Talleres.pdf\t(870 descargas)\n<\/a><\/p>\n<p style=\"text-align: center;\"><a href=\"http:\/\/anoverdetajo.es\/infancia\/wp-content\/uploads\/2013\/11\/foto_taller_manualidades.jpg\"><img loading=\"lazy\" class=\"aligncenter size-medium wp-image-143\" title=\"Click para ampliar\" alt=\"Taller de Manualidades\" src=\"http:\/\/anoverdetajo.es\/infancia\/wp-content\/uploads\/2013\/11\/foto_taller_manualidades-300x225.jpg\" width=\"300\" height=\"225\" srcset=\"http:\/\/anoverdetajo.es\/infancia\/wp-content\/uploads\/2013\/11\/foto_taller_manualidades-300x225.jpg 300w, http:\/\/anoverdetajo.es\/infancia\/wp-content\/uploads\/2013\/11\/foto_taller_manualidades.jpg 960w\" sizes=\"(max-width: 300px) 100vw, 300px\" \/><\/a><\/p>\n","protected":false},"excerpt":{"rendered":"<p>Es una de las actividades m\u00e1s beneficiosas para los ni\u00f1os\/as, porque a trav\u00e9s del juego con ellas aprenden a la vez. Adem\u00e1s de desarrollar sus habilidades psicomotrices y creativas. El objetivo de este taller es permitir que los ni\u00f1os tengan un medio para plasmar emociones, potenciar su iniciativa, imaginaci\u00f3n y dotes. \u00abLa imaginaci\u00f3n lleva a<\/p>\n","protected":false},"author":2,"featured_media":0,"parent":0,"menu_order":0,"comment_status":"closed","ping_status":"closed","template":"","meta":[],"_links":{"self":[{"href":"http:\/\/anoverdetajo.es\/infancia\/wp-json\/wp\/v2\/pages\/64"}],"collection":[{"href":"http:\/\/anoverdetajo.es\/infancia\/wp-json\/wp\/v2\/pages"}],"about":[{"href":"http:\/\/anoverdetajo.es\/infancia\/wp-json\/wp\/v2\/types\/page"}],"author":[{"embeddable":true,"href":"http:\/\/anoverdetajo.es\/infancia\/wp-json\/wp\/v2\/users\/2"}],"replies":[{"embeddable":true,"href":"http:\/\/anoverdetajo.es\/infancia\/wp-json\/wp\/v2\/comments?post=64"}],"version-history":[{"count":0,"href":"http:\/\/anoverdetajo.es\/infancia\/wp-json\/wp\/v2\/pages\/64\/revisions"}],"wp:attachment":[{"href":"http:\/\/anoverdetajo.es\/infancia\/wp-json\/wp\/v2\/media?parent=64"}],"curies":[{"name":"wp","href":"https:\/\/api.w.org\/{rel}","templated":true}]}}