{"id":62,"date":"2013-11-20T08:17:47","date_gmt":"2013-11-20T07:17:47","guid":{"rendered":"http:\/\/anoverdetajo.es\/infancia\/?page_id=62"},"modified":"2013-11-20T09:30:20","modified_gmt":"2013-11-20T08:30:20","slug":"taller-de-pintura","status":"publish","type":"page","link":"http:\/\/anoverdetajo.es\/infancia\/taller-de-pintura\/","title":{"rendered":"Taller de Pintura"},"content":{"rendered":"<p style=\"text-align: justify;\">La pintura es un arte por el cual los ni\u00f1os\/as desarrollan habilidades para resoluci\u00f3n de problemas, ejercita la creatividad, favorece la expresi\u00f3n de los sentimientos y su autoestima.<\/p>\n<p style=\"text-align: justify;\">Es un taller donde buscamos un ambiente de cooperaci\u00f3n y respeto que nos permita desarrollarnos como personas creativas, trabajando con diferentes t\u00e9cnicas y materiales.<\/p>\n<p style=\"text-align: justify;\"><strong><em>D\u00eda: Lunes<\/em><\/strong><\/p>\n<p style=\"text-align: justify;\"><strong><em>Horario: de 16:00 h. a 17:00 h.<br \/>\n<\/em><\/strong><\/p>\n<p style=\"text-align: justify;\"><strong><em>Lugar: Ludoteca<\/em><\/strong><\/p>\n<p style=\"text-align: justify;\"><strong><em>Coste: 4 \u20ac socios \/ 8 \u20ac no socios.<\/em><\/strong><\/p>\n<a class=\"download-link filetype-icon filetype-pdf\"\n   title=\"\" href=\"http:\/\/anoverdetajo.es\/infancia\/download\/94\/\" rel=\"nofollow\">\n\tHoja-de-Inscripcion-Talleres.pdf\t(870 descargas)\n<\/a>\n<p>&nbsp;<\/p>\n<p style=\"text-align: center;\"><a href=\"http:\/\/anoverdetajo.es\/infancia\/wp-content\/uploads\/2013\/11\/foto_taller_pintura.jpg\"><img loading=\"lazy\" class=\"aligncenter size-medium wp-image-138\" title=\"Click para ampliar\" alt=\"Taller de Pintura\" src=\"http:\/\/anoverdetajo.es\/infancia\/wp-content\/uploads\/2013\/11\/foto_taller_pintura-300x284.jpg\" width=\"300\" height=\"284\" srcset=\"http:\/\/anoverdetajo.es\/infancia\/wp-content\/uploads\/2013\/11\/foto_taller_pintura-300x284.jpg 300w, http:\/\/anoverdetajo.es\/infancia\/wp-content\/uploads\/2013\/11\/foto_taller_pintura.jpg 724w\" sizes=\"(max-width: 300px) 100vw, 300px\" \/><\/a><\/p>\n","protected":false},"excerpt":{"rendered":"<p>La pintura es un arte por el cual los ni\u00f1os\/as desarrollan habilidades para resoluci\u00f3n de problemas, ejercita la creatividad, favorece la expresi\u00f3n de los sentimientos y su autoestima. Es un taller donde buscamos un ambiente de cooperaci\u00f3n y respeto que nos permita desarrollarnos como personas creativas, trabajando con diferentes t\u00e9cnicas y materiales. D\u00eda: Lunes Horario:<\/p>\n","protected":false},"author":2,"featured_media":0,"parent":0,"menu_order":0,"comment_status":"closed","ping_status":"closed","template":"","meta":[],"_links":{"self":[{"href":"http:\/\/anoverdetajo.es\/infancia\/wp-json\/wp\/v2\/pages\/62"}],"collection":[{"href":"http:\/\/anoverdetajo.es\/infancia\/wp-json\/wp\/v2\/pages"}],"about":[{"href":"http:\/\/anoverdetajo.es\/infancia\/wp-json\/wp\/v2\/types\/page"}],"author":[{"embeddable":true,"href":"http:\/\/anoverdetajo.es\/infancia\/wp-json\/wp\/v2\/users\/2"}],"replies":[{"embeddable":true,"href":"http:\/\/anoverdetajo.es\/infancia\/wp-json\/wp\/v2\/comments?post=62"}],"version-history":[{"count":0,"href":"http:\/\/anoverdetajo.es\/infancia\/wp-json\/wp\/v2\/pages\/62\/revisions"}],"wp:attachment":[{"href":"http:\/\/anoverdetajo.es\/infancia\/wp-json\/wp\/v2\/media?parent=62"}],"curies":[{"name":"wp","href":"https:\/\/api.w.org\/{rel}","templated":true}]}}