{"id":29,"date":"2013-11-20T10:09:34","date_gmt":"2013-11-20T09:09:34","guid":{"rendered":"http:\/\/anoverdetajo.es\/infancia\/?page_id=29"},"modified":"2014-09-14T15:40:21","modified_gmt":"2014-09-14T14:40:21","slug":"regimen-interno","status":"publish","type":"page","link":"http:\/\/anoverdetajo.es\/infancia\/regimen-interno\/","title":{"rendered":"R\u00e9gimen Interno"},"content":{"rendered":"<p align=\"center\"><b><i><span style=\"text-decoration: underline\">Reglamento R\u00e9gimen Interno Ludoteca Municipal<\/span><\/i><\/b><\/p>\n<p style=\"text-align: justify\"><b><span style=\"text-decoration: underline\">1.- Concepto:<\/span><\/b><\/p>\n<p style=\"text-align: justify\">Se entiende por Ludoteca aquel centro social que desarrolla actividades l\u00fadicas, recreativas, educativas y culturales, en horario extra escolar, a trav\u00e9s de un proyecto l\u00fadico socio educativo, guiado por profesionales, con el objetivo de desarrollar la personalidad del ni\u00f1o\/a y estimular las relaciones con otros\/as ni\u00f1os\/as, padres\/madres y educadores. Por todo ello:<\/p>\n<p style=\"text-align: justify\">* La Ludoteca no es una guarder\u00eda.<\/p>\n<p style=\"text-align: justify\">* La Ludoteca no es un espacio para celebrar cumplea\u00f1os.<\/p>\n<p style=\"text-align: justify\">* La Ludoteca no es un sal\u00f3n recreativo.<\/p>\n<p style=\"text-align: justify\">* La Ludoteca no es un taller en si mismo, aunque realice actividades manuales.<\/p>\n<p style=\"text-align: justify\"><b><span style=\"text-decoration: underline\">2.- Emplazamiento:<\/span><\/b><\/p>\n<p style=\"text-align: justify\">La Ludoteca municipal \u00abtu Ludoteca amiga\u00bb se ubica en la calle Juli\u00e1n Besteiro, n\u00ba 2, en A\u00f1over de Tajo, Toledo.<\/p>\n<p style=\"text-align: justify\"><b><span style=\"text-decoration: underline\">3.- Objetivos:<\/span><\/b><\/p>\n<p style=\"text-align: justify\">Los objetivos generales son:<\/p>\n<p style=\"text-align: justify\">* Aumentar y favorecer la comunicaci\u00f3n del ni\u00f1o\/a con los adultos<\/p>\n<p style=\"text-align: justify\">* Orientar a los padres\/madres en lo referente al juego y a los juguetes<\/p>\n<p style=\"text-align: justify\">* Favorecer el desarrollo integral del ni\u00f1o\/a a trav\u00e9s del juego<\/p>\n<p style=\"text-align: justify\">* Rescatar el juego tradicional.<\/p>\n<p style=\"text-align: justify\">* Integraci\u00f3n de grupos marginales y con discapacidad f\u00edsica, ps\u00edquicas y sensoriales.<\/p>\n<p style=\"text-align: justify\">* Favorecer la participaci\u00f3n de familias en la Ludoteca.<\/p>\n<p style=\"text-align: justify\"><b><span style=\"text-decoration: underline\">\u00a04.- Usuarios: <\/span><\/b><\/p>\n<p style=\"text-align: justify\">Los usuarios de la Ludoteca municipal son ni\u00f1os\/as de edad comprendidas entre los 3 (ya escolarizados) y 14 a\u00f1os cumplidos.<\/p>\n<p style=\"text-align: justify\"><b><span style=\"text-decoration: underline\">5.- Horarios: <\/span><\/b><\/p>\n<p style=\"text-align: justify\">La Ludoteca abrir\u00e1 en horario extra escolar durante los meses de octubre a junio en horario de 17:00 a 20:00 horas y en horario de ma\u00f1ana en vacaciones de Navidad y mes de julio de 10:00 a 13:00 o en horario ampliado de 9:00 a 14:00 horas.<\/p>\n<p style=\"text-align: justify\">La distribuci\u00f3n de d\u00edas y horario estar\u00e1 condicionado a la demanda del servicio y a la edad de los usuarios.<\/p>\n<p style=\"text-align: justify\"><b><span style=\"text-decoration: underline\">6.- Criterios de admisi\u00f3n: <\/span><\/b><\/p>\n<p style=\"text-align: justify\">No existir\u00e1 lista de reserva, en caso de existir mayor demanda que plazas existentes (25 por grupo) se llevara a cabo una elecci\u00f3n de d\u00edas, intentando equiparar grupos y edades. Para aquellos usuarios con caracter\u00edsticas especiales (discapacidad, problemas conductuales, dificultad social&#8230;.) se establecer\u00e1n unos protocolos especiales:<\/p>\n<p style=\"text-align: justify\">* Cada caso especial se valora individualmente, teniendo en cuenta las caracter\u00edsticas del grupo ya formado en el que vaya a participar.<\/p>\n<p style=\"text-align: justify\">* Es necesario presentar un informe por parte de las familias sobre el ni\u00f1o\/a realizado por un profesional en el que conste el tipo y grado de discapacidad o dificultad as\u00ed como las pautas a seguir en relaci\u00f3n con su comportamiento.<\/p>\n<p style=\"text-align: justify\"><b><span style=\"text-decoration: underline\">\u00a07.- Cuota de participaci\u00f3n:<\/span><\/b><\/p>\n<p style=\"text-align: justify\">Se establece la siguiente cuota correspondiente a la prestaci\u00f3n correspondiente a la prestaci\u00f3n del servicio de Ludoteca municipal. Matricula 25\u20ac \u00a0Anual 36\u20ac, bono diez 10\u20ac, bono cinco 6\u20ac, bono mensual 10\u20ac.<\/p>\n<p style=\"text-align: justify\"><b><span style=\"text-decoration: underline\">8.- Funcionamiento:<\/span><\/b><\/p>\n<p style=\"text-align: justify\">La Ludoteca dispone de un proyecto l\u00fadico socioeducativo anual que proporciona coherencia a su organizaci\u00f3n y funcionamiento en el que se incluyen los siguientes aspectos:<\/p>\n<p style=\"text-align: justify\">* Objetivos.<\/p>\n<p style=\"text-align: justify\">* Metodolog\u00eda.<\/p>\n<p style=\"text-align: justify\">* Actividades a desarrollar con ni\u00f1os\/as y sus familias.<\/p>\n<p style=\"text-align: justify\">* Horario y calendario.<\/p>\n<p style=\"text-align: justify\">* Sistemas de evaluaci\u00f3n.<\/p>\n<p style=\"text-align: justify\">Se puede nombrar las actividades programadas en tres grupos:<\/p>\n<p style=\"text-align: justify\">* Juego libre: \u00a0actividades l\u00fadicas que se realizan espont\u00e1neamente y libremente.<\/p>\n<p style=\"text-align: justify\">* Actividad programada: en un tiempo controlado se realizan actividades dirigidas para facilitar el desarrollo pisco otro, cognici\u00f3n, critico, creativo y afectivo del ni\u00f1o\/a.<\/p>\n<p style=\"text-align: justify\">* Actividades extraordinarias: se incluyen todas aquellas actividades que se realizan rompiendo la din\u00e1mica habitual de la Ludoteca, (gymkanas, visitas culturales, fiestas&#8230;&#8230;) La Ludoteca tambi\u00e9n podr\u00e1 programar actividades para las familias que podr\u00e1n ser formativas, informativas, y participativas. Para el desarrollo de las actividades, la Ludoteca podr\u00e1 contar con el apoyo de personal becario, voluntario, o en pr\u00e1cticas.<\/p>\n<p style=\"text-align: justify\">El personal encargado de la Ludoteca deber\u00e1 desempe\u00f1ar las siguientes funciones:<\/p>\n<p style=\"text-align: justify\">* Organizaci\u00f3n de grupos y horarios.<\/p>\n<p style=\"text-align: justify\">* Inventario de material, calificaci\u00f3n, y catalogaci\u00f3n.<\/p>\n<p style=\"text-align: justify\">* Informaci\u00f3n y promoci\u00f3n del servicio.<\/p>\n<p style=\"text-align: justify\">* Dise\u00f1o y desarrollo de actividades y programas.<\/p>\n<p style=\"text-align: justify\">* Evaluaci\u00f3n de actividades.<\/p>\n<p style=\"text-align: justify\">* Seguimiento individualizado de ni\u00f1os\/as.<\/p>\n<p style=\"text-align: justify\">* Atenci\u00f3n y orientaci\u00f3n a los padres\/madres o tutores.<\/p>\n<p style=\"text-align: justify\">* Informaci\u00f3n y coordinaci\u00f3n con el Ayuntamiento.<\/p>\n<p style=\"text-align: justify\">* Control de asistencia, matriculaciones, altas y bajas.<\/p>\n<p style=\"text-align: justify\"><b><span style=\"text-decoration: underline\">\u00a09.- Derechos y deberes de los usuarios: <\/span><\/b><\/p>\n<p style=\"text-align: justify\">* Derechos:<\/p>\n<p style=\"text-align: justify\">&#8211; Hacer uso de la Ludoteca Municipal disfrutando de sus bienes y servicios.<\/p>\n<p style=\"text-align: justify\">&#8211; Solicitar informaci\u00f3n de las actividades y programa anual.<\/p>\n<p style=\"text-align: justify\">&#8211; Recibir un trato respetuoso y digno por parte de los responsables y voluntarios de las actividades propias del servicio.<\/p>\n<p style=\"text-align: justify\">&#8211; A proponer actividades y efectuar propuestas sobre cualquier aspecto que afecte al funcionamiento del servicio.<\/p>\n<p style=\"text-align: justify\">* Deberes:<\/p>\n<p style=\"text-align: justify\">&#8211; Respeto en general a los usuarios y a los profesionales destinados en el servicio. -Hacer uso correcto de los bienes y servicio de Ludoteca.<\/p>\n<p style=\"text-align: justify\">&#8211; Los usuarios deber\u00e1n atender las indicaciones referentes a usos de los diferentes materiales que les sean planteados por los responsables de las instalaciones.<\/p>\n<p style=\"text-align: justify\">&#8211; Contribuir de acuerdo con la Ordenanza reguladora de las tasas Municipales.<\/p>\n<p style=\"text-align: justify\"><b><span style=\"text-decoration: underline\">10.- Se considera falta el incumplimiento total o parcial de las obligaciones establecidas en el presente reglamento.<\/span><\/b><\/p>\n<p style=\"text-align: justify\">* Faltas leves:<\/p>\n<p style=\"text-align: justify\">&#8211; Deterioro por negligencia de instalaciones o material, as\u00ed como su perdida.<\/p>\n<p style=\"text-align: justify\">&#8211; Falta de respeto a los compa\u00f1eros. -Falta de respeto al personal encargado del servicio.<\/p>\n<p style=\"text-align: justify\">* Faltas graves:<\/p>\n<p style=\"text-align: justify\">&#8211; Reiteraci\u00f3n de las infracciones leves. -Actos de indisciplina, injurias u ofensas graves contra los miembros del ayuntamiento o contra los monitores\/as del centro.<\/p>\n<p style=\"text-align: justify\">&#8211; Causar de forma intencionada da\u00f1os en las instalaciones o el material de la Ludoteca.<\/p>\n<p style=\"text-align: justify\">&#8211; Impedir el adecuado desarrollo de las actividades programadas.<\/p>\n<p style=\"text-align: justify\">* Faltas muy graves.<\/p>\n<p style=\"text-align: justify\">&#8211; Agresiones f\u00edsicas o Morales, sustracci\u00f3n de bienes y da\u00f1os graves contra los usuarios o encargados de la Ludoteca.<\/p>\n<p style=\"text-align: justify\">&#8211; Falsificaci\u00f3n de datos. -Incumplimiento de las sanciones impuestas. Previo expediente disciplinario tramitado al efecto y con audiencia al interesado.<\/p>\n<p style=\"text-align: justify\">Las faltas leves podr\u00e1n ser sancionadas con:<\/p>\n<p style=\"text-align: justify\">&#8211; Amonestaci\u00f3n privada o por escrito.<\/p>\n<p style=\"text-align: justify\">&#8211; Suspensi\u00f3n de derecho de asistencia a todas las actividades de la Ludoteca durante el per\u00edodo de uno a tres d\u00edas.<\/p>\n<p style=\"text-align: justify\">Las faltas graves podr\u00e1n ser sancionadas con:<\/p>\n<p style=\"text-align: justify\">&#8211; Realizaci\u00f3n de tareas destinadas a reparar el da\u00f1o causado.<\/p>\n<p style=\"text-align: justify\">&#8211; Suspensi\u00f3n del derecho de asistencia a todas las actividades de la Ludoteca durante el periodo de una semana a quince d\u00edas.<\/p>\n<p style=\"text-align: justify\">&#8211; Multa equivalente al coste de los da\u00f1os causados al material o a las instalaciones.<\/p>\n<p style=\"text-align: justify\">Las faltas muy graves podr\u00e1n ser sancionadas con:<\/p>\n<p style=\"text-align: justify\">&#8211; Expulsi\u00f3n definitiva de la Ludoteca.<\/p>\n<p style=\"text-align: justify\">&#8211; Multa equivalente al doble del coste de los da\u00f1os causados al material o a las instalaciones.<\/p>\n<ul>\n<li><a class=\"download-link filetype-icon filetype-pdf\"\n   title=\"\" href=\"http:\/\/anoverdetajo.es\/infancia\/download\/80\/\" rel=\"nofollow\">\n\tReglamento-R\u00e9gimen-interno-Ludoteca-Municipal-de-A\u00f1over-de-Tajo.pdf\t(1033 descargas)\n<\/a><\/li>\n<\/ul>\n","protected":false},"excerpt":{"rendered":"<p>Reglamento R\u00e9gimen Interno Ludoteca Municipal 1.- Concepto: Se entiende por Ludoteca aquel centro social que desarrolla actividades l\u00fadicas, recreativas, educativas y culturales, en horario extra escolar, a trav\u00e9s de un proyecto l\u00fadico socio educativo, guiado por profesionales, con el objetivo de desarrollar la personalidad del ni\u00f1o\/a y estimular las relaciones con otros\/as ni\u00f1os\/as, padres\/madres y<\/p>\n","protected":false},"author":2,"featured_media":0,"parent":0,"menu_order":0,"comment_status":"closed","ping_status":"closed","template":"","meta":[],"_links":{"self":[{"href":"http:\/\/anoverdetajo.es\/infancia\/wp-json\/wp\/v2\/pages\/29"}],"collection":[{"href":"http:\/\/anoverdetajo.es\/infancia\/wp-json\/wp\/v2\/pages"}],"about":[{"href":"http:\/\/anoverdetajo.es\/infancia\/wp-json\/wp\/v2\/types\/page"}],"author":[{"embeddable":true,"href":"http:\/\/anoverdetajo.es\/infancia\/wp-json\/wp\/v2\/users\/2"}],"replies":[{"embeddable":true,"href":"http:\/\/anoverdetajo.es\/infancia\/wp-json\/wp\/v2\/comments?post=29"}],"version-history":[{"count":0,"href":"http:\/\/anoverdetajo.es\/infancia\/wp-json\/wp\/v2\/pages\/29\/revisions"}],"wp:attachment":[{"href":"http:\/\/anoverdetajo.es\/infancia\/wp-json\/wp\/v2\/media?parent=29"}],"curies":[{"name":"wp","href":"https:\/\/api.w.org\/{rel}","templated":true}]}}