{"id":27,"date":"2013-11-20T09:45:20","date_gmt":"2013-11-20T08:45:20","guid":{"rendered":"http:\/\/anoverdetajo.es\/infancia\/?page_id=27"},"modified":"2016-03-09T10:10:07","modified_gmt":"2016-03-09T09:10:07","slug":"consejo-infancia","status":"publish","type":"page","link":"http:\/\/anoverdetajo.es\/infancia\/consejo-infancia\/","title":{"rendered":"Consejo de Infancia"},"content":{"rendered":"<p style=\"text-align: justify;\">El Consejo Municipal de la Infancia y la Adolescencia del Ayuntamiento de A\u00f1over de Tajo <strong>es un \u00f3rgano de participaci\u00f3n ciudadana<\/strong> donde se abordan los asuntos relativos a la situaci\u00f3n de los ni\u00f1os y ni\u00f1as de nuestro municipio.<\/p>\n<p style=\"text-align: justify;\">La creaci\u00f3n del Consejo Municipal de la Infancia y la Adolescencia se inspira en la Convenci\u00f3n de los Derechos de la Infancia y surge como una necesidad de coordinar las actuaciones en esta materia para garantizar esos derechos, entre los que se incluye el de la participaci\u00f3n de los ni\u00f1os y ni\u00f1as en dichas actuaciones.<\/p>\n<p style=\"text-align: justify;\">Entre otras funciones, el Consejo debe informar al Ayuntamiento sobre los problemas espec\u00edficos de la infancia y la adolescencia y <strong>proponer soluciones alternativas a los problemas<\/strong> m\u00e1s caracter\u00edsticos de la infancia y la adolescencia.<\/p>\n<p style=\"text-align: justify;\">Est\u00e1 formado por un presidente que es el alcalde de A\u00f1over, un secretario y vocales. Entre los vocales se halla <strong>un grupo de ni\u00f1os elegidos democr\u00e1ticamente por otros ni\u00f1os<\/strong>.<\/p>\n<p><a href=\"https:\/\/www.facebook.com\/profile.php?id=100010483922879\">Muro del Consejo en facebook<\/a><\/p>\n<p><a href=\"http:\/\/anoverdetajo.es\/infancia\/reglamento-del-consejo\/\">Reglamento Consejo Municipal Infancia y Adolescencia<\/a><\/p>\n<p><a title=\"Consejo de Infancia y Juventud\" href=\"https:\/\/www.flickr.com\/photos\/139501842@N05\/albums\/72157665633592585\" data-flickr-embed=\"true\" data-header=\"true\" data-footer=\"true\"><img loading=\"lazy\" class=\"aligncenter\" src=\"https:\/\/farm2.staticflickr.com\/1462\/25585451666_710857e1b5.jpg\" alt=\"Consejo de Infancia y Juventud\" width=\"500\" height=\"375\" \/><\/a><script src=\"\/\/embedr.flickr.com\/assets\/client-code.js\" async=\"\" charset=\"utf-8\"><\/script><\/p>\n<p style=\"text-align: center;\" align=\"center\">\n","protected":false},"excerpt":{"rendered":"<p>El Consejo Municipal de la Infancia y la Adolescencia del Ayuntamiento de A\u00f1over de Tajo es un \u00f3rgano de participaci\u00f3n ciudadana donde se abordan los asuntos relativos a la situaci\u00f3n de los ni\u00f1os y ni\u00f1as de nuestro municipio. La creaci\u00f3n del Consejo Municipal de la Infancia y la Adolescencia se inspira en la Convenci\u00f3n de<\/p>\n","protected":false},"author":2,"featured_media":0,"parent":0,"menu_order":0,"comment_status":"closed","ping_status":"closed","template":"","meta":[],"_links":{"self":[{"href":"http:\/\/anoverdetajo.es\/infancia\/wp-json\/wp\/v2\/pages\/27"}],"collection":[{"href":"http:\/\/anoverdetajo.es\/infancia\/wp-json\/wp\/v2\/pages"}],"about":[{"href":"http:\/\/anoverdetajo.es\/infancia\/wp-json\/wp\/v2\/types\/page"}],"author":[{"embeddable":true,"href":"http:\/\/anoverdetajo.es\/infancia\/wp-json\/wp\/v2\/users\/2"}],"replies":[{"embeddable":true,"href":"http:\/\/anoverdetajo.es\/infancia\/wp-json\/wp\/v2\/comments?post=27"}],"version-history":[{"count":3,"href":"http:\/\/anoverdetajo.es\/infancia\/wp-json\/wp\/v2\/pages\/27\/revisions"}],"predecessor-version":[{"id":475,"href":"http:\/\/anoverdetajo.es\/infancia\/wp-json\/wp\/v2\/pages\/27\/revisions\/475"}],"wp:attachment":[{"href":"http:\/\/anoverdetajo.es\/infancia\/wp-json\/wp\/v2\/media?parent=27"}],"curies":[{"name":"wp","href":"https:\/\/api.w.org\/{rel}","templated":true}]}}