{"id":23,"date":"2013-11-20T09:52:24","date_gmt":"2013-11-20T08:52:24","guid":{"rendered":"http:\/\/anoverdetajo.es\/infancia\/?page_id=23"},"modified":"2013-11-20T10:53:32","modified_gmt":"2013-11-20T09:53:32","slug":"contacto","status":"publish","type":"page","link":"http:\/\/anoverdetajo.es\/infancia\/contacto\/","title":{"rendered":"Contacto"},"content":{"rendered":"<p><strong>LUDOTECA MUNICIPAL<\/strong><\/p>\n<p>Calle Juli\u00e1n Besteiro, 2<\/p>\n<p>45250 A\u00f1over de Tajo (Toledo)<\/p>\n<p>Telf: 925 55 56 57<\/p>\n<p>E-mail: tuludotecaamiga@anoverdetajo.es<\/p>\n<p><strong>HORARIO DE ATENCI\u00d3N AL P\u00daBLICO<\/strong><\/p>\n<p>De 17:00 h. a 20:00 h. en la Ludoteca Municipal.<\/p>\n","protected":false},"excerpt":{"rendered":"<p>LUDOTECA MUNICIPAL Calle Juli\u00e1n Besteiro, 2 45250 A\u00f1over de Tajo (Toledo) Telf: 925 55 56 57 E-mail: tuludotecaamiga@anoverdetajo.es HORARIO DE ATENCI\u00d3N AL P\u00daBLICO De 17:00 h. a 20:00 h. en la Ludoteca Municipal.<\/p>\n","protected":false},"author":2,"featured_media":0,"parent":0,"menu_order":0,"comment_status":"open","ping_status":"closed","template":"","meta":[],"_links":{"self":[{"href":"http:\/\/anoverdetajo.es\/infancia\/wp-json\/wp\/v2\/pages\/23"}],"collection":[{"href":"http:\/\/anoverdetajo.es\/infancia\/wp-json\/wp\/v2\/pages"}],"about":[{"href":"http:\/\/anoverdetajo.es\/infancia\/wp-json\/wp\/v2\/types\/page"}],"author":[{"embeddable":true,"href":"http:\/\/anoverdetajo.es\/infancia\/wp-json\/wp\/v2\/users\/2"}],"replies":[{"embeddable":true,"href":"http:\/\/anoverdetajo.es\/infancia\/wp-json\/wp\/v2\/comments?post=23"}],"version-history":[{"count":0,"href":"http:\/\/anoverdetajo.es\/infancia\/wp-json\/wp\/v2\/pages\/23\/revisions"}],"wp:attachment":[{"href":"http:\/\/anoverdetajo.es\/infancia\/wp-json\/wp\/v2\/media?parent=23"}],"curies":[{"name":"wp","href":"https:\/\/api.w.org\/{rel}","templated":true}]}}