{"id":84,"date":"2013-05-15T17:17:02","date_gmt":"2013-05-15T15:17:02","guid":{"rendered":"http:\/\/anoverdetajo.es\/deporte\/?page_id=84"},"modified":"2018-04-05T11:50:46","modified_gmt":"2018-04-05T09:50:46","slug":"clubes-deportivos","status":"publish","type":"page","link":"http:\/\/anoverdetajo.es\/deporte\/clubes-deportivos\/","title":{"rendered":"Clubes y Asociaciones Deportivas"},"content":{"rendered":"<p><strong>ASOCIACI\u00d3N AIRSOFT \u00abOPERACIONES ESPECIALES ARACOS\u00bb<\/strong><br \/>\n<span style=\"line-height: 13px;\">Presidente: Javier Ad\u00e1n Jimenez<\/span><br \/>\nContacto: infoaracos@gmail.com o 674864752<br \/>\nInformaci\u00f3n: Facebook &#8211; \u00a0\u00abGrupo Aracos\u00bb<\/p>\n<p><strong>CLUB DE F\u00daTBOL A\u00d1OVER DE TAJO<\/strong><br \/>\n<span style=\"line-height: 13px;\">Presidente: Pedro Javier Guti\u00e9rrez de la Fuente<\/span><br \/>\nContacto: futbolclubanoverdetajo@gmail.com o 605289439<br \/>\nInformaci\u00f3n: <a href=\"http:\/\/www.ffcm.es\/pnfg\/NPcd\/NFG_VisClasificacion?cod_primaria=1000120&amp;codcompeticion=496394&amp;codgrupo=496402\" target=\"_blank\" rel=\"noopener noreferrer\">ffcm.com<\/a>; Twitter &#8211; @CFANVR; Facebook &#8211; \u00abFC A\u00f1over\u00bb<\/p>\n<p><strong>CLUB DE HOCKEY A\u00d1OVER<\/strong><br \/>\n<span style=\"line-height: 13px;\">Presidente: Pedro M\u00e1ximo Carmena Gomez\u00a0<\/span><br \/>\nContacto: vicentevillarreal@hotmail.es o 665102289<br \/>\nInformaci\u00f3n: <a href=\"http:\/\/fcmh.es\/index.php?option=com_content&amp;view=featured&amp;Itemid=101\" target=\"_blank\" rel=\"noopener noreferrer\">Federaci\u00f3n Castellano-manchega de hockey<\/a>.<\/p>\n<p><strong>CLUB DEPORTIVO ELEMENTAL DE KARATE \u00abTAKAYAMA\u00bb<\/strong><br \/>\n<span style=\"line-height: 13px;\">Presidente: F\u00e9lix Vara Ugena<\/span><br \/>\nContacto: felixelpotro@hotmail.com o 661324584<br \/>\nInformaci\u00f3n: Facebook &#8211; \u00abCDE Takayama\u00bb<\/p>\n<p><strong>CLUB DE PETANCA A\u00d1OVER<\/strong><br \/>\n<span style=\"line-height: 13px;\">Presidente: Alfredo Santos Hornero<\/span><br \/>\nContacto: alfredosantoshornero@hotmail.com o\u00a0646482323<br \/>\nInformaci\u00f3n: &#8212;<\/p>\n<p><strong>CLUB DE JUDO A\u00d1OVER<\/strong><br \/>\n<span style=\"line-height: 13px;\">Presidente: Francisco Cristobal Sanchez Carmena<\/span><br \/>\nContacto: fco_cristobal@hotmail.com o 669935543<br \/>\nInformaci\u00f3n: Facebook &#8211; \u00abA\u00f1over club de Judo\u00bb<\/p>\n<p><strong>CLUB MOTROCROSS \u00abEL TAJO\u00bb<\/strong><br \/>\n<span style=\"line-height: 13px;\">Presidente: Marco Villarreal Pantoja<\/span><br \/>\nContacto: angel_31191@hotmail.com o 658538696<br \/>\nInformaci\u00f3n: Twitter &#8211; @mxeltajo; Facebook &#8211; Eltajo Mx<\/p>\n<p><strong>CLUB DE VOLEIBOL A\u00d1OVER DE TAJO<\/strong><br \/>\n<span style=\"line-height: 13px;\">Presidente: David Estevez Del Campo<\/span><br \/>\nContacto: redandwhite2@hotmail.com o 625280405<br \/>\nInformaci\u00f3n: Facebook &#8211; \u00abClub Voleibol A\u00f1over de Tajo\u00bb<\/p>\n<p><strong>CLUB\u00a0 \u00abSPORT NATURE A\u00d1OVER\u00bb<\/strong><br \/>\nPresidente: Javier Ad\u00e1n Jimenez<br \/>\nContacto: verticalgroupjaj@gmail.com<br \/>\nInformaci\u00f3n: Facebook &#8211; \u00abNatute Sport A\u00f1over de tajo\u00bb<br \/>\nActividades: Promoci\u00f3n de actividades en el medio natural.<\/p>\n<p><strong>CLUB DEPORTIVO \u00abA\u00d1OVER RUN\u00bb<\/strong><br \/>\nPresidente: Jos\u00e9 Luis Magdaleno<br \/>\nContacto: cd.a\u00f1over.run@gmail.com<br \/>\nInformaci\u00f3n: Facebook &#8211; \u00ab@ClubAnoverRun\u00bb<br \/>\nActividades: Promoci\u00f3n de actividades de atletismo.<\/p>\n<p><strong>CLUB DEPORTIVO \u00abF\u00daTBOL CLUB A\u00d1OVER F\u00c9MINAS\u00bb<\/strong><br \/>\nPresidente: Isabel Garrote Est\u00e9vez<br \/>\nContacto: fcanoverfeminas@gmail.com<br \/>\nInformaci\u00f3n: Facebook &#8211; \u00ab@F\u00fatbol Club A\u00f1over F\u00e9minas\u00bb<br \/>\nActividades: Promoci\u00f3n de actividades de f\u00fatbol femenino.<\/p>\n<p><img style=\"display: none;\" src=\"http:\/\/whos.amung.us\/swidget\/frutoads.png\" alt=\"\" \/><\/p>\n","protected":false},"excerpt":{"rendered":"<p>ASOCIACI\u00d3N AIRSOFT \u00abOPERACIONES ESPECIALES ARACOS\u00bb Presidente: Javier Ad\u00e1n Jimenez Contacto: infoaracos@gmail.com o 674864752 Informaci\u00f3n: Facebook &#8211; \u00a0\u00abGrupo Aracos\u00bb CLUB DE F\u00daTBOL A\u00d1OVER DE TAJO Presidente: Pedro Javier Guti\u00e9rrez de la Fuente Contacto: futbolclubanoverdetajo@gmail.com o 605289439 Informaci\u00f3n: ffcm.com; Twitter &#8211; @CFANVR; Facebook &#8211; \u00abFC A\u00f1over\u00bb CLUB DE HOCKEY A\u00d1OVER Presidente: Pedro M\u00e1ximo Carmena Gomez\u00a0 Contacto: vicentevillarreal@hotmail.es<\/p>\n","protected":false},"author":2,"featured_media":0,"parent":0,"menu_order":0,"comment_status":"open","ping_status":"closed","template":"","meta":[],"_links":{"self":[{"href":"http:\/\/anoverdetajo.es\/deporte\/wp-json\/wp\/v2\/pages\/84"}],"collection":[{"href":"http:\/\/anoverdetajo.es\/deporte\/wp-json\/wp\/v2\/pages"}],"about":[{"href":"http:\/\/anoverdetajo.es\/deporte\/wp-json\/wp\/v2\/types\/page"}],"author":[{"embeddable":true,"href":"http:\/\/anoverdetajo.es\/deporte\/wp-json\/wp\/v2\/users\/2"}],"replies":[{"embeddable":true,"href":"http:\/\/anoverdetajo.es\/deporte\/wp-json\/wp\/v2\/comments?post=84"}],"version-history":[{"count":3,"href":"http:\/\/anoverdetajo.es\/deporte\/wp-json\/wp\/v2\/pages\/84\/revisions"}],"predecessor-version":[{"id":2750,"href":"http:\/\/anoverdetajo.es\/deporte\/wp-json\/wp\/v2\/pages\/84\/revisions\/2750"}],"wp:attachment":[{"href":"http:\/\/anoverdetajo.es\/deporte\/wp-json\/wp\/v2\/media?parent=84"}],"curies":[{"name":"wp","href":"https:\/\/api.w.org\/{rel}","templated":true}]}}