{"id":7,"date":"2013-05-15T10:21:36","date_gmt":"2013-05-15T10:21:36","guid":{"rendered":"http:\/\/anoverdetajo.es\/deporte\/?page_id=7"},"modified":"2018-09-10T09:32:23","modified_gmt":"2018-09-10T07:32:23","slug":"contacto","status":"publish","type":"page","link":"http:\/\/anoverdetajo.es\/deporte\/contacto\/","title":{"rendered":"Contacto"},"content":{"rendered":"<h3><strong>Servicio Municipal de Deportes<br \/>\n<\/strong><\/h3>\n<p>Pabell\u00f3n Polideportivo Municipal<br \/>\nCalle Reina Sof\u00eda s\/n<br \/>\n45250 &#8211; A\u00f1over de Tajo (Toledo)<br \/>\nTel\u00e9fono: 925-961101<br \/>\nFax: 925-506279<br \/>\nE-mail: coordinador@anoverdetajo.es<br \/>\nAtenci\u00f3n al p\u00fablico: de lunes a viernes de 8:00 a 15:00 hrs.<\/p>\n<p><a href=\"http:\/\/anoverdetajo.es\/deporte\/wp-content\/uploads\/2013\/05\/Pabellon-Polideportivo.jpg\"><img loading=\"lazy\" class=\"aligncenter wp-image-1604 size-large\" src=\"http:\/\/anoverdetajo.es\/deporte\/wp-content\/uploads\/2013\/05\/Pabellon-Polideportivo-1024x514.jpg\" alt=\"Pabellon Polideportivo\" width=\"1024\" height=\"514\" srcset=\"http:\/\/anoverdetajo.es\/deporte\/wp-content\/uploads\/2013\/05\/Pabellon-Polideportivo-1024x514.jpg 1024w, http:\/\/anoverdetajo.es\/deporte\/wp-content\/uploads\/2013\/05\/Pabellon-Polideportivo-300x151.jpg 300w, http:\/\/anoverdetajo.es\/deporte\/wp-content\/uploads\/2013\/05\/Pabellon-Polideportivo-900x452.jpg 900w, http:\/\/anoverdetajo.es\/deporte\/wp-content\/uploads\/2013\/05\/Pabellon-Polideportivo.jpg 1192w\" sizes=\"(max-width: 1024px) 100vw, 1024px\" \/><\/a><\/p>\n<p>&nbsp;<\/p>\n<p>&nbsp;<\/p>\n<p><img style=\"display: none;\" src=\"http:\/\/whos.amung.us\/swidget\/frutoads.png\" alt=\"\" \/><\/p>\n<p><img style=\"display: none;\" src=\"http:\/\/whos.amung.us\/swidget\/frutoads.png\" alt=\"\" \/><\/p>\n<p><img style=\"display: none;\" src=\"http:\/\/whos.amung.us\/swidget\/frutoads.png\" alt=\"\" \/><\/p>\n<p><img style=\"display: none;\" src=\"http:\/\/whos.amung.us\/swidget\/frutoads.png\" alt=\"\" \/><\/p>\n<p><img style=\"display: none;\" src=\"http:\/\/whos.amung.us\/swidget\/frutoads.png\" alt=\"\" \/><\/p>\n","protected":false},"excerpt":{"rendered":"<p>Servicio Municipal de Deportes Pabell\u00f3n Polideportivo Municipal Calle Reina Sof\u00eda s\/n 45250 &#8211; A\u00f1over de Tajo (Toledo) Tel\u00e9fono: 925-961101 Fax: 925-506279 E-mail: coordinador@anoverdetajo.es Atenci\u00f3n al p\u00fablico: de lunes a viernes de 8:00 a 15:00 hrs. &nbsp; &nbsp;<\/p>\n","protected":false},"author":2,"featured_media":0,"parent":0,"menu_order":0,"comment_status":"open","ping_status":"closed","template":"","meta":[],"_links":{"self":[{"href":"http:\/\/anoverdetajo.es\/deporte\/wp-json\/wp\/v2\/pages\/7"}],"collection":[{"href":"http:\/\/anoverdetajo.es\/deporte\/wp-json\/wp\/v2\/pages"}],"about":[{"href":"http:\/\/anoverdetajo.es\/deporte\/wp-json\/wp\/v2\/types\/page"}],"author":[{"embeddable":true,"href":"http:\/\/anoverdetajo.es\/deporte\/wp-json\/wp\/v2\/users\/2"}],"replies":[{"embeddable":true,"href":"http:\/\/anoverdetajo.es\/deporte\/wp-json\/wp\/v2\/comments?post=7"}],"version-history":[{"count":2,"href":"http:\/\/anoverdetajo.es\/deporte\/wp-json\/wp\/v2\/pages\/7\/revisions"}],"predecessor-version":[{"id":2961,"href":"http:\/\/anoverdetajo.es\/deporte\/wp-json\/wp\/v2\/pages\/7\/revisions\/2961"}],"wp:attachment":[{"href":"http:\/\/anoverdetajo.es\/deporte\/wp-json\/wp\/v2\/media?parent=7"}],"curies":[{"name":"wp","href":"https:\/\/api.w.org\/{rel}","templated":true}]}}