{"id":264,"date":"2016-09-14T12:02:59","date_gmt":"2016-09-14T10:02:59","guid":{"rendered":"http:\/\/anoverdetajo.es\/deporte\/?page_id=264"},"modified":"2023-07-21T10:54:51","modified_gmt":"2023-07-21T08:54:51","slug":"liga-local-futbol-sala-20192020","status":"publish","type":"page","link":"http:\/\/anoverdetajo.es\/deporte\/liga-local-futbol-sala-20192020\/","title":{"rendered":"XIII &#8211; Campeonato F\u00fatbol 7 &#8211; 2023"},"content":{"rendered":"<p>Aqu\u00ed podr\u00e1n realizar el seguimiento del XIII Campeonato de F\u00fatbol 7 que de disputa en el Campo de F\u00fatbol Municipal de A\u00f1over de Tajo.<\/p>\n<p><a href=\"http:\/\/anoverdetajo.es\/deporte\/wp-content\/uploads\/2023\/07\/CALENADARIO-RECTIFICADO-SEMIS.pdf\" target=\"_blank\" rel=\"noopener\">CALENADARIO<\/a><\/p>\n<p><strong>Resultados y clasificaci\u00f3n.<\/strong><\/p>\n<ul>\n<li><a href=\"http:\/\/anoverdetajo.es\/deporte\/wp-content\/uploads\/2023\/07\/1a-JORNADA-Resultados-y-clasficicacion.pdf\" target=\"_blank\" rel=\"noopener\">1\u00aa-JORNADA &#8211; Resultados y clasficicaci\u00f3n<\/a><\/li>\n<li><a href=\"http:\/\/anoverdetajo.es\/deporte\/wp-content\/uploads\/2023\/07\/2a-JORNADA-Resultados-y-clasficicacion.pdf\" target=\"_blank\" rel=\"noopener\">2\u00aa-JORNADA &#8211; Resultados y clasficicaci\u00f3n<\/a><\/li>\n<li><a href=\"http:\/\/anoverdetajo.es\/deporte\/wp-content\/uploads\/2023\/07\/3a-JORNADA-Resultados-y-clasficicacion.pdf\" target=\"_blank\" rel=\"noopener\">3\u00aa-JORNADA &#8211; Resultados y clasficicaci\u00f3n<\/a><\/li>\n<li><a href=\"http:\/\/anoverdetajo.es\/deporte\/wp-content\/uploads\/2023\/07\/4a-JORNADA-Resultados-y-clasficicacion.pdf\" target=\"_blank\" rel=\"noopener\">4\u00aa-JORNADA &#8211; Resultados y clasficicaci\u00f3n<\/a><\/li>\n<li><a href=\"http:\/\/anoverdetajo.es\/deporte\/wp-content\/uploads\/2023\/07\/5a-JORNADA-Resultados-y-clasificacion.pdf\" target=\"_blank\" rel=\"noopener\">5\u00aa-JORNADA &#8211; Resultados y clasificaci\u00f3n<\/a><\/li>\n<li><a href=\"http:\/\/anoverdetajo.es\/deporte\/wp-content\/uploads\/2023\/07\/6a-JORNADA-Resultados-y-clasificacion.pdf\">6\u00aa-JORNADA &#8211; Resultados y clasificaci\u00f3n<\/a><\/li>\n<li><a href=\"http:\/\/anoverdetajo.es\/deporte\/wp-content\/uploads\/2023\/07\/7a-JORNADA-Resultados-y-clasificacion.pdf\">7\u00aa-JORNADA &#8211; Resultados y clasificaci\u00f3n<\/a><\/li>\n<\/ul>\n<p><strong>Tabla de goleadores<\/strong><\/p>\n<ul>\n<li><a href=\"http:\/\/anoverdetajo.es\/deporte\/wp-content\/uploads\/2023\/07\/TABLA-GOLEADORES-JORNADA-2.pdf\" target=\"_blank\" rel=\"noopener\">TABLA GOLEADORES &#8211; JORNADA 2<\/a><\/li>\n<li><a href=\"http:\/\/anoverdetajo.es\/deporte\/wp-content\/uploads\/2023\/07\/TABLA-GOLEADORES-JORNADA-3.pdf\" target=\"_blank\" rel=\"noopener\">TABLA GOLEADORES &#8211; JORNADA 3<\/a><\/li>\n<li><a href=\"http:\/\/anoverdetajo.es\/deporte\/wp-content\/uploads\/2023\/07\/TABLA-GOLEADORES-JORNADA-4.pdf\" target=\"_blank\" rel=\"noopener\">TABLA GOLEADORES &#8211; JORNADA 4<\/a><\/li>\n<li><a href=\"http:\/\/anoverdetajo.es\/deporte\/wp-content\/uploads\/2023\/07\/TABLA-GOLEADORES-JORNADA-5.pdf\" target=\"_blank\" rel=\"noopener\">TABLA GOLEADORES &#8211; JORNADA 5<\/a><\/li>\n<li><a href=\"http:\/\/anoverdetajo.es\/deporte\/wp-content\/uploads\/2023\/07\/TABLA-GOLEADORES-JORNADA-6.pdf\">TABLA GOLEADORES &#8211; JORNADA 6<\/a><\/li>\n<li><a href=\"http:\/\/anoverdetajo.es\/deporte\/wp-content\/uploads\/2023\/07\/TABLA-GOLEADORES-JORNADA-7.pdf\">TABLA GOLEADORES &#8211; JORNADA 7<\/a><\/li>\n<\/ul>\n<p>&nbsp;<\/p>\n<p>&nbsp;<\/p>\n<p>&nbsp;<\/p>\n","protected":false},"excerpt":{"rendered":"<p>Aqu\u00ed podr\u00e1n realizar el seguimiento del XIII Campeonato de F\u00fatbol 7 que de disputa en el Campo de F\u00fatbol Municipal de A\u00f1over de Tajo. CALENADARIO Resultados y clasificaci\u00f3n. 1\u00aa-JORNADA &#8211; Resultados y clasficicaci\u00f3n 2\u00aa-JORNADA &#8211; Resultados y clasficicaci\u00f3n 3\u00aa-JORNADA &#8211; Resultados y clasficicaci\u00f3n 4\u00aa-JORNADA &#8211; Resultados y clasficicaci\u00f3n 5\u00aa-JORNADA &#8211; Resultados y clasificaci\u00f3n 6\u00aa-JORNADA &#8211;<\/p>\n","protected":false},"author":2,"featured_media":0,"parent":0,"menu_order":0,"comment_status":"open","ping_status":"closed","template":"","meta":[],"_links":{"self":[{"href":"http:\/\/anoverdetajo.es\/deporte\/wp-json\/wp\/v2\/pages\/264"}],"collection":[{"href":"http:\/\/anoverdetajo.es\/deporte\/wp-json\/wp\/v2\/pages"}],"about":[{"href":"http:\/\/anoverdetajo.es\/deporte\/wp-json\/wp\/v2\/types\/page"}],"author":[{"embeddable":true,"href":"http:\/\/anoverdetajo.es\/deporte\/wp-json\/wp\/v2\/users\/2"}],"replies":[{"embeddable":true,"href":"http:\/\/anoverdetajo.es\/deporte\/wp-json\/wp\/v2\/comments?post=264"}],"version-history":[{"count":68,"href":"http:\/\/anoverdetajo.es\/deporte\/wp-json\/wp\/v2\/pages\/264\/revisions"}],"predecessor-version":[{"id":4097,"href":"http:\/\/anoverdetajo.es\/deporte\/wp-json\/wp\/v2\/pages\/264\/revisions\/4097"}],"wp:attachment":[{"href":"http:\/\/anoverdetajo.es\/deporte\/wp-json\/wp\/v2\/media?parent=264"}],"curies":[{"name":"wp","href":"https:\/\/api.w.org\/{rel}","templated":true}]}}