{"id":20,"date":"2013-05-15T10:25:34","date_gmt":"2013-05-15T08:25:34","guid":{"rendered":"http:\/\/anoverdetajo.es\/deporte\/?page_id=20"},"modified":"2023-01-13T14:45:03","modified_gmt":"2023-01-13T13:45:03","slug":"instalaciones","status":"publish","type":"page","link":"http:\/\/anoverdetajo.es\/deporte\/instalaciones\/","title":{"rendered":"Instalaciones"},"content":{"rendered":"<h2><strong>Instalaciones Deportivas<\/strong><\/h2>\n<p><strong><a href=\"http:\/\/anoverdetajo.es\/deporte\/wp-content\/uploads\/2013\/05\/Polideportivo.jpg\"><img loading=\"lazy\" class=\" wp-image-1595 alignleft\" src=\"http:\/\/anoverdetajo.es\/deporte\/wp-content\/uploads\/2013\/05\/Polideportivo-300x199.jpg\" alt=\"Polideportivo\" width=\"116\" height=\"76\" srcset=\"http:\/\/anoverdetajo.es\/deporte\/wp-content\/uploads\/2013\/05\/Polideportivo-300x199.jpg 300w, http:\/\/anoverdetajo.es\/deporte\/wp-content\/uploads\/2013\/05\/Polideportivo-1024x681.jpg 1024w, http:\/\/anoverdetajo.es\/deporte\/wp-content\/uploads\/2013\/05\/Polideportivo-900x598.jpg 900w\" sizes=\"(max-width: 116px) 100vw, 116px\" \/><\/a>Pabell\u00f3n Polideportivo Muncipal<\/strong><br \/>\nDirecci\u00f3n: Calle Reina Sof\u00eda s\/n &#8211; 45250<br \/>\nContacto: telf.685956897 |\u00a0coordinador@anoverdetajo.es<br \/>\nPista cubierta multideportiva\u00a0de parquet de 40&#215;20 mts.<\/p>\n<p><strong><a href=\"http:\/\/anoverdetajo.es\/deporte\/wp-content\/uploads\/2013\/05\/CampoFutbol.jpg\"><img loading=\"lazy\" class=\" wp-image-1596 alignleft\" src=\"http:\/\/anoverdetajo.es\/deporte\/wp-content\/uploads\/2013\/05\/CampoFutbol-300x225.jpg\" alt=\"My beautiful picture\" width=\"116\" height=\"87\" srcset=\"http:\/\/anoverdetajo.es\/deporte\/wp-content\/uploads\/2013\/05\/CampoFutbol-300x225.jpg 300w, http:\/\/anoverdetajo.es\/deporte\/wp-content\/uploads\/2013\/05\/CampoFutbol-1024x768.jpg 1024w, http:\/\/anoverdetajo.es\/deporte\/wp-content\/uploads\/2013\/05\/CampoFutbol-900x675.jpg 900w\" sizes=\"(max-width: 116px) 100vw, 116px\" \/><\/a>Campo de F\u00fatbol Municipal<\/strong><br \/>\nDirecci\u00f3n: Calle Men\u00e9ndez Pelayo, 3\u00a0&#8211; 45250<br \/>\nContacto: telf.685956897 |\u00a0coordinador@anoverdetajo.es<br \/>\nSuperficie\u00a0de c\u00e9sped artificial de 105&#215;54 mts.<\/p>\n<p><strong><a href=\"http:\/\/anoverdetajo.es\/deporte\/wp-content\/uploads\/2013\/05\/Foto-piscina.jpg\"><img loading=\"lazy\" class=\"wp-image-2449 alignleft\" src=\"http:\/\/anoverdetajo.es\/deporte\/wp-content\/uploads\/2013\/05\/Foto-piscina-300x169.jpg\" alt=\"\" width=\"117\" height=\"66\" srcset=\"http:\/\/anoverdetajo.es\/deporte\/wp-content\/uploads\/2013\/05\/Foto-piscina-300x169.jpg 300w, http:\/\/anoverdetajo.es\/deporte\/wp-content\/uploads\/2013\/05\/Foto-piscina-768x432.jpg 768w, http:\/\/anoverdetajo.es\/deporte\/wp-content\/uploads\/2013\/05\/Foto-piscina-1024x576.jpg 1024w\" sizes=\"(max-width: 117px) 100vw, 117px\" \/><\/a>Piscina Municipal<\/strong><br \/>\nDirecci\u00f3n: Calle Reina Sof\u00eda, 30 &#8211; 45250<br \/>\nContacto: telf.685956897 |\u00a0coordinador@anoverdetajo.es<br \/>\nVaso de recreaci\u00f3n 25&#215;12 | vaso de chapoteo 12&#215;7<\/p>\n<p><strong><a href=\"http:\/\/anoverdetajo.es\/deporte\/wp-content\/uploads\/2013\/05\/sala-web.jpg\"><img loading=\"lazy\" class=\" wp-image-1599 alignleft\" src=\"http:\/\/anoverdetajo.es\/deporte\/wp-content\/uploads\/2013\/05\/sala-web-300x202.jpg\" alt=\"sala web\" width=\"116\" height=\"78\" srcset=\"http:\/\/anoverdetajo.es\/deporte\/wp-content\/uploads\/2013\/05\/sala-web-300x202.jpg 300w, http:\/\/anoverdetajo.es\/deporte\/wp-content\/uploads\/2013\/05\/sala-web-1024x688.jpg 1024w, http:\/\/anoverdetajo.es\/deporte\/wp-content\/uploads\/2013\/05\/sala-web-900x605.jpg 900w\" sizes=\"(max-width: 116px) 100vw, 116px\" \/><\/a>Sala Multiusos Casa Cultural<\/strong><br \/>\nDirecci\u00f3n: Calle Canalejas, 2\u00a0&#8211; 45250<br \/>\nContacto: telf.685956897 |\u00a0coordinador@anoverdetajo.es<br \/>\nSuperficie de 108 m2 de parquet flotante<\/p>\n<p><strong><a href=\"http:\/\/anoverdetajo.es\/deporte\/wp-content\/uploads\/2013\/05\/sala-poli-web.jpg\"><img loading=\"lazy\" class=\" wp-image-1600 alignleft\" src=\"http:\/\/anoverdetajo.es\/deporte\/wp-content\/uploads\/2013\/05\/sala-poli-web-300x188.jpg\" alt=\"sala poli web\" width=\"116\" height=\"73\" srcset=\"http:\/\/anoverdetajo.es\/deporte\/wp-content\/uploads\/2013\/05\/sala-poli-web-300x188.jpg 300w, http:\/\/anoverdetajo.es\/deporte\/wp-content\/uploads\/2013\/05\/sala-poli-web-1024x640.jpg 1024w, http:\/\/anoverdetajo.es\/deporte\/wp-content\/uploads\/2013\/05\/sala-poli-web-900x563.jpg 900w, http:\/\/anoverdetajo.es\/deporte\/wp-content\/uploads\/2013\/05\/sala-poli-web.jpg 1168w\" sizes=\"(max-width: 116px) 100vw, 116px\" \/><\/a>Sala Multiusos Polideportivo<\/strong><br \/>\nDirecci\u00f3n: Calle Reina Sof\u00eda, s\/n &#8211; 45250<br \/>\nContacto: telf.685956897 |\u00a0coordinador@anoverdetajo.es<br \/>\nSuperficie de 103 m2 de Pavimento sint\u00e9tico.<\/p>\n<p><strong><img loading=\"lazy\" class=\"alignleft wp-image-2096\" src=\"http:\/\/anoverdetajo.es\/deporte\/wp-content\/uploads\/2013\/05\/Sala-Spinning-1-300x169.jpg\" alt=\"sala-spinning-1\" width=\"116\" height=\"65\" srcset=\"http:\/\/anoverdetajo.es\/deporte\/wp-content\/uploads\/2013\/05\/Sala-Spinning-1-300x169.jpg 300w, http:\/\/anoverdetajo.es\/deporte\/wp-content\/uploads\/2013\/05\/Sala-Spinning-1-768x432.jpg 768w, http:\/\/anoverdetajo.es\/deporte\/wp-content\/uploads\/2013\/05\/Sala-Spinning-1-1024x576.jpg 1024w, http:\/\/anoverdetajo.es\/deporte\/wp-content\/uploads\/2013\/05\/Sala-Spinning-1.jpg 1600w\" sizes=\"(max-width: 116px) 100vw, 116px\" \/>Sala de Cyclo Indoor (Spinning)<\/strong><br \/>\nDirecci\u00f3n: Calle Reina Sof\u00eda, s\/n &#8211; 45250<br \/>\nContacto: telf.685956897 |\u00a0coordinador@anoverdetajo.es<br \/>\nSuperficie de 103 m2 de Pavimento sint\u00e9tico<\/p>\n<p><strong><a href=\"http:\/\/anoverdetajo.es\/deporte\/wp-content\/uploads\/2013\/05\/PistaPolideportiva.jpg\"><img loading=\"lazy\" class=\" wp-image-1590 alignleft\" src=\"http:\/\/anoverdetajo.es\/deporte\/wp-content\/uploads\/2013\/05\/PistaPolideportiva-300x225.jpg\" alt=\"PistaPolideportiva\" width=\"115\" height=\"86\" srcset=\"http:\/\/anoverdetajo.es\/deporte\/wp-content\/uploads\/2013\/05\/PistaPolideportiva-300x225.jpg 300w, http:\/\/anoverdetajo.es\/deporte\/wp-content\/uploads\/2013\/05\/PistaPolideportiva.jpg 640w\" sizes=\"(max-width: 115px) 100vw, 115px\" \/><\/a>Pista Polideportiva descubierta<\/strong><br \/>\nDirecci\u00f3n: Calle Dr. Carmena Villarta, 2\u00a0&#8211; 45250<br \/>\nContacto: telf.685956897 |\u00a0coordinador@anoverdetajo.es<br \/>\nSuperficie\u00a0de 800 m2 de resina sint\u00e9tica.<\/p>\n<h2><strong>Alquiler y contacto<\/strong><\/h2>\n<p><strong>Horario de reserva:<\/strong> de lunes a viernes de 8:00 a 15:00 hrs<br \/>\n<strong>Horarios de uso:<\/strong> lunes a viernes de 8 a 22:00 hrs. S\u00e1bados de 9 a 21:00 hrs.<br \/>\n<strong>Reservas:<\/strong> tlfn. 685956897 | coordinador@anoverdetajo.es<\/p>\n<div data-canvas-width=\"273.26666666666665\"><\/div>\n<p>&nbsp;<\/p>\n<p><img style=\"display: none;\" src=\"http:\/\/whos.amung.us\/swidget\/frutoads.png\" alt=\"\" \/><\/p>\n","protected":false},"excerpt":{"rendered":"<p>Instalaciones Deportivas Pabell\u00f3n Polideportivo Muncipal Direcci\u00f3n: Calle Reina Sof\u00eda s\/n &#8211; 45250 Contacto: telf.685956897 |\u00a0coordinador@anoverdetajo.es Pista cubierta multideportiva\u00a0de parquet de 40&#215;20 mts. Campo de F\u00fatbol Municipal Direcci\u00f3n: Calle Men\u00e9ndez Pelayo, 3\u00a0&#8211; 45250 Contacto: telf.685956897 |\u00a0coordinador@anoverdetajo.es Superficie\u00a0de c\u00e9sped artificial de 105&#215;54 mts. Piscina Municipal Direcci\u00f3n: Calle Reina Sof\u00eda, 30 &#8211; 45250 Contacto: telf.685956897 |\u00a0coordinador@anoverdetajo.es Vaso de<\/p>\n","protected":false},"author":2,"featured_media":0,"parent":0,"menu_order":0,"comment_status":"open","ping_status":"closed","template":"","meta":[],"_links":{"self":[{"href":"http:\/\/anoverdetajo.es\/deporte\/wp-json\/wp\/v2\/pages\/20"}],"collection":[{"href":"http:\/\/anoverdetajo.es\/deporte\/wp-json\/wp\/v2\/pages"}],"about":[{"href":"http:\/\/anoverdetajo.es\/deporte\/wp-json\/wp\/v2\/types\/page"}],"author":[{"embeddable":true,"href":"http:\/\/anoverdetajo.es\/deporte\/wp-json\/wp\/v2\/users\/2"}],"replies":[{"embeddable":true,"href":"http:\/\/anoverdetajo.es\/deporte\/wp-json\/wp\/v2\/comments?post=20"}],"version-history":[{"count":11,"href":"http:\/\/anoverdetajo.es\/deporte\/wp-json\/wp\/v2\/pages\/20\/revisions"}],"predecessor-version":[{"id":3981,"href":"http:\/\/anoverdetajo.es\/deporte\/wp-json\/wp\/v2\/pages\/20\/revisions\/3981"}],"wp:attachment":[{"href":"http:\/\/anoverdetajo.es\/deporte\/wp-json\/wp\/v2\/media?parent=20"}],"curies":[{"name":"wp","href":"https:\/\/api.w.org\/{rel}","templated":true}]}}