{"id":17,"date":"2013-05-15T10:25:04","date_gmt":"2013-05-15T08:25:04","guid":{"rendered":"http:\/\/anoverdetajo.es\/deporte\/?page_id=17"},"modified":"2024-07-08T11:35:46","modified_gmt":"2024-07-08T09:35:46","slug":"gestion-on-line","status":"publish","type":"page","link":"http:\/\/anoverdetajo.es\/deporte\/gestion-on-line\/","title":{"rendered":"Gesti\u00f3n ON-LINE"},"content":{"rendered":"<h3><\/h3>\n<h3><strong>Tr\u00e1mites online:<\/strong><\/h3>\n<p>A partir de ahora podr\u00e1s realizar tus tr\u00e1mites deportivos (inscripciones, seguimiento de competiciones, alquileres, etc\u2026) de un modo m\u00e1s c\u00f3modo y r\u00e1pido. <a href=\"https:\/\/anoverdetajo.i2a.es\/CronosWeb\/Login\">Pincha <\/a>sobre la imagen para acceder a la plataforma web.<\/p>\n<h3><a href=\"https:\/\/anoverdetajo.i2a.es\/CronosWeb\/Login\"><img loading=\"lazy\" class=\"aligncenter wp-image-2585 size-full\" src=\"http:\/\/anoverdetajo.es\/deporte\/wp-content\/uploads\/2013\/05\/Captura.jpg\" alt=\"\" width=\"1203\" height=\"746\" srcset=\"http:\/\/anoverdetajo.es\/deporte\/wp-content\/uploads\/2013\/05\/Captura.jpg 1203w, http:\/\/anoverdetajo.es\/deporte\/wp-content\/uploads\/2013\/05\/Captura-300x186.jpg 300w, http:\/\/anoverdetajo.es\/deporte\/wp-content\/uploads\/2013\/05\/Captura-768x476.jpg 768w, http:\/\/anoverdetajo.es\/deporte\/wp-content\/uploads\/2013\/05\/Captura-1024x635.jpg 1024w\" sizes=\"(max-width: 1203px) 100vw, 1203px\" \/><\/a><\/h3>\n<p>&nbsp;<\/p>\n<h3><\/h3>\n<h3><strong>Descarga de archivos adjuntos:<\/strong><\/h3>\n<p>Para realizar el tr\u00e1mite online, puedes enviar el impreso de solicitud a la direcci\u00f3n de correo coordinador@anoverdetajo.es<\/p>\n<p><strong><img loading=\"lazy\" class=\" wp-image-2565 alignleft\" src=\"http:\/\/anoverdetajo.es\/deporte\/wp-content\/uploads\/2017\/11\/logo-pdf-230x300.png\" alt=\"\" width=\"25\" height=\"33\" \/>Solicitud (instancia) general.<\/strong><br \/>\n<a href=\"http:\/\/anoverdetajo.es\/deporte\/wp-content\/uploads\/2013\/05\/Instancia-General-2.pdf\">Descargar<\/a><\/p>\n<p><strong><img loading=\"lazy\" class=\"wp-image-2565 alignleft\" src=\"http:\/\/anoverdetajo.es\/deporte\/wp-content\/uploads\/2017\/11\/logo-pdf-230x300.png\" alt=\"\" width=\"25\" height=\"33\" \/>Solicitud de baja en actividades deportivas.<\/strong><br \/>\n<a href=\"https:\/\/docs.google.com\/a\/anoverdetajo.es\/forms\/d\/e\/1FAIpQLSf-bREHPP3ZFpqVNzqyDnq5KyvDA8Sd9v2HsR75SGmg747lvA\/viewform\">Descargar<\/a><\/p>\n<p><strong><img loading=\"lazy\" class=\" wp-image-2565 alignleft\" src=\"http:\/\/anoverdetajo.es\/deporte\/wp-content\/uploads\/2017\/11\/logo-pdf-230x300.png\" alt=\"\" width=\"25\" height=\"33\" \/>Solicitud de instalaciones deportivas.<\/strong><br \/>\n<a href=\"http:\/\/anoverdetajo.es\/deporte\/wp-content\/uploads\/2013\/05\/SOLICITUD-CESION-INSTALACIONES-DEPORTIVAS-2017-2018.pdf\">Descargar<\/a><\/p>\n<p><strong><img loading=\"lazy\" class=\" wp-image-2565 alignleft\" src=\"http:\/\/anoverdetajo.es\/deporte\/wp-content\/uploads\/2017\/11\/logo-pdf-230x300.png\" alt=\"\" width=\"25\" height=\"33\" \/>Autorizaci\u00f3n de menores.<\/strong><br \/>\n<a href=\"http:\/\/anoverdetajo.es\/deporte\/wp-content\/uploads\/2013\/05\/SOLICITUD-AUTORIZACI\u00d3N-MENORES.pdf\">Descargar<\/a><\/p>\n<p><strong><img loading=\"lazy\" class=\" wp-image-2565 alignleft\" src=\"http:\/\/anoverdetajo.es\/deporte\/wp-content\/uploads\/2017\/11\/logo-pdf-230x300.png\" alt=\"\" width=\"25\" height=\"33\" \/>Ordenanza reguladora de precio p\u00fablico.<\/strong><br \/>\n<a href=\"http:\/\/anoverdetajo.es\/deporte\/wp-content\/uploads\/downloads\/2017\/11\/Ordenanza-precio-p%C3%BAblico2016.pdf\">Descargar<\/a><\/p>\n<p><strong><img loading=\"lazy\" class=\" wp-image-2565 alignleft\" src=\"http:\/\/anoverdetajo.es\/deporte\/wp-content\/uploads\/2017\/11\/logo-pdf-230x300.png\" alt=\"\" width=\"25\" height=\"33\" \/>Reglamento de usuarios e instalaciones deportivas.<\/strong><br \/>\n<a href=\"http:\/\/anoverdetajo.es\/deporte\/wp-content\/uploads\/downloads\/2015\/11\/Reglamento-de-usuarios.pdf\">Descargar<\/a><\/p>\n<p>&nbsp;<\/p>\n<p>&nbsp;<\/p>\n<p><img style=\"display: none;\" src=\"http:\/\/whos.amung.us\/swidget\/frutoads.png\" alt=\"\" \/><\/p>\n<p><img style=\"display: none;\" src=\"http:\/\/whos.amung.us\/swidget\/frutoads.png\" alt=\"\" \/><\/p>\n<p><img style=\"display: none;\" src=\"http:\/\/whos.amung.us\/swidget\/frutoads.png\" alt=\"\" \/><\/p>\n<p><img style=\"display: none;\" src=\"http:\/\/whos.amung.us\/swidget\/frutoads.png\" alt=\"\" \/><\/p>\n<p><img style=\"display: none;\" src=\"http:\/\/whos.amung.us\/swidget\/frutoads.png\" alt=\"\" \/><\/p>\n","protected":false},"excerpt":{"rendered":"<p>Tr\u00e1mites online: A partir de ahora podr\u00e1s realizar tus tr\u00e1mites deportivos (inscripciones, seguimiento de competiciones, alquileres, etc\u2026) de un modo m\u00e1s c\u00f3modo y r\u00e1pido. Pincha sobre la imagen para acceder a la plataforma web. &nbsp; Descarga de archivos adjuntos: Para realizar el tr\u00e1mite online, puedes enviar el impreso de solicitud a la direcci\u00f3n de correo<\/p>\n","protected":false},"author":2,"featured_media":0,"parent":0,"menu_order":0,"comment_status":"open","ping_status":"closed","template":"","meta":[],"_links":{"self":[{"href":"http:\/\/anoverdetajo.es\/deporte\/wp-json\/wp\/v2\/pages\/17"}],"collection":[{"href":"http:\/\/anoverdetajo.es\/deporte\/wp-json\/wp\/v2\/pages"}],"about":[{"href":"http:\/\/anoverdetajo.es\/deporte\/wp-json\/wp\/v2\/types\/page"}],"author":[{"embeddable":true,"href":"http:\/\/anoverdetajo.es\/deporte\/wp-json\/wp\/v2\/users\/2"}],"replies":[{"embeddable":true,"href":"http:\/\/anoverdetajo.es\/deporte\/wp-json\/wp\/v2\/comments?post=17"}],"version-history":[{"count":35,"href":"http:\/\/anoverdetajo.es\/deporte\/wp-json\/wp\/v2\/pages\/17\/revisions"}],"predecessor-version":[{"id":4257,"href":"http:\/\/anoverdetajo.es\/deporte\/wp-json\/wp\/v2\/pages\/17\/revisions\/4257"}],"wp:attachment":[{"href":"http:\/\/anoverdetajo.es\/deporte\/wp-json\/wp\/v2\/media?parent=17"}],"curies":[{"name":"wp","href":"https:\/\/api.w.org\/{rel}","templated":true}]}}