{"id":1461,"date":"2015-10-20T17:43:22","date_gmt":"2015-10-20T15:43:22","guid":{"rendered":"http:\/\/anoverdetajo.es\/deporte\/?page_id=1461"},"modified":"2015-12-07T13:52:06","modified_gmt":"2015-12-07T12:52:06","slug":"ii-carrera-popular-villa-de-anover-de-tajo","status":"publish","type":"page","link":"http:\/\/anoverdetajo.es\/deporte\/ii-carrera-popular-villa-de-anover-de-tajo\/","title":{"rendered":"II Carrera Popular Villa de A\u00f1over de Tajo"},"content":{"rendered":"<p>\u00a1Ya esta aqu\u00ed la II Carrera Popular \u00abVILLA DE A\u00d1OVER DE TAJO\u00bb! La carrera se celebrar\u00e1 el pr\u00f3ximo d\u00eda 6 de diciembre en nuestra localidad. Inscr\u00edpciones hasta el\u00a03 de diciembre, ap\u00fantate y participa.<\/p>\n<p><!--more--><\/p>\n<p style=\"text-align: justify;\"><span style=\"text-decoration: underline;\">INFORMACI\u00d3N DEL EVENTO<\/span><\/p>\n<ul style=\"text-align: justify;\">\n<li>D\u00eda: Domingo 6 de diciembre de 2015.<\/li>\n<li>Lugar: Plaza Espa\u00f1a.<\/li>\n<li>Hora: Desde las 11:00 horas.<\/li>\n<li>Inscripciones: <a href=\"http:\/\/www.evedeport.es\/index.php\/noticias\/inscripciones\" target=\"_blank\">Online aqu\u00ed<\/a>, y presencial en la oficina de la Concejal\u00eda de Deportes ( C\/Reina Sof\u00eda s\/n) hasta el 3 de diciembre.<\/li>\n<\/ul>\n<p style=\"text-align: justify;\"><span style=\"text-decoration: underline;\">CONSULTAR RECORRIDO Y CATEGOR\u00cdAS.<\/span><\/p>\n<ul style=\"text-align: justify;\">\n<li><\/li>\n<li><\/li>\n<li><\/li>\n<li><\/li>\n<\/ul>\n<p style=\"text-align: justify;\">Para m\u00e1s informaci\u00f3n: coordinador@anoverdetajo.es o llamar al 685 956 897 (horario de 8 a 15:00 hrs)<\/p>\n<p style=\"text-align: center;\"><a href=\"http:\/\/anoverdetajo.es\/deporte\/wp-content\/uploads\/2015\/10\/Cartel_II_Carrera_Popular_TERMINADO.jpg\"><img loading=\"lazy\" class=\"aligncenter size-medium wp-image-1478\" src=\"http:\/\/anoverdetajo.es\/deporte\/wp-content\/uploads\/2015\/10\/Cartel_II_Carrera_Popular_TERMINADO-212x300.jpg\" alt=\"Cartel_II_Carrera_Popular_TERMINADO\" width=\"212\" height=\"300\" srcset=\"http:\/\/anoverdetajo.es\/deporte\/wp-content\/uploads\/2015\/10\/Cartel_II_Carrera_Popular_TERMINADO-212x300.jpg 212w, http:\/\/anoverdetajo.es\/deporte\/wp-content\/uploads\/2015\/10\/Cartel_II_Carrera_Popular_TERMINADO-724x1024.jpg 724w, http:\/\/anoverdetajo.es\/deporte\/wp-content\/uploads\/2015\/10\/Cartel_II_Carrera_Popular_TERMINADO.jpg 842w\" sizes=\"(max-width: 212px) 100vw, 212px\" \/><\/a><\/p>\n","protected":false},"excerpt":{"rendered":"<p>\u00a1Ya esta aqu\u00ed la II Carrera Popular \u00abVILLA DE A\u00d1OVER DE TAJO\u00bb! La carrera se celebrar\u00e1 el pr\u00f3ximo d\u00eda 6 de diciembre en nuestra localidad. Inscr\u00edpciones hasta el\u00a03 de diciembre, ap\u00fantate y participa.<\/p>\n","protected":false},"author":2,"featured_media":0,"parent":0,"menu_order":0,"comment_status":"open","ping_status":"open","template":"","meta":[],"_links":{"self":[{"href":"http:\/\/anoverdetajo.es\/deporte\/wp-json\/wp\/v2\/pages\/1461"}],"collection":[{"href":"http:\/\/anoverdetajo.es\/deporte\/wp-json\/wp\/v2\/pages"}],"about":[{"href":"http:\/\/anoverdetajo.es\/deporte\/wp-json\/wp\/v2\/types\/page"}],"author":[{"embeddable":true,"href":"http:\/\/anoverdetajo.es\/deporte\/wp-json\/wp\/v2\/users\/2"}],"replies":[{"embeddable":true,"href":"http:\/\/anoverdetajo.es\/deporte\/wp-json\/wp\/v2\/comments?post=1461"}],"version-history":[{"count":0,"href":"http:\/\/anoverdetajo.es\/deporte\/wp-json\/wp\/v2\/pages\/1461\/revisions"}],"wp:attachment":[{"href":"http:\/\/anoverdetajo.es\/deporte\/wp-json\/wp\/v2\/media?parent=1461"}],"curies":[{"name":"wp","href":"https:\/\/api.w.org\/{rel}","templated":true}]}}