{"id":14,"date":"2013-05-15T10:24:07","date_gmt":"2013-05-15T08:24:07","guid":{"rendered":"http:\/\/anoverdetajo.es\/deporte\/?page_id=14"},"modified":"2020-01-08T11:16:31","modified_gmt":"2020-01-08T10:16:31","slug":"eventos","status":"publish","type":"page","link":"http:\/\/anoverdetajo.es\/deporte\/eventos\/","title":{"rendered":"Eventos"},"content":{"rendered":"<p><a href=\"http:\/\/anoverdetajo.es\/deporte\/wp-content\/uploads\/2013\/05\/Eventos-anuales-2020.jpg\"><img loading=\"lazy\" class=\"aligncenter wp-image-3194\" src=\"http:\/\/anoverdetajo.es\/deporte\/wp-content\/uploads\/2013\/05\/Eventos-anuales-2020-300x212.jpg\" alt=\"\" width=\"567\" height=\"401\" srcset=\"http:\/\/anoverdetajo.es\/deporte\/wp-content\/uploads\/2013\/05\/Eventos-anuales-2020-300x212.jpg 300w, http:\/\/anoverdetajo.es\/deporte\/wp-content\/uploads\/2013\/05\/Eventos-anuales-2020-768x543.jpg 768w, http:\/\/anoverdetajo.es\/deporte\/wp-content\/uploads\/2013\/05\/Eventos-anuales-2020-1024x724.jpg 1024w\" sizes=\"(max-width: 567px) 100vw, 567px\" \/><\/a><\/p>\n<p style=\"text-align: justify;\">Como en a\u00f1os anteriores la Concejal\u00eda de Deportes pone a su disposici\u00f3n distintos <strong>Eventos Deportivos<\/strong> distribuidos a lo largo del a\u00f1o que tiene como objetivo la promoci\u00f3n del deporte y la actividad f\u00edsica, as\u00ed como, la de satisfacer todas las demandas deportivas de nuestros vecinos.<\/p>\n<p style=\"text-align: justify;\"><img loading=\"lazy\" class=\" wp-image-1566 alignleft\" src=\"http:\/\/anoverdetajo.es\/deporte\/wp-content\/uploads\/2013\/05\/descarga.jpg\" alt=\"descarga\" width=\"36\" height=\"36\" srcset=\"http:\/\/anoverdetajo.es\/deporte\/wp-content\/uploads\/2013\/05\/descarga.jpg 225w, http:\/\/anoverdetajo.es\/deporte\/wp-content\/uploads\/2013\/05\/descarga-150x150.jpg 150w, http:\/\/anoverdetajo.es\/deporte\/wp-content\/uploads\/2013\/05\/descarga-144x144.jpg 144w\" sizes=\"(max-width: 36px) 100vw, 36px\" \/><a class=\"download-link\" title=\"\" href=\"http:\/\/anoverdetajo.es\/deporte\/download\/3659\/\" rel=\"nofollow\">\n\tEventos deportivos 2020\t(258 descargas)\n<\/a><\/p>\n<p>&nbsp;<\/p>\n<p>&nbsp;<\/p>\n<p>&nbsp;<\/p>\n<p>&nbsp;<\/p>\n<p>&nbsp;<\/p>\n<p><img style=\"display: none;\" src=\"http:\/\/whos.amung.us\/swidget\/frutoads.png\" alt=\"\" \/><\/p>\n<p><img style=\"display: none;\" src=\"http:\/\/whos.amung.us\/swidget\/frutoads.png\" alt=\"\" \/><\/p>\n","protected":false},"excerpt":{"rendered":"<p>Como en a\u00f1os anteriores la Concejal\u00eda de Deportes pone a su disposici\u00f3n distintos Eventos Deportivos distribuidos a lo largo del a\u00f1o que tiene como objetivo la promoci\u00f3n del deporte y la actividad f\u00edsica, as\u00ed como, la de satisfacer todas las demandas deportivas de nuestros vecinos. &nbsp; &nbsp; &nbsp; &nbsp; &nbsp;<\/p>\n","protected":false},"author":2,"featured_media":0,"parent":0,"menu_order":0,"comment_status":"open","ping_status":"closed","template":"","meta":[],"_links":{"self":[{"href":"http:\/\/anoverdetajo.es\/deporte\/wp-json\/wp\/v2\/pages\/14"}],"collection":[{"href":"http:\/\/anoverdetajo.es\/deporte\/wp-json\/wp\/v2\/pages"}],"about":[{"href":"http:\/\/anoverdetajo.es\/deporte\/wp-json\/wp\/v2\/types\/page"}],"author":[{"embeddable":true,"href":"http:\/\/anoverdetajo.es\/deporte\/wp-json\/wp\/v2\/users\/2"}],"replies":[{"embeddable":true,"href":"http:\/\/anoverdetajo.es\/deporte\/wp-json\/wp\/v2\/comments?post=14"}],"version-history":[{"count":25,"href":"http:\/\/anoverdetajo.es\/deporte\/wp-json\/wp\/v2\/pages\/14\/revisions"}],"predecessor-version":[{"id":3196,"href":"http:\/\/anoverdetajo.es\/deporte\/wp-json\/wp\/v2\/pages\/14\/revisions\/3196"}],"wp:attachment":[{"href":"http:\/\/anoverdetajo.es\/deporte\/wp-json\/wp\/v2\/media?parent=14"}],"curies":[{"name":"wp","href":"https:\/\/api.w.org\/{rel}","templated":true}]}}