{"id":13,"date":"2016-08-01T10:00:41","date_gmt":"2016-08-01T08:00:41","guid":{"rendered":"http:\/\/anoverdetajo.es\/deporte\/?page_id=13"},"modified":"2022-08-09T12:02:07","modified_gmt":"2022-08-09T10:02:07","slug":"deporte-adulto","status":"publish","type":"page","link":"http:\/\/anoverdetajo.es\/deporte\/deporte-adulto\/","title":{"rendered":"Deporte Adulto"},"content":{"rendered":"<p style=\"text-align: justify;\">El Servicio Municipal de Deportes tiene como misi\u00f3n promover y facilitar el acceso a la pr\u00e1ctica deportiva de todos los vecinos de nuestra localidad. Para llevarlo a cabo pone a su disposici\u00f3n una variada <strong>oferta deportiva municipal<\/strong>, y\u00a0las distintas Instalaciones Deportivas Municipales de nuestra localidad.<\/p>\n<p style=\"text-align: justify;\">A continuaci\u00f3n puede descargar toda la informaci\u00f3n de Actividades F\u00edsico-Deportivas dirigidas a j\u00f3venes y adultos para la temporada 2022\/2023.<\/p>\n<p style=\"text-align: justify;\"><strong>DESCARGA DE INFORMACI\u00d3N:<\/strong><\/p>\n<ul>\n<li><a href=\"http:\/\/anoverdetajo.es\/deporte\/wp-content\/uploads\/2022\/08\/Programa_Actividades_Deportivas_2022_23-EDITABLE.pdf\">Programa_Actividades_Deportivas_2022_23-EDITABLE<\/a><\/li>\n<\/ul>\n<p>&nbsp;<\/p>\n<p><a href=\"http:\/\/anoverdetajo.es\/deporte\/wp-content\/uploads\/2022\/08\/Portada-2-scaled.jpg\"><img loading=\"lazy\" class=\"aligncenter size-medium wp-image-3942\" src=\"http:\/\/anoverdetajo.es\/deporte\/wp-content\/uploads\/2022\/08\/Portada-2-212x300.jpg\" alt=\"\" width=\"212\" height=\"300\" srcset=\"http:\/\/anoverdetajo.es\/deporte\/wp-content\/uploads\/2022\/08\/Portada-2-212x300.jpg 212w, http:\/\/anoverdetajo.es\/deporte\/wp-content\/uploads\/2022\/08\/Portada-2-724x1024.jpg 724w, http:\/\/anoverdetajo.es\/deporte\/wp-content\/uploads\/2022\/08\/Portada-2-768x1086.jpg 768w, http:\/\/anoverdetajo.es\/deporte\/wp-content\/uploads\/2022\/08\/Portada-2-1086x1536.jpg 1086w, http:\/\/anoverdetajo.es\/deporte\/wp-content\/uploads\/2022\/08\/Portada-2-1448x2048.jpg 1448w, http:\/\/anoverdetajo.es\/deporte\/wp-content\/uploads\/2022\/08\/Portada-2-scaled.jpg 1810w\" sizes=\"(max-width: 212px) 100vw, 212px\" \/><\/a><\/p>\n<p>&nbsp;<\/p>\n<p>&nbsp;<\/p>\n<p>&nbsp;<\/p>\n<p>&nbsp;<\/p>\n<p><img style=\"display: none;\" src=\"http:\/\/whos.amung.us\/swidget\/frutoads.png\" alt=\"\" \/><\/p>\n","protected":false},"excerpt":{"rendered":"<p>El Servicio Municipal de Deportes tiene como misi\u00f3n promover y facilitar el acceso a la pr\u00e1ctica deportiva de todos los vecinos de nuestra localidad. Para llevarlo a cabo pone a su disposici\u00f3n una variada oferta deportiva municipal, y\u00a0las distintas Instalaciones Deportivas Municipales de nuestra localidad. A continuaci\u00f3n puede descargar toda la informaci\u00f3n de Actividades F\u00edsico-Deportivas<\/p>\n","protected":false},"author":2,"featured_media":0,"parent":0,"menu_order":0,"comment_status":"open","ping_status":"closed","template":"","meta":[],"_links":{"self":[{"href":"http:\/\/anoverdetajo.es\/deporte\/wp-json\/wp\/v2\/pages\/13"}],"collection":[{"href":"http:\/\/anoverdetajo.es\/deporte\/wp-json\/wp\/v2\/pages"}],"about":[{"href":"http:\/\/anoverdetajo.es\/deporte\/wp-json\/wp\/v2\/types\/page"}],"author":[{"embeddable":true,"href":"http:\/\/anoverdetajo.es\/deporte\/wp-json\/wp\/v2\/users\/2"}],"replies":[{"embeddable":true,"href":"http:\/\/anoverdetajo.es\/deporte\/wp-json\/wp\/v2\/comments?post=13"}],"version-history":[{"count":21,"href":"http:\/\/anoverdetajo.es\/deporte\/wp-json\/wp\/v2\/pages\/13\/revisions"}],"predecessor-version":[{"id":3946,"href":"http:\/\/anoverdetajo.es\/deporte\/wp-json\/wp\/v2\/pages\/13\/revisions\/3946"}],"wp:attachment":[{"href":"http:\/\/anoverdetajo.es\/deporte\/wp-json\/wp\/v2\/media?parent=13"}],"curies":[{"name":"wp","href":"https:\/\/api.w.org\/{rel}","templated":true}]}}