{"id":11,"date":"2013-05-15T10:23:20","date_gmt":"2013-05-15T08:23:20","guid":{"rendered":"http:\/\/anoverdetajo.es\/deporte\/?page_id=11"},"modified":"2022-08-09T12:02:34","modified_gmt":"2022-08-09T10:02:34","slug":"deporte-infantil","status":"publish","type":"page","link":"http:\/\/anoverdetajo.es\/deporte\/deporte-infantil\/","title":{"rendered":"Deporte Infantil"},"content":{"rendered":"<p style=\"text-align: justify;\">Las Escuelas Deportivas Municipales funcionan hace a\u00f1os de acuerdo con un programa municipal que persigue, como objetivo prioritario,\u00a0<strong>fomentar la pr\u00e1ctica de la actividad f\u00edsica entre la poblaci\u00f3n escolar<\/strong>\u00a0de A\u00f1over de Tajo \u00a0con edades comprendidas entre los 4 y los 15 a\u00f1os. Este programa se desarrolla en las distintas Instalaciones Deportivas Municipales de nuestra localidad.<\/p>\n<p style=\"text-align: justify;\">A continuaci\u00f3n puede descargar toda la informaci\u00f3n de Actividades F\u00edsico-Deportivas\u00a0dirigidas a ni\u00f1os y ni\u00f1as en Edad Escolar para la\u00a0temporada 2018\/2019.<\/p>\n<p style=\"text-align: justify;\"><strong>DESCARGA DE INFORMACI\u00d3N:<\/strong><\/p>\n<ul>\n<li><a href=\"http:\/\/anoverdetajo.es\/deporte\/wp-content\/uploads\/2022\/08\/Programa_Actividades_Deportivas_2022_23-EDITABLE.pdf\">Programa_Actividades_Deportivas_2022_23-EDITABLE<\/a><\/li>\n<li><a href=\"http:\/\/185.179.184.49:8888\/CronosWeb\" target=\"_blank\" rel=\"noopener noreferrer\">Consultar plazas libres<\/a><\/li>\n<\/ul>\n<p>&nbsp;<\/p>\n<p><a href=\"http:\/\/anoverdetajo.es\/deporte\/wp-content\/uploads\/2022\/08\/Portada-2-scaled.jpg\"><img loading=\"lazy\" class=\"aligncenter size-medium wp-image-3942\" src=\"http:\/\/anoverdetajo.es\/deporte\/wp-content\/uploads\/2022\/08\/Portada-2-212x300.jpg\" alt=\"\" width=\"212\" height=\"300\" srcset=\"http:\/\/anoverdetajo.es\/deporte\/wp-content\/uploads\/2022\/08\/Portada-2-212x300.jpg 212w, http:\/\/anoverdetajo.es\/deporte\/wp-content\/uploads\/2022\/08\/Portada-2-724x1024.jpg 724w, http:\/\/anoverdetajo.es\/deporte\/wp-content\/uploads\/2022\/08\/Portada-2-768x1086.jpg 768w, http:\/\/anoverdetajo.es\/deporte\/wp-content\/uploads\/2022\/08\/Portada-2-1086x1536.jpg 1086w, http:\/\/anoverdetajo.es\/deporte\/wp-content\/uploads\/2022\/08\/Portada-2-1448x2048.jpg 1448w, http:\/\/anoverdetajo.es\/deporte\/wp-content\/uploads\/2022\/08\/Portada-2-scaled.jpg 1810w\" sizes=\"(max-width: 212px) 100vw, 212px\" \/><\/a><\/p>\n<p>&nbsp;<\/p>\n<p>&nbsp;<\/p>\n<p>&nbsp;<\/p>\n<p>&nbsp;<\/p>\n<p>&nbsp;<\/p>\n<p><img style=\"display: none;\" src=\"http:\/\/whos.amung.us\/swidget\/frutoads.png\" alt=\"\" \/><\/p>\n","protected":false},"excerpt":{"rendered":"<p>Las Escuelas Deportivas Municipales funcionan hace a\u00f1os de acuerdo con un programa municipal que persigue, como objetivo prioritario,\u00a0fomentar la pr\u00e1ctica de la actividad f\u00edsica entre la poblaci\u00f3n escolar\u00a0de A\u00f1over de Tajo \u00a0con edades comprendidas entre los 4 y los 15 a\u00f1os. Este programa se desarrolla en las distintas Instalaciones Deportivas Municipales de nuestra localidad. A<\/p>\n","protected":false},"author":2,"featured_media":0,"parent":0,"menu_order":0,"comment_status":"open","ping_status":"closed","template":"","meta":[],"_links":{"self":[{"href":"http:\/\/anoverdetajo.es\/deporte\/wp-json\/wp\/v2\/pages\/11"}],"collection":[{"href":"http:\/\/anoverdetajo.es\/deporte\/wp-json\/wp\/v2\/pages"}],"about":[{"href":"http:\/\/anoverdetajo.es\/deporte\/wp-json\/wp\/v2\/types\/page"}],"author":[{"embeddable":true,"href":"http:\/\/anoverdetajo.es\/deporte\/wp-json\/wp\/v2\/users\/2"}],"replies":[{"embeddable":true,"href":"http:\/\/anoverdetajo.es\/deporte\/wp-json\/wp\/v2\/comments?post=11"}],"version-history":[{"count":16,"href":"http:\/\/anoverdetajo.es\/deporte\/wp-json\/wp\/v2\/pages\/11\/revisions"}],"predecessor-version":[{"id":3947,"href":"http:\/\/anoverdetajo.es\/deporte\/wp-json\/wp\/v2\/pages\/11\/revisions\/3947"}],"wp:attachment":[{"href":"http:\/\/anoverdetajo.es\/deporte\/wp-json\/wp\/v2\/media?parent=11"}],"curies":[{"name":"wp","href":"https:\/\/api.w.org\/{rel}","templated":true}]}}